{"id":3233,"date":"2020-12-08T16:31:46","date_gmt":"2020-12-08T22:31:46","guid":{"rendered":"https:\/\/mogylawtn.com\/quienes-somos\/"},"modified":"2025-03-15T04:26:47","modified_gmt":"2025-03-15T10:26:47","slug":"quienes-somos","status":"publish","type":"page","link":"https:\/\/mogylawtn.com\/es\/quienes-somos\/","title":{"rendered":"Qui\u00e9nes somos"},"content":{"rendered":"\t\t<div data-elementor-type=\"wp-page\" data-elementor-id=\"3233\" class=\"elementor elementor-3233 elementor-40\" data-elementor-post-type=\"page\">\n\t\t\t\t\t\t<section class=\"elementor-section elementor-top-section elementor-element elementor-element-c3f9024 elementor-section-full_width elementor-section-height-default elementor-section-height-default\" data-id=\"c3f9024\" data-element_type=\"section\" data-e-type=\"section\">\n\t\t\t\t\t\t<div class=\"elementor-container elementor-column-gap-default\">\n\t\t\t\t\t<div class=\"elementor-column elementor-col-100 elementor-top-column elementor-element elementor-element-31f9c20\" data-id=\"31f9c20\" data-element_type=\"column\" data-e-type=\"column\">\n\t\t\t<div class=\"elementor-widget-wrap elementor-element-populated\">\n\t\t\t\t\t\t<div class=\"elementor-element elementor-element-085323f elementor-widget elementor-widget-template\" data-id=\"085323f\" data-element_type=\"widget\" data-e-type=\"widget\" data-widget_type=\"template.default\">\n\t\t\t\t<div class=\"elementor-widget-container\">\n\t\t\t\t\t\t\t<div class=\"elementor-template\">\n\t\t\t\t\t<div data-elementor-type=\"page\" data-elementor-id=\"3231\" class=\"elementor elementor-3231 elementor-237 elementor-237\" data-elementor-post-type=\"elementor_library\">\n\t\t\t\t\t\t<section class=\"elementor-section elementor-top-section elementor-element elementor-element-40f85b1 elementor-section-full_width elementor-section-height-default elementor-section-height-default\" data-id=\"40f85b1\" data-element_type=\"section\" data-e-type=\"section\">\n\t\t\t\t\t\t<div class=\"elementor-container elementor-column-gap-default\">\n\t\t\t\t\t<div class=\"elementor-column elementor-col-100 elementor-top-column elementor-element elementor-element-a3a0e73\" data-id=\"a3a0e73\" data-element_type=\"column\" data-e-type=\"column\">\n\t\t\t<div class=\"elementor-widget-wrap elementor-element-populated\">\n\t\t\t\t\t\t<div class=\"elementor-element elementor-element-ee9b1a1 elementor-widget elementor-widget-template\" data-id=\"ee9b1a1\" data-element_type=\"widget\" data-e-type=\"widget\" data-widget_type=\"template.default\">\n\t\t\t\t<div class=\"elementor-widget-container\">\n\t\t\t\t\t\t\t<div class=\"elementor-template\">\n\t\t\t\t\t<div data-elementor-type=\"section\" data-elementor-id=\"610\" class=\"elementor elementor-610\" data-elementor-post-type=\"elementor_library\">\n\t\t\t<div class=\"elementor-element elementor-element-8a471d9 e-flex e-con-boxed e-con e-parent\" data-id=\"8a471d9\" data-element_type=\"container\" data-e-type=\"container\" data-settings=\"{&quot;background_background&quot;:&quot;classic&quot;}\">\n\t\t\t\t\t<div class=\"e-con-inner\">\n\t\t\t\t<div class=\"elementor-element elementor-element-3295868 elementor-widget elementor-widget-shortcode\" data-id=\"3295868\" data-element_type=\"widget\" data-e-type=\"widget\" data-widget_type=\"shortcode.default\">\n\t\t\t\t\t\t\t<div class=\"elementor-shortcode\"><h1 class=\"elementor-post__title\">Qui\u00e9nes somos<\/h1><\/div>\n\t\t\t\t\t\t<\/div>\n\t\t\t\t\t<\/div>\n\t\t\t\t<\/div>\n\t\t<div class=\"elementor-element elementor-element-8f2af86 e-flex e-con-boxed e-con e-parent\" data-id=\"8f2af86\" data-element_type=\"container\" data-e-type=\"container\" data-settings=\"{&quot;background_background&quot;:&quot;classic&quot;}\">\n\t\t\t\t\t<div class=\"e-con-inner\">\n\t\t\t\t<div class=\"elementor-element elementor-element-0a8a1da elementor-widget elementor-widget-shortcode\" data-id=\"0a8a1da\" data-element_type=\"widget\" data-e-type=\"widget\" data-widget_type=\"shortcode.default\">\n\t\t\t\t\t\t\t<div class=\"elementor-shortcode\"><nav aria-label=\"breadcrumbs\" class=\"rank-math-breadcrumb\"><p><span class=\"last\">Home<\/span><\/p><\/nav><\/div>\n\t\t\t\t\t\t<\/div>\n\t\t\t\t\t<\/div>\n\t\t\t\t<\/div>\n\t\t\t\t<\/div>\n\t\t\t\t<\/div>\n\t\t\t\t\t\t<\/div>\n\t\t\t\t<\/div>\n\t\t\t\t\t<\/div>\n\t\t<\/div>\n\t\t\t\t\t<\/div>\n\t\t<\/section>\n\t\t<section class=\"elementor-element elementor-element-b9ac8dd e-flex e-con-boxed e-con e-parent\" data-id=\"b9ac8dd\" data-element_type=\"container\" data-e-type=\"container\">\n\t\t\t\t\t<div class=\"e-con-inner\">\n\t\t<div class=\"elementor-element elementor-element-6acb730 e-con-full e-flex e-con e-child\" data-id=\"6acb730\" data-element_type=\"container\" data-e-type=\"container\">\n\t\t<div class=\"elementor-element elementor-element-e82fe07 e-con-full e-flex e-con e-child\" data-id=\"e82fe07\" data-element_type=\"container\" data-e-type=\"container\">\n\t\t<div class=\"elementor-element elementor-element-96665a2 e-con-full e-flex e-con e-child\" data-id=\"96665a2\" data-element_type=\"container\" data-e-type=\"container\">\n\t\t\t\t<div class=\"elementor-element elementor-element-224566b section-heading elementor-widget elementor-widget-heading\" data-id=\"224566b\" data-element_type=\"widget\" data-e-type=\"widget\" data-widget_type=\"heading.default\">\n\t\t\t\t\t<h2 class=\"elementor-heading-title elementor-size-default\">Sobre el bufete Mogy<\/h2>\t\t\t\t<\/div>\n\t\t\t\t<div class=\"elementor-element elementor-element-1bd5598 elementor-widget elementor-widget-heading\" data-id=\"1bd5598\" data-element_type=\"widget\" data-e-type=\"widget\" data-widget_type=\"heading.default\">\n\t\t\t\t\t<div class=\"elementor-heading-title elementor-size-default\">Defensores implacables de tus derechos<\/div>\t\t\t\t<\/div>\n\t\t\t\t<div class=\"elementor-element elementor-element-672883a elementor-widget elementor-widget-text-editor\" data-id=\"672883a\" data-element_type=\"widget\" data-e-type=\"widget\" data-widget_type=\"text-editor.default\">\n\t\t\t\t\t\t\t\t\t<p>En Mogy Law Firm, creemos que hay una forma correcta de ejercer la abogac\u00eda, una que da prioridad a las necesidades de nuestros clientes, a una preparaci\u00f3n minuciosa y a una defensa implacable. Desde el principio de su carrera jur\u00eddica, Eric Mogy se comprometi\u00f3 con esta norma, asegur\u00e1ndose de que cada cliente recibiera una atenci\u00f3n personalizada y un apoyo inquebrantable.<\/p><p>Como despacho peque\u00f1o, ofrecemos un enfoque pr\u00e1ctico, guiando a los clientes a trav\u00e9s del proceso legal con una comunicaci\u00f3n clara y una representaci\u00f3n dedicada. En los casos de lesiones personales, mantenemos los honorarios del abogado en s\u00f3lo el 25% -significativamente m\u00e1s bajos que los t\u00edpicos del 33% al 40%-, para que nuestros clientes puedan retener una mayor parte de la indemnizaci\u00f3n que les corresponde. En defensa penal, hemos defendido con \u00e9xito a clientes frente a los principales fiscales estatales y federales, luchando por los mejores resultados posibles.<\/p><p>Nuestro objetivo principal eres t\u00fa: tus derechos, tu caso y tu futuro.<\/p>\t\t\t\t\t\t\t\t<\/div>\n\t\t\t\t<\/div>\n\t\t<div class=\"elementor-element elementor-element-e71efd4 e-con-full e-flex e-con e-child\" data-id=\"e71efd4\" data-element_type=\"container\" data-e-type=\"container\">\n\t\t\t\t<div class=\"elementor-element elementor-element-dcb48eb elementor-widget elementor-widget-image\" data-id=\"dcb48eb\" data-element_type=\"widget\" data-e-type=\"widget\" data-widget_type=\"image.default\">\n\t\t\t\t\t\t\t\t\t\t\t\t\t\t\t<img fetchpriority=\"high\" decoding=\"async\" width=\"600\" height=\"400\" src=\"https:\/\/mogylawtn.com\/wp-content\/uploads\/2020\/12\/about-us-featured.webp\" class=\"attachment-large size-large wp-image-3099\" alt=\"\" srcset=\"https:\/\/mogylawtn.com\/wp-content\/uploads\/2020\/12\/about-us-featured.webp 600w, https:\/\/mogylawtn.com\/wp-content\/uploads\/2020\/12\/about-us-featured-300x200.webp 300w\" sizes=\"(max-width: 600px) 100vw, 600px\" \/>\t\t\t\t\t\t\t\t\t\t\t\t\t\t\t<\/div>\n\t\t\t\t<\/div>\n\t\t\t\t<\/div>\n\t\t\t\t<\/div>\n\t\t\t\t\t<\/div>\n\t\t\t\t<\/section>\n\t\t<div class=\"elementor-element elementor-element-f9e2f17 e-flex e-con-boxed e-con e-parent\" data-id=\"f9e2f17\" data-element_type=\"container\" data-e-type=\"container\" data-settings=\"{&quot;background_background&quot;:&quot;classic&quot;,&quot;shape_divider_top&quot;:&quot;triangle&quot;}\">\n\t\t\t\t\t<div class=\"e-con-inner\">\n\t\t\t\t<div class=\"elementor-shape elementor-shape-top\" aria-hidden=\"true\" data-negative=\"false\">\n\t\t\t<svg xmlns=\"http:\/\/www.w3.org\/2000\/svg\" viewBox=\"0 0 1000 100\" preserveAspectRatio=\"none\">\n\t<path class=\"elementor-shape-fill\" d=\"M500,98.9L0,6.1V0h1000v6.1L500,98.9z\"\/>\n<\/svg>\t\t<\/div>\n\t\t<div class=\"elementor-element elementor-element-6559fc5 e-con-full e-flex e-con e-child\" data-id=\"6559fc5\" data-element_type=\"container\" data-e-type=\"container\">\n\t\t\t\t<div class=\"elementor-element elementor-element-c896b3c elementor-widget elementor-widget-heading\" data-id=\"c896b3c\" data-element_type=\"widget\" data-e-type=\"widget\" data-widget_type=\"heading.default\">\n\t\t\t\t\t<h2 class=\"elementor-heading-title elementor-size-default\">Comprometidos con tu defensa y recuperaci\u00f3n<\/h2>\t\t\t\t<\/div>\n\t\t\t\t<div class=\"elementor-element elementor-element-3b67bfa elementor-widget elementor-widget-text-editor\" data-id=\"3b67bfa\" data-element_type=\"widget\" data-e-type=\"widget\" data-widget_type=\"text-editor.default\">\n\t\t\t\t\t\t\t\t\t<p>El Bufete Mogy se basa en la pasi\u00f3n por la justicia y la dedicaci\u00f3n a defender los derechos de los acusados y abogar por los perjudicados. Desde la defensa penal hasta los casos de lesiones personales, abordamos cada caso con un compromiso inquebrantable y una representaci\u00f3n estrat\u00e9gica.<\/p><p>Los clientes conf\u00edan en el bufete de abogados Mogy para una defensa legal experta y dedicada. Tanto si te defiendes de cargos por conducir bajo los efectos del alcohol o las drogas como si buscas justicia tras un accidente de tr\u00e1fico, defendemos con firmeza a nuestros clientes. Nuestra prioridad es lograr siempre el mejor resultado posible, manteniendo en primer plano el bienestar a largo plazo de nuestros clientes.<\/p>\t\t\t\t\t\t\t\t<\/div>\n\t\t<div class=\"elementor-element elementor-element-cb18272 e-con-full e-flex e-con e-child\" data-id=\"cb18272\" data-element_type=\"container\" data-e-type=\"container\">\n\t\t<div class=\"elementor-element elementor-element-8619dfd e-con-full e-flex e-con e-child\" data-id=\"8619dfd\" data-element_type=\"container\" data-e-type=\"container\" data-settings=\"{&quot;background_background&quot;:&quot;classic&quot;}\">\n\t\t\t\t<div class=\"elementor-element elementor-element-b4e2353 elementor-widget elementor-widget-image\" data-id=\"b4e2353\" data-element_type=\"widget\" data-e-type=\"widget\" data-widget_type=\"image.default\">\n\t\t\t\t\t\t\t\t\t\t\t\t\t\t\t<img decoding=\"async\" width=\"500\" height=\"334\" src=\"https:\/\/mogylawtn.com\/wp-content\/uploads\/2020\/12\/passionate-about-copy.webp\" class=\"attachment-large size-large wp-image-3111\" alt=\"Passionate About Your Case\" srcset=\"https:\/\/mogylawtn.com\/wp-content\/uploads\/2020\/12\/passionate-about-copy.webp 500w, https:\/\/mogylawtn.com\/wp-content\/uploads\/2020\/12\/passionate-about-copy-300x200.webp 300w\" sizes=\"(max-width: 500px) 100vw, 500px\" \/>\t\t\t\t\t\t\t\t\t\t\t\t\t\t\t<\/div>\n\t\t\t\t<div class=\"elementor-element elementor-element-d6017c3 elementor-widget elementor-widget-heading\" data-id=\"d6017c3\" data-element_type=\"widget\" data-e-type=\"widget\" data-widget_type=\"heading.default\">\n\t\t\t\t\t<h3 class=\"elementor-heading-title elementor-size-default\">Apasionada<\/h3>\t\t\t\t<\/div>\n\t\t\t\t<\/div>\n\t\t<div class=\"elementor-element elementor-element-59ec5f4 e-con-full e-flex e-con e-child\" data-id=\"59ec5f4\" data-element_type=\"container\" data-e-type=\"container\" data-settings=\"{&quot;background_background&quot;:&quot;classic&quot;}\">\n\t\t\t\t<div class=\"elementor-element elementor-element-722544f elementor-widget elementor-widget-image\" data-id=\"722544f\" data-element_type=\"widget\" data-e-type=\"widget\" data-widget_type=\"image.default\">\n\t\t\t\t\t\t\t\t\t\t\t\t\t\t\t<img decoding=\"async\" width=\"500\" height=\"334\" src=\"https:\/\/mogylawtn.com\/wp-content\/uploads\/2020\/12\/dedicated-about-copy.webp\" class=\"attachment-large size-large wp-image-3112\" alt=\"Attorney signing paperwork at a desk next to a scale and stack of books\" srcset=\"https:\/\/mogylawtn.com\/wp-content\/uploads\/2020\/12\/dedicated-about-copy.webp 500w, https:\/\/mogylawtn.com\/wp-content\/uploads\/2020\/12\/dedicated-about-copy-300x200.webp 300w\" sizes=\"(max-width: 500px) 100vw, 500px\" \/>\t\t\t\t\t\t\t\t\t\t\t\t\t\t\t<\/div>\n\t\t\t\t<div class=\"elementor-element elementor-element-a8ef9fe elementor-widget elementor-widget-heading\" data-id=\"a8ef9fe\" data-element_type=\"widget\" data-e-type=\"widget\" data-widget_type=\"heading.default\">\n\t\t\t\t\t<h3 class=\"elementor-heading-title elementor-size-default\">Dedicaci\u00f3n<\/h3>\t\t\t\t<\/div>\n\t\t\t\t<\/div>\n\t\t<div class=\"elementor-element elementor-element-13b7f9d e-con-full e-flex e-con e-child\" data-id=\"13b7f9d\" data-element_type=\"container\" data-e-type=\"container\" data-settings=\"{&quot;background_background&quot;:&quot;classic&quot;}\">\n\t\t\t\t<div class=\"elementor-element elementor-element-7a62fc2 elementor-widget elementor-widget-image\" data-id=\"7a62fc2\" data-element_type=\"widget\" data-e-type=\"widget\" data-widget_type=\"image.default\">\n\t\t\t\t\t\t\t\t\t\t\t\t\t\t\t<img loading=\"lazy\" decoding=\"async\" width=\"500\" height=\"334\" src=\"https:\/\/mogylawtn.com\/wp-content\/uploads\/2020\/12\/experienced-about-copy.webp\" class=\"attachment-large size-large wp-image-3113\" alt=\"man in suit signing paperwork\" srcset=\"https:\/\/mogylawtn.com\/wp-content\/uploads\/2020\/12\/experienced-about-copy.webp 500w, https:\/\/mogylawtn.com\/wp-content\/uploads\/2020\/12\/experienced-about-copy-300x200.webp 300w\" sizes=\"(max-width: 500px) 100vw, 500px\" \/>\t\t\t\t\t\t\t\t\t\t\t\t\t\t\t<\/div>\n\t\t\t\t<div class=\"elementor-element elementor-element-74016c2 elementor-widget elementor-widget-heading\" data-id=\"74016c2\" data-element_type=\"widget\" data-e-type=\"widget\" data-widget_type=\"heading.default\">\n\t\t\t\t\t<h3 class=\"elementor-heading-title elementor-size-default\">Experiencia<\/h3>\t\t\t\t<\/div>\n\t\t\t\t<\/div>\n\t\t\t\t<\/div>\n\t\t\t\t<\/div>\n\t\t\t\t\t<\/div>\n\t\t\t\t<\/div>\n\t\t\t\t<\/div>\n\t\t\t\t<\/div>\n\t\t\t\t\t\t<\/div>\n\t\t\t\t<\/div>\n\t\t\t\t\t<\/div>\n\t\t<\/div>\n\t\t\t\t\t<\/div>\n\t\t<\/section>\n\t\t\t\t<\/div>\n\t\t","protected":false},"excerpt":{"rendered":"","protected":false},"author":22,"featured_media":0,"parent":0,"menu_order":0,"comment_status":"closed","ping_status":"closed","template":"elementor_header_footer","meta":{"_acf_changed":false,"anchor_text":"","footnotes":""},"class_list":["post-3233","page","type-page","status-publish","hentry"],"acf":[],"_links":{"self":[{"href":"https:\/\/mogylawtn.com\/es\/wp-json\/wp\/v2\/pages\/3233","targetHints":{"allow":["GET"]}}],"collection":[{"href":"https:\/\/mogylawtn.com\/es\/wp-json\/wp\/v2\/pages"}],"about":[{"href":"https:\/\/mogylawtn.com\/es\/wp-json\/wp\/v2\/types\/page"}],"author":[{"embeddable":true,"href":"https:\/\/mogylawtn.com\/es\/wp-json\/wp\/v2\/users\/22"}],"replies":[{"embeddable":true,"href":"https:\/\/mogylawtn.com\/es\/wp-json\/wp\/v2\/comments?post=3233"}],"version-history":[{"count":1,"href":"https:\/\/mogylawtn.com\/es\/wp-json\/wp\/v2\/pages\/3233\/revisions"}],"predecessor-version":[{"id":3234,"href":"https:\/\/mogylawtn.com\/es\/wp-json\/wp\/v2\/pages\/3233\/revisions\/3234"}],"wp:attachment":[{"href":"https:\/\/mogylawtn.com\/es\/wp-json\/wp\/v2\/media?parent=3233"}],"curies":[{"name":"wp","href":"https:\/\/api.w.org\/{rel}","templated":true}]}}