{"id":3237,"date":"2025-02-03T15:44:16","date_gmt":"2025-02-03T21:44:16","guid":{"rendered":"https:\/\/mogylawtn.com\/eric-mogy\/"},"modified":"2026-02-11T08:05:07","modified_gmt":"2026-02-11T14:05:07","slug":"eric-mogy","status":"publish","type":"page","link":"https:\/\/mogylawtn.com\/es\/eric-mogy\/","title":{"rendered":"Eric Mogy"},"content":{"rendered":"<h2>Conocimiento y dedicaci\u00f3n<\/h2>\n<h3>Lesiones Personales y Defensa Penal<\/h3>\n<p>Eric Mogy es un comprometido abogado de lesiones personales y defensa criminal que ha perseguido su pasi\u00f3n por la justicia desde una edad temprana. Su carrera se basa en abogar incansablemente por los necesitados, ya sea defendiendo a los acusados en causas penales o luchando por los derechos de los perjudicados en asuntos civiles.<\/p>\n<p>Conocido por su inquebrantable dedicaci\u00f3n y profundos conocimientos jur\u00eddicos, Eric se enorgullece de ofrecer a sus clientes una representaci\u00f3n s\u00f3lida y orientada a los resultados. Tanto si se trata de un caso de resbal\u00f3n y ca\u00edda como si se busca una indemnizaci\u00f3n para las v\u00edctimas de accidentes de tr\u00e1fico, se centra en garantizar el mejor resultado posible, dando prioridad al bienestar a largo plazo de sus clientes.<\/p>\n<p>Los clientes de Eric valoran su compromiso, experiencia y defensa implacable, confiando en \u00e9l para estar a su lado a trav\u00e9s de cada desaf\u00edo legal que enfrentan.<\/p>\n","protected":false},"excerpt":{"rendered":"<p>Conocimiento y dedicaci\u00f3n Lesiones Personales y Defensa Penal Eric Mogy es un comprometido abogado de lesiones personales y defensa criminal que ha perseguido su pasi\u00f3n por la justicia desde una edad temprana. Su carrera se basa en abogar incansablemente por los necesitados, ya sea defendiendo a los acusados en causas penales o luchando por los [&hellip;]<\/p>\n","protected":false},"author":22,"featured_media":3096,"parent":0,"menu_order":0,"comment_status":"closed","ping_status":"closed","template":"","meta":{"_acf_changed":false,"anchor_text":"","footnotes":""},"class_list":["post-3237","page","type-page","status-publish","has-post-thumbnail","hentry"],"acf":[],"_links":{"self":[{"href":"https:\/\/mogylawtn.com\/es\/wp-json\/wp\/v2\/pages\/3237","targetHints":{"allow":["GET"]}}],"collection":[{"href":"https:\/\/mogylawtn.com\/es\/wp-json\/wp\/v2\/pages"}],"about":[{"href":"https:\/\/mogylawtn.com\/es\/wp-json\/wp\/v2\/types\/page"}],"author":[{"embeddable":true,"href":"https:\/\/mogylawtn.com\/es\/wp-json\/wp\/v2\/users\/22"}],"replies":[{"embeddable":true,"href":"https:\/\/mogylawtn.com\/es\/wp-json\/wp\/v2\/comments?post=3237"}],"version-history":[{"count":1,"href":"https:\/\/mogylawtn.com\/es\/wp-json\/wp\/v2\/pages\/3237\/revisions"}],"predecessor-version":[{"id":3240,"href":"https:\/\/mogylawtn.com\/es\/wp-json\/wp\/v2\/pages\/3237\/revisions\/3240"}],"wp:featuredmedia":[{"embeddable":true,"href":"https:\/\/mogylawtn.com\/es\/wp-json\/wp\/v2\/media\/3096"}],"wp:attachment":[{"href":"https:\/\/mogylawtn.com\/es\/wp-json\/wp\/v2\/media?parent=3237"}],"curies":[{"name":"wp","href":"https:\/\/api.w.org\/{rel}","templated":true}]}}