{"id":3238,"date":"2025-03-10T08:08:13","date_gmt":"2025-03-10T14:08:13","guid":{"rendered":"https:\/\/mogylawtn.com\/james-r-davis\/"},"modified":"2025-03-15T04:40:41","modified_gmt":"2025-03-15T10:40:41","slug":"james-r-davis","status":"publish","type":"page","link":"https:\/\/mogylawtn.com\/es\/james-r-davis\/","title":{"rendered":"James R. Davis"},"content":{"rendered":"<p>El abogado James R. Davis, un distinguido nativo de Memphis y graduado de la <a href=\"https:\/\/www.memphis.edu\/law\/\" target=\"_blank\" rel=\"noopener\">Universidad de Memphis Cecil C. Humphreys School of Law<\/a>, comenz\u00f3 su ilustre carrera legal en una prominente firma de lesiones personales. All\u00ed recuper\u00f3 con \u00e9xito millones para sus clientes mediante acuerdos y sentencias.<\/p>\n<p>Con una amplia experiencia en litigios, el abogado Davis ha llevado casos tanto a nivel estatal como federal. Est\u00e1 autorizado para ejercer la abogac\u00eda en Tennessee y Arkansas. Apasionado por la defensa de los necesitados, el abogado Davis fund\u00f3 recientemente el Bufete de Abogados JRD, donde se centra principalmente en lesiones personales y casos penales.<\/p>\n<p>En reconocimiento a su excepcional destreza legal, el abogado Davis fue seleccionado como Rising Star para 2022-24, un honor otorgado a un selecto grupo de abogados consumados en cada estado. Esta prestigiosa designaci\u00f3n refleja el reconocimiento de los compa\u00f1eros, los logros profesionales y otros factores significativos.<\/p>\n<p>El compromiso del abogado Davis con sus clientes es evidente en su enfoque meticuloso de cada caso y su dedicaci\u00f3n inquebrantable para lograr los mejores resultados posibles. Su experiencia abarca una amplia gama de asuntos jur\u00eddicos, y su reputaci\u00f3n de excelencia es bien merecida.<\/p>\n","protected":false},"excerpt":{"rendered":"<p>El abogado James R. Davis, un distinguido nativo de Memphis y graduado de la Universidad de Memphis Cecil C. Humphreys School of Law, comenz\u00f3 su ilustre carrera legal en una prominente firma de lesiones personales. All\u00ed recuper\u00f3 con \u00e9xito millones para sus clientes mediante acuerdos y sentencias. Con una amplia experiencia en litigios, el abogado [&hellip;]<\/p>\n","protected":false},"author":22,"featured_media":3218,"parent":0,"menu_order":0,"comment_status":"closed","ping_status":"closed","template":"","meta":{"_acf_changed":false,"anchor_text":"","footnotes":""},"class_list":["post-3238","page","type-page","status-publish","has-post-thumbnail","hentry"],"acf":[],"_links":{"self":[{"href":"https:\/\/mogylawtn.com\/es\/wp-json\/wp\/v2\/pages\/3238","targetHints":{"allow":["GET"]}}],"collection":[{"href":"https:\/\/mogylawtn.com\/es\/wp-json\/wp\/v2\/pages"}],"about":[{"href":"https:\/\/mogylawtn.com\/es\/wp-json\/wp\/v2\/types\/page"}],"author":[{"embeddable":true,"href":"https:\/\/mogylawtn.com\/es\/wp-json\/wp\/v2\/users\/22"}],"replies":[{"embeddable":true,"href":"https:\/\/mogylawtn.com\/es\/wp-json\/wp\/v2\/comments?post=3238"}],"version-history":[{"count":1,"href":"https:\/\/mogylawtn.com\/es\/wp-json\/wp\/v2\/pages\/3238\/revisions"}],"predecessor-version":[{"id":3242,"href":"https:\/\/mogylawtn.com\/es\/wp-json\/wp\/v2\/pages\/3238\/revisions\/3242"}],"wp:featuredmedia":[{"embeddable":true,"href":"https:\/\/mogylawtn.com\/es\/wp-json\/wp\/v2\/media\/3218"}],"wp:attachment":[{"href":"https:\/\/mogylawtn.com\/es\/wp-json\/wp\/v2\/media?parent=3238"}],"curies":[{"name":"wp","href":"https:\/\/api.w.org\/{rel}","templated":true}]}}