{"id":3239,"date":"2025-03-05T13:25:31","date_gmt":"2025-03-05T18:25:31","guid":{"rendered":"https:\/\/mogylawtn.com\/dominique-mckinnie\/"},"modified":"2026-04-15T08:27:39","modified_gmt":"2026-04-15T12:27:39","slug":"dominique-mckinnie","status":"publish","type":"page","link":"https:\/\/mogylawtn.com\/es\/dominique-mckinnie\/","title":{"rendered":"Dominique McKinnie"},"content":{"rendered":"<p>La abogada Dominique McKinnie reside en Memphis, Tennessee, y se especializa en lesiones personales, derecho mercantil y relaciones gubernamentales. Nacido y criado en Memphis, el abogado McKinnie desarrollado un profundo conocimiento de la comunidad local y sus necesidades legales, que ha dado forma a su enfoque para proporcionar representaci\u00f3n legal de alta calidad.<\/p>\n<p>Orgulloso antiguo alumno de la <a href=\"https:\/\/www.memphis.edu\/\" target=\"_blank\" rel=\"noopener\">Universidad de Memphis<\/a>, el abogado McKinnie obtuvo una licenciatura mientras formaba parte del prestigioso programa Emerging Leader Scholarship. Este reconocimiento puso de relieve su potencial de liderazgo y su compromiso con la excelencia desde una fase temprana. La abogada McKinnie ampli\u00f3 su formaci\u00f3n jur\u00eddica en la Facultad de <a href=\"https:\/\/www.memphis.edu\/law\/\" target=\"_blank\" rel=\"noopener\">Derecho Cecil C. Humphreys<\/a>, donde perfeccion\u00f3 sus habilidades y solidific\u00f3 su pasi\u00f3n por la justicia.<\/p>\n<p>Adem\u00e1s de su formaci\u00f3n jur\u00eddica, la abogada McKinnie cuenta con una valiosa experiencia en relaciones gubernamentales, ya que trabaj\u00f3 durante seis a\u00f1os a las \u00f3rdenes del alcalde del condado, Lee Harris. Esta funci\u00f3n le proporcion\u00f3 una visi\u00f3n \u00fanica de los entresijos de la administraci\u00f3n local y las pol\u00edticas p\u00fablicas, lo que mejora a\u00fan m\u00e1s su capacidad para abordar asuntos jur\u00eddicos complejos que se entrecruzan con los procesos gubernamentales.<\/p>\n<p>Fuera de su vida profesional, la abogada McKinnie est\u00e1 casada con Jeremy McKinnie, y juntos son miembros activos de la Iglesia de la Vida Divina, donde contribuyen a la comunidad y comparten un compromiso de fe y servicio.<\/p>\n<p>Con a\u00f1os de experiencia tanto en lesiones personales, derecho de los negocios, y las relaciones gubernamentales Abogado McKinnie ofrece a los clientes reflexivo, orientado a los resultados de asesoramiento jur\u00eddico. Ya sea ayudando a las personas a navegar por las complejidades de las demandas por lesiones personales, asesorando a las empresas en asuntos legales, o navegar por las relaciones gubernamentales, la abogada McKinnie es conocida por su dedicaci\u00f3n a la consecuci\u00f3n de resultados favorables a trav\u00e9s de la representaci\u00f3n estrat\u00e9gica y emp\u00e1tica.<\/p>\n","protected":false},"excerpt":{"rendered":"<p>La abogada Dominique McKinnie reside en Memphis, Tennessee, y se especializa en lesiones personales, derecho mercantil y relaciones gubernamentales. Nacido y criado en Memphis, el abogado McKinnie desarrollado un profundo conocimiento de la comunidad local y sus necesidades legales, que ha dado forma a su enfoque para proporcionar representaci\u00f3n legal de alta calidad. Orgulloso antiguo [&hellip;]<\/p>\n","protected":false},"author":22,"featured_media":3212,"parent":0,"menu_order":0,"comment_status":"closed","ping_status":"closed","template":"","meta":{"_acf_changed":false,"anchor_text":"","footnotes":""},"class_list":["post-3239","page","type-page","status-publish","has-post-thumbnail","hentry"],"acf":[],"_links":{"self":[{"href":"https:\/\/mogylawtn.com\/es\/wp-json\/wp\/v2\/pages\/3239","targetHints":{"allow":["GET"]}}],"collection":[{"href":"https:\/\/mogylawtn.com\/es\/wp-json\/wp\/v2\/pages"}],"about":[{"href":"https:\/\/mogylawtn.com\/es\/wp-json\/wp\/v2\/types\/page"}],"author":[{"embeddable":true,"href":"https:\/\/mogylawtn.com\/es\/wp-json\/wp\/v2\/users\/22"}],"replies":[{"embeddable":true,"href":"https:\/\/mogylawtn.com\/es\/wp-json\/wp\/v2\/comments?post=3239"}],"version-history":[{"count":1,"href":"https:\/\/mogylawtn.com\/es\/wp-json\/wp\/v2\/pages\/3239\/revisions"}],"predecessor-version":[{"id":3241,"href":"https:\/\/mogylawtn.com\/es\/wp-json\/wp\/v2\/pages\/3239\/revisions\/3241"}],"wp:featuredmedia":[{"embeddable":true,"href":"https:\/\/mogylawtn.com\/es\/wp-json\/wp\/v2\/media\/3212"}],"wp:attachment":[{"href":"https:\/\/mogylawtn.com\/es\/wp-json\/wp\/v2\/media?parent=3239"}],"curies":[{"name":"wp","href":"https:\/\/api.w.org\/{rel}","templated":true}]}}