{"id":3278,"date":"2025-02-05T17:44:19","date_gmt":"2025-02-05T23:44:19","guid":{"rendered":"https:\/\/mogylawtn.com\/abogado-penalista\/abogado-defensor-de-delitos-de-drogas\/"},"modified":"2025-03-17T02:28:10","modified_gmt":"2025-03-17T08:28:10","slug":"abogado-defensor-de-delitos-de-drogas","status":"publish","type":"page","link":"https:\/\/mogylawtn.com\/es\/abogado-penalista\/abogado-defensor-de-delitos-de-drogas\/","title":{"rendered":"Abogado defensor de delitos de drogas"},"content":{"rendered":"<h2>Defensa Integral Contra Cargos de Drogas en Tennessee<\/h2>\n<p>En Mogy Law Firm, proporcionamos defensa criminal agresiva para individuos que enfrentan delitos de drogas en Tennessee. Una condena por delitos de drogas puede conducir a duras penas, incluyendo fuertes multas, cargos por delitos graves, y un registro de antecedentes penales duradera. Si usted es acusado de posesi\u00f3n de drogas, tr\u00e1fico o fabricaci\u00f3n, nuestros abogados de defensa criminal experimentados luchar\u00e1n por sus derechos. Analizamos cada detalle de su caso, desde registros ilegales hasta posibles violaciones de la Cuarta Enmienda, con el objetivo de conseguir que se desestimen o reduzcan los cargos. No se enfrente a los delitos de drogas solo, p\u00f3ngase en contacto con nosotros hoy para una consulta gratuita y empezar a construir su estrategia de defensa criminal.<\/p>\n<h2>Entender los delitos de drogas y sus consecuencias<\/h2>\n<p>Enfrentar un cargo de drogas en Tennessee puede ser abrumador. Las apuestas son altas, y las consecuencias pueden ser graves. Si usted est\u00e1 tratando con un cargo de posesi\u00f3n de drogas, tr\u00e1fico de drogas, o delitos de fabricaci\u00f3n, tener un abogado dedicado a delitos de drogas a su lado es crucial. En Mogy Law Firm, entendemos las complejidades de las leyes de drogas de Tennessee y estamos comprometidos a proporcionar una fuerte defensa para nuestros clientes.<\/p>\n<h3>\u00bfQu\u00e9 constituye un delito de drogas en Tennessee?<\/h3>\n<p>Los delitos de drogas en Tennessee abarcan una amplia gama de delitos, incluyendo la posesion de sustancias controladas, distribucion y trafico. Cada tipo de cargo conlleva su propio conjunto de sanciones, que pueden incluir fuertes multas, servicio comunitario, e incluso tiempo en la carcel. Una condena por delito de drogas puede dar lugar a antecedentes penales, que afectan a sus oportunidades futuras, las perspectivas de empleo, y la vida personal.<\/p>\n<p>Nuestro experimentado equipo analizar\u00e1 a fondo su caso, explorando todas las posibles defensas. Investigaremos las circunstancias que rodearon su arresto, incluyendo si los agentes del orden llevaron a cabo un registro ilegal. Si sus derechos fueron violados, podemos impugnar las pruebas obtenidas en su contra. Adem\u00e1s, si usted fue acusado de posesi\u00f3n, vamos a evaluar si usted ten\u00eda una receta v\u00e1lida o carec\u00eda de intenci\u00f3n de distribuir.<\/p>\n<h3>Delitos comunes de drogas y su impacto<\/h3>\n<p>Entender las penas asociadas con los delitos de drogas y las condenas por delitos de drogas es esencial. La posesi\u00f3n de ciertas sustancias puede conducir a consecuencias graves, incluyendo condenas por delitos graves. Nuestros abogados estan bien versados en las diferentes listas de drogas y sus implicaciones, asegurando que usted este informado sobre los posibles resultados de su caso.<\/p>\n<p>Escoger a Mogy Law Firm significa asegurar un equipo que prioriza sus necesidades. Ofrecemos tarifas competitivas y un enfoque centrado en el cliente, asegurando que usted reciba atenci\u00f3n personalizada a lo largo de su viaje legal. No enfrente cargos de drogas solo. P\u00f3ngase en contacto con nuestro abogado de delitos de drogas Nashville hoy para una consulta gratuita y evaluaci\u00f3n de su caso. Perm\u00edtanos ayudarle a navegar esta situaci\u00f3n dif\u00edcil y trabajar hacia un resultado favorable.<\/p>\n<h2><img fetchpriority=\"high\" decoding=\"async\" class=\"alignnone wp-image-2668 size-full\" style=\"font-family: -apple-system, BlinkMacSystemFont, 'Segoe UI', Roboto, 'Helvetica Neue', Arial, 'Noto Sans', sans-serif, 'Apple Color Emoji', 'Segoe UI Emoji', 'Segoe UI Symbol', 'Noto Color Emoji'; font-size: 16px;\" src=\"https:\/\/mogylawtn.com\/wp-content\/uploads\/2025\/02\/drug-possession-penalties-in-tennessee-laws.jpg\" alt=\"Illustration of law enforcement officers conducting an illegal search related to drug crimes in Nashville, focusing on the potential consequences of drug manufacturing and drug offenses.\" width=\"500\" height=\"334\" srcset=\"https:\/\/mogylawtn.com\/wp-content\/uploads\/2025\/02\/drug-possession-penalties-in-tennessee-laws.jpg 500w, https:\/\/mogylawtn.com\/wp-content\/uploads\/2025\/02\/drug-possession-penalties-in-tennessee-laws-300x200.jpg 300w\" sizes=\"(max-width: 500px) 100vw, 500px\" \/><\/h2>\n<h2>Navegando por las Leyes de Drogas de Tennessee<\/h2>\n<p>Entender las leyes de drogas de Tennessee es crucial si se enfrenta a cargos de drogas. El estado tiene regulaciones espec\u00edficas que categorizan varias sustancias controladas y delinean las penas asociadas con delitos de drogas. Navegar por estas leyes puede ser complejo, especialmente cuando se trata de acusaciones graves relacionadas con delitos de drogas en Nashville.<\/p>\n<h3>Listas de drogas y sus implicaciones<\/h3>\n<p>Tennessee clasifica las drogas en listas basadas en su potencial de abuso y uso m\u00e9dico aceptado. Las drogas de la Lista I, como la hero\u00edna y el LSD, tienen el mayor potencial de abuso y ning\u00fan uso m\u00e9dico aceptado. Por otro lado, las drogas de la Lista II, como los opioides recetados, tienen aplicaciones m\u00e9dicas aceptadas, pero a\u00fan conllevan un alto riesgo de adicci\u00f3n. La clasificaci\u00f3n de la sustancia involucrada en su caso juega un papel importante en las penas potenciales que puede enfrentar, especialmente en casos de fabricaci\u00f3n de drogas.<\/p>\n<h3>Penalidades por Posesi\u00f3n y Distribuci\u00f3n de Drogas<\/h3>\n<p>Las penalidades por posesi\u00f3n y distribuci\u00f3n de drogas var\u00edan significativamente. Por la simple posesion de una sustancia controlada, usted puede enfrentar cargos de delito menor, que puede conducir a multas y hasta un ano en la carcel. Sin embargo, si se le acusa de distribuir drogas, las consecuencias pueden aumentar rapidamente. Dependiendo de la cantidad y el tipo de droga, usted podr\u00eda enfrentarse a cargos de delito grave, que puede resultar en tiempo de prisi\u00f3n sustancial y fuertes multas.<\/p>\n<p>Es esencial entender que incluso los delitos menores de drogas pueden conducir a graves consecuencias, incluyendo antecedentes penales que podr\u00edan afectar su futuro. Si usted se encuentra enredado en un caso de delito de drogas, tener un abogado con experiencia en delitos de drogas a su lado puede hacer una diferencia significativa. Ellos pueden ayudarle a navegar por las complejidades de las leyes de drogas de Tennessee y trabajar hacia un resultado favorable en su caso.<\/p>\n<h2>Elaboraci\u00f3n de una estrategia de defensa fuerte<\/h2>\n<p>Cuando se enfrentan a cargos de drogas en Tennessee, la contrataci\u00f3n de un abogado de defensa criminal con experiencia es crucial para la elaboraci\u00f3n de una estrategia de defensa fuerte. En Mogy Law Firm, entendemos las complejidades involucradas en los casos de delitos de drogas y estamos comprometidos a construir una defensa robusta adaptada a su situaci\u00f3n \u00fanica.<\/p>\n<h3>Posibles defensas contra cargos de drogas<\/h3>\n<p>Aqu\u00ed est\u00e1n algunas posibles defensas que podemos emplear:<\/p>\n<h4>Registro e incautaci\u00f3n ilegales<\/h4>\n<p>Si los agentes del orden llevaron a cabo un registro ilegal, cualquier prueba obtenida puede ser inadmisible en el tribunal. Examinaremos las circunstancias de su arresto para determinar si sus derechos de la Cuarta Enmienda fueron violados. Si encontramos evidencia de una b\u00fasqueda ilegal, podemos presentar una moci\u00f3n para suprimir esa evidencia, potencialmente conduciendo a una desestimaci\u00f3n de los cargos.<\/p>\n<h4>Falta de Intencion de Distribuir o Vender<\/h4>\n<p>En muchos casos de drogas, la fiscalia debe probar que usted tenia la intencion de distribuir o vender sustancias controladas. Si usted estaba simplemente en posesion de drogas para uso personal, podemos argumentar que no habia intencion de distribuir. Esta defensa puede reducir significativamente la severidad de los cargos o conducir a un resultado favorable.<\/p>\n<h4>Defensa de Prescripci\u00f3n V\u00e1lida<\/h4>\n<p>Si usted fue acusado de posesi\u00f3n de medicamentos recetados, tener una prescripci\u00f3n v\u00e1lida es una defensa fuerte. Reuniremos documentaci\u00f3n para demostrar que a usted se le recet\u00f3 legalmente el medicamento. Esta evidencia puede ayudar a protegerlo de serias penalidades asociadas con cargos de posesi\u00f3n de drogas.<\/p>\n<p>Cada caso de delito de drogas es \u00fanico, y la estrategia de defensa correcta puede hacer toda la diferencia. Mogy Law Firm esta aqui para ayudarle a navegar el sistema legal y luchar por sus derechos. Nuestro equipo experimentado trabajar\u00e1 incansablemente para desarrollar una defensa que se adapte a sus circunstancias espec\u00edficas. No dude en ponerse en contacto para una consulta gratuita para discutir su caso y explorar sus opciones legales.<\/p>\n<h2><img decoding=\"async\" class=\"alignnone wp-image-2669 size-full\" style=\"font-family: -apple-system, BlinkMacSystemFont, 'Segoe UI', Roboto, 'Helvetica Neue', Arial, 'Noto Sans', sans-serif, 'Apple Color Emoji', 'Segoe UI Emoji', 'Segoe UI Symbol', 'Noto Color Emoji'; font-size: 16px;\" src=\"https:\/\/mogylawtn.com\/wp-content\/uploads\/2025\/02\/Nashville-drug-crime-attorney-experienced-defender.jpg\" alt=\"drug crimes defense attorney, Law enforcement officers in a vehicle related to a drug crime case in Nashville, highlighting the potential consequences of drug offenses and drug manufacturing.\" width=\"500\" height=\"334\" srcset=\"https:\/\/mogylawtn.com\/wp-content\/uploads\/2025\/02\/Nashville-drug-crime-attorney-experienced-defender.jpg 500w, https:\/\/mogylawtn.com\/wp-content\/uploads\/2025\/02\/Nashville-drug-crime-attorney-experienced-defender-300x200.jpg 300w\" sizes=\"(max-width: 500px) 100vw, 500px\" \/><\/h2>\n<h2>\u00bfPor qu\u00e9 elegir Mogy Law Firm para su defensa de delitos de drogas?<\/h2>\n<p>Cuando se enfrenta a cargos de drogas, la selecci\u00f3n de la derecha Nashville delito de drogas abogado es crucial. En Mogy Law Firm, entendemos el impacto severo que una condena por drogas puede tener en su vida. Nuestros experimentados abogados de defensa criminal est\u00e1n dedicados a proporcionarle una defensa s\u00f3lida contra cualquier delito de drogas, ya sea que involucre posesi\u00f3n, distribuci\u00f3n o fabricaci\u00f3n.<\/p>\n<h3>Enfoque centrado en el cliente y tarifas competitivas<\/h3>\n<p>Nuestra firma se destaca por su enfoque centrado en el cliente. Damos prioridad a sus necesidades y preocupaciones, asegurando que se sienta apoyado durante todo el proceso legal. Nos tomamos el tiempo para escuchar su historia, evaluar los detalles de su caso, y desarrollar una estrategia de defensa a medida que se alinea con su situaci\u00f3n \u00fanica.<\/p>\n<p>Adem\u00e1s, ofrecemos tarifas competitivas, haciendo accesible una representaci\u00f3n legal de calidad. Nuestro compromiso con la transparencia significa que usted no encontrar\u00e1 cargos ocultos o costos inesperados. Usted puede confiar en que vamos a luchar incansablemente para lograr el mejor resultado posible para su caso.<\/p>\n<h3>Abogados con experiencia en defensa penal<\/h3>\n<p>Elegir Mogy Law Firm significa asociarse con abogados de delitos de drogas de Nashville que tienen un historial probado en la defensa de delitos de drogas. Aprovechamos nuestro amplio conocimiento de las leyes de drogas de Tennessee para desafiar el caso de la fiscal\u00eda. Desde identificar defensas potenciales hasta cuestionar la legalidad de las b\u00fasquedas, estamos preparados para navegar las complejidades de su situaci\u00f3n.<\/p>\n<p>En estos tiempos dif\u00edciles, tener un abogado de delitos de drogas dedicado a su lado puede hacer toda la diferencia. Permitanos ayudarle a asegurar su futuro y proteger sus derechos. P\u00f3ngase en contacto con Mogy Law Firm hoy para una consulta gratuita y evaluaci\u00f3n de su caso. Su defensa comienza aqu\u00ed.<\/p>\n<h2>Asegure su futuro con Mogy Law Firm<\/h2>\n<p>Cuando se enfrenta a cargos de drogas, su futuro pende de un hilo. En Mogy Law Firm, entendemos la gravedad de estas situaciones. Nuestros experimentados abogados de defensa criminal est\u00e1n comprometidos a proporcionarle una estrategia de defensa robusta adaptada a sus circunstancias \u00fanicas.<\/p>\n<h3>Consulta gratuita y evaluaci\u00f3n del caso<\/h3>\n<p>Ofrecemos una consulta gratuita para discutir su caso en detalle. Durante esta reuni\u00f3n inicial, vamos a evaluar su situaci\u00f3n, explicar sus opciones legales, y esbozar las posibles defensas disponibles para usted. Si usted est\u00e1 tratando con la posesi\u00f3n de drogas, el tr\u00e1fico, o cualquier otro cargo relacionado, nuestro equipo est\u00e1 aqu\u00ed para ayudar.<\/p>\n<h3>P\u00f3ngase en contacto con nuestro abogado de delitos de drogas Nashville hoy<\/h3>\n<p>Nuestro abogado de delitos de drogas Nashville se tomar\u00e1 el tiempo para escuchar su historia y entender los detalles de su caso. Creemos que cada detalle es importante. A partir de ah\u00ed, podemos formular una defensa integral destinada a lograr el mejor resultado posible para usted.<\/p>\n<p>No deje su futuro al azar. P\u00f3ngase en contacto con Mogy Law Firm hoy para una evaluaci\u00f3n gratuita de su caso. Perm\u00edtanos ser su defensor en la navegaci\u00f3n de las complejidades de las leyes de drogas en Tennessee.<\/p>\n<p>Sus derechos y su libertad son nuestra prioridad <a href=\"tel:+14143345472\"><i class=\"fa fa-phone-alt\"><\/i>(414) 334-5472<\/a>.<\/p>\n","protected":false},"excerpt":{"rendered":"<p>Defensa Integral Contra Cargos de Drogas en Tennessee En Mogy Law Firm, proporcionamos defensa criminal agresiva para individuos que enfrentan delitos de drogas en Tennessee. Una condena por delitos de drogas puede conducir a duras penas, incluyendo fuertes multas, cargos por delitos graves, y un registro de antecedentes penales duradera. Si usted es acusado de [&hellip;]<\/p>\n","protected":false},"author":22,"featured_media":3143,"parent":3275,"menu_order":0,"comment_status":"closed","ping_status":"closed","template":"","meta":{"_acf_changed":false,"anchor_text":"","footnotes":""},"class_list":["post-3278","page","type-page","status-publish","has-post-thumbnail","hentry"],"acf":[],"_links":{"self":[{"href":"https:\/\/mogylawtn.com\/es\/wp-json\/wp\/v2\/pages\/3278","targetHints":{"allow":["GET"]}}],"collection":[{"href":"https:\/\/mogylawtn.com\/es\/wp-json\/wp\/v2\/pages"}],"about":[{"href":"https:\/\/mogylawtn.com\/es\/wp-json\/wp\/v2\/types\/page"}],"author":[{"embeddable":true,"href":"https:\/\/mogylawtn.com\/es\/wp-json\/wp\/v2\/users\/22"}],"replies":[{"embeddable":true,"href":"https:\/\/mogylawtn.com\/es\/wp-json\/wp\/v2\/comments?post=3278"}],"version-history":[{"count":2,"href":"https:\/\/mogylawtn.com\/es\/wp-json\/wp\/v2\/pages\/3278\/revisions"}],"predecessor-version":[{"id":3280,"href":"https:\/\/mogylawtn.com\/es\/wp-json\/wp\/v2\/pages\/3278\/revisions\/3280"}],"up":[{"embeddable":true,"href":"https:\/\/mogylawtn.com\/es\/wp-json\/wp\/v2\/pages\/3275"}],"wp:featuredmedia":[{"embeddable":true,"href":"https:\/\/mogylawtn.com\/es\/wp-json\/wp\/v2\/media\/3143"}],"wp:attachment":[{"href":"https:\/\/mogylawtn.com\/es\/wp-json\/wp\/v2\/media?parent=3278"}],"curies":[{"name":"wp","href":"https:\/\/api.w.org\/{rel}","templated":true}]}}