{"id":3284,"date":"2025-02-05T17:46:06","date_gmt":"2025-02-05T23:46:06","guid":{"rendered":"https:\/\/mogylawtn.com\/abogado-penalista\/abogado-defensor-de-delitos-violentos\/"},"modified":"2025-03-17T02:46:23","modified_gmt":"2025-03-17T08:46:23","slug":"abogado-defensor-de-delitos-violentos","status":"publish","type":"page","link":"https:\/\/mogylawtn.com\/es\/abogado-penalista\/abogado-defensor-de-delitos-violentos\/","title":{"rendered":"Abogado defensor de delitos violentos"},"content":{"rendered":"<h2>Defensa Integral por Cargos de Delitos Violentos en Tennessee<\/h2>\n<p>Cuando se enfrentan a cargos por delitos violentos en Tennessee, tener un abogado de defensa criminal de Memphis es crucial. Cr\u00edmenes violentos pueden abarcar una gama de delitos, incluyendo asalto agravado, homicidio voluntario y otros incidentes de lesiones corporales graves. Las implicaciones de estos cargos pueden ser graves, a menudo resulta en largas penas de prisi\u00f3n, multas elevadas, y los impactos duraderos en su vida personal y profesional.<\/p>\n<p>En Mogy Law Firm, entendemos las complejidades que rodean los casos de delitos violentos. Nuestro abogado de crimen violento de Memphis se compromete a proporcionar una defensa robusta adaptada a sus circunstancias \u00fanicas. Nos enfocamos en construir un caso fuerte que considere todos los aspectos, desde los detalles espec\u00edficos del incidente hasta la evidencia circundante para ayudarle a evitar una condena penal.<\/p>\n<p><img fetchpriority=\"high\" decoding=\"async\" class=\"alignnone size-full wp-image-2691\" src=\"https:\/\/mogylawtn.com\/wp-content\/uploads\/2025\/02\/violent-crime-lawyer.webp\" alt=\"A violent crime lawyer discusses the details of the case with their client in an orderly law office setting.\" width=\"600\" height=\"400\" srcset=\"https:\/\/mogylawtn.com\/wp-content\/uploads\/2025\/02\/violent-crime-lawyer.webp 600w, https:\/\/mogylawtn.com\/wp-content\/uploads\/2025\/02\/violent-crime-lawyer-300x200.webp 300w\" sizes=\"(max-width: 600px) 100vw, 600px\" \/><\/p>\n<h2>C\u00f3mo puede ayudarle un abogado penalista<\/h2>\n<p>Reconocemos que cada caso es diferente. Nuestro enfoque implica un examen exhaustivo de los hechos, asegurando que identificamos cualquier debilidad potencial en el argumento de la fiscal\u00eda para los clientes que enfrentan cargos criminales. Esto puede incluir el escrutinio de las declaraciones de testigos, informes policiales, y cualquier evidencia f\u00edsica presentada en su contra.<\/p>\n<p>Nuestro equipo legal se dedica a proteger sus derechos y luchar por un resultado favorable. Si usted es acusado de un delito grave o se enfrentan a cargos penales graves, vamos a trabajar sin descanso para desarrollar una estrategia de defensa eficaz. Damos prioridad a su bienestar y tranquilidad, asegur\u00e1ndonos de que est\u00e9 bien informado en cada etapa del proceso.<\/p>\n<p>Si usted o un ser querido est\u00e1 lidiando con acusaciones de delitos penales, no dude en ponerse en contacto con un abogado defensor. P\u00f3ngase en contacto con Mogy Law Firm hoy para una consulta inicial gratuita. Perm\u00edtanos ayudarle a navegar este momento dif\u00edcil con confianza y claridad.<\/p>\n<h2>\u00bfPor qu\u00e9 elegir Mogy Law Firm para su defensa?<\/h2>\n<p>Cuando se enfrenta a cargos por cr\u00edmenes violentos, la selecci\u00f3n de la representaci\u00f3n legal adecuada es crucial. En nuestro bufete de abogados, ofrecemos una defensa penal adaptada a sus circunstancias \u00fanicas. Tal vez usted estaba actuando en defensa propia, o la fiscal\u00eda est\u00e1 tergiversando los hechos del caso. Nuestros abogados de crimen violento de Memphis traen una riqueza de experiencia a cada caso, asegurando que usted reciba el nivel m\u00e1s alto de apoyo legal.<\/p>\n<p>Nuestro compromiso con las pr\u00e1cticas \u00e9ticas nos distingue. Creemos en la transparencia y la equidad, dando prioridad a sus necesidades durante todo el proceso legal. Nuestro equipo entiende la gravedad de las acusaciones de cr\u00edmenes violentos y las consecuencias potenciales que enfrenta bajo la ley de Tennessee. Desde el momento en que usted se compromete con nosotros, trabajamos diligentemente para proteger sus derechos y abogar por el mejor resultado posible.<\/p>\n<p>La elecci\u00f3n de Mogy Law Firm significa que usted se est\u00e1 asociando con un equipo legal que tiene un historial probado en el manejo de casos de cr\u00edmenes violentos. Hemos navegado con \u00e9xito numerosas situaciones complejas, empleando estrategias eficaces para impugnar las pruebas y negociar acuerdos favorables. Nuestra atenci\u00f3n se centra en la elaboraci\u00f3n de una defensa s\u00f3lida que se ocupa de los detalles de su caso.<\/p>\n<p>Adem\u00e1s, nuestras tarifas competitivas reflejan nuestro compromiso de proporcionar servicios legales accesibles. Entendemos que las batallas legales pueden ser financieramente onerosas, y nos esforzamos por aliviar ese estr\u00e9s mientras luchamos por sus derechos.<\/p>\n<p>Si usted est\u00e1 lidiando con cargos serios, no deje su futuro al azar. Conf\u00ede en Mogy Law Firm para estar a su lado y guiarlo a trav\u00e9s de este tiempo dif\u00edcil. Su defensa es nuestra prioridad, y estamos aqu\u00ed para ayudarle en cada paso del camino.<\/p>\n<p><img decoding=\"async\" class=\"alignnone size-full wp-image-2692\" src=\"https:\/\/mogylawtn.com\/wp-content\/uploads\/2025\/02\/violent-crime-lawyer-concept.webp\" alt=\"A gavel and a pair of handcuffs on a desk representing the concept of law and order.\" width=\"600\" height=\"401\" srcset=\"https:\/\/mogylawtn.com\/wp-content\/uploads\/2025\/02\/violent-crime-lawyer-concept.webp 600w, https:\/\/mogylawtn.com\/wp-content\/uploads\/2025\/02\/violent-crime-lawyer-concept-300x201.webp 300w\" sizes=\"(max-width: 600px) 100vw, 600px\" \/><\/p>\n<h2>Conozca a nuestro dedicado equipo de defensa<\/h2>\n<p>Nuestro equipo entiende que enfrentar cargos por cr\u00edmenes violentos puede ser abrumador. Estamos aqu\u00ed para proporcionarle el apoyo y la experiencia que necesita. Cada miembro de nuestro equipo legal trae una riqueza de experiencia en defensa criminal, particularmente en las circunstancias que rodean ofensas serias como asalto agravado, homicidio voluntario, y otros cr\u00edmenes violentos.<\/p>\n<p>Reconocemos la importancia de la comunicaci\u00f3n. Nuestros abogados dan prioridad a mantenerlo informado durante todo el proceso legal. Nunca se sentir\u00e1 solo mientras le guiamos a trav\u00e9s de cada paso. Ya sea en la negociaci\u00f3n con los fiscales o en la preparaci\u00f3n para el juicio, nuestro equipo legal est\u00e1 totalmente involucrado en su caso.<\/p>\n<p>Elegir Mogy Law Firm significa elegir un equipo de defensa que es implacable en la b\u00fasqueda del mejor resultado posible para usted. Estamos aqu\u00ed para luchar por sus derechos y asegurar que usted reciba un juicio justo. Conf\u00ede en nuestros experimentados profesionales legales para estar a su lado durante este tiempo dif\u00edcil.<\/p>\n<h2>Dar el primer paso: Consulta inicial gratuita<\/h2>\n<h3>Como prepararse para su consulta<\/h3>\n<p>Cuando programe una consulta inicial gratuita con Mogy Law Firm, es importante que venga preparado. Esta reuni\u00f3n es su oportunidad de discutir los detalles de su caso con un abogado de crimen violento de Memphis. Para aprovechar al m\u00e1ximo este tiempo, re\u00fana todos los documentos pertinentes relacionados con su situaci\u00f3n. Esto puede incluir informes policiales, documentos judiciales, y cualquier correspondencia con las fuerzas del orden o las compa\u00f1\u00edas de seguros. Adem\u00e1s, piense en los acontecimientos que condujeron a sus cargos. Ser claro y conciso sobre lo que sucedi\u00f3 ayudar\u00e1 a nuestro equipo legal a entender sus circunstancias.<\/p>\n<h3>Qu\u00e9 esperar durante la evaluaci\u00f3n gratuita de su caso<\/h3>\n<p>Durante su consulta, usted se reunir\u00e1 con un abogado defensor experimentado que se especializa en casos de cr\u00edmenes violentos. Ellos escucharan su historia, evaluaran los detalles de su situacion, y le explicaran las posibles estrategias legales disponibles para usted. Usted puede esperar una evaluaci\u00f3n honesta de su caso, incluyendo posibles defensas y las implicaciones de sus cargos. Esta reuni\u00f3n inicial est\u00e1 dise\u00f1ada para proporcionarle claridad y direcci\u00f3n. Nuestro objetivo es capacitarle con los conocimientos necesarios para navegar por sus desaf\u00edos legales.<\/p>\n<p>Recuerde, esta consulta es confidencial y dise\u00f1ada para ayudarle a entender sus opciones. Nuestro equipo legal est\u00e1 aqu\u00ed para apoyarle y ayudar a desarrollar una estrategia de defensa fuerte adaptada a sus necesidades espec\u00edficas.<\/p>\n<p><img decoding=\"async\" class=\"alignnone size-full wp-image-2694\" src=\"https:\/\/mogylawtn.com\/wp-content\/uploads\/2025\/02\/violent-crime-lawyer-justice-1.jpg\" alt=\"A statue of the personification of Justice holding up the iconic scales. A gavel rests in front of the statue and a line of law books form the background of the image.\" width=\"600\" height=\"380\" srcset=\"https:\/\/mogylawtn.com\/wp-content\/uploads\/2025\/02\/violent-crime-lawyer-justice-1.jpg 600w, https:\/\/mogylawtn.com\/wp-content\/uploads\/2025\/02\/violent-crime-lawyer-justice-1-300x190.jpg 300w\" sizes=\"(max-width: 600px) 100vw, 600px\" \/><\/p>\n<h2>Contacte Mogy Law Firm Hoy<\/h2>\n<p>Si usted o un ser querido se enfrenta a cargos por delitos violentos en Tennessee, es crucial tomar medidas inmediatas. En Mogy Law Firm, entendemos la gravedad de estas situaciones y estamos comprometidos a proporcionarle la mejor defensa posible. Nuestro experimentado equipo legal est\u00e1 listo para ayudarle a navegar las complejidades de su caso.<\/p>\n<p>Asegure su defensa con nuestro equipo legal experimentado<\/p>\n<p>Cuando se comunique con nosotros, usted puede esperar un enfoque exhaustivo y compasivo. Nuestros abogados de crimen violento de Memphis priorizan sus necesidades y trabajan incansablemente para construir una estrategia de defensa adaptada a las especificidades de su caso. Ofrecemos una consulta inicial gratuita, lo que le permite discutir su situaci\u00f3n sin ninguna obligaci\u00f3n financiera. Esta es su oportunidad de hacer preguntas y obtener informaci\u00f3n sobre el proceso legal por delante.<\/p>\n<p>Ubicaciones convenientes y opciones de citas flexibles<\/p>\n<p>Mogy Law Firm se enorgullece de servir a clientes en todo Tennessee, con oficinas en Memphis y m\u00e1s all\u00e1. Entendemos que enfrentar cargos criminales puede ser abrumador, es por eso que ofrecemos opciones de citas flexibles para acomodar su horario. Si usted prefiere una reuni\u00f3n en persona o una consulta virtual, estamos aqu\u00ed para proporcionar la ayuda legal que necesita.<\/p>\n<p>No espere. P\u00f3ngase en contacto con Mogy Law Firm hoy para asegurar su defensa y dar el primer paso hacia la protecci\u00f3n de sus derechos.<\/p>\n","protected":false},"excerpt":{"rendered":"<p>Defensa Integral por Cargos de Delitos Violentos en Tennessee Cuando se enfrentan a cargos por delitos violentos en Tennessee, tener un abogado de defensa criminal de Memphis es crucial. Cr\u00edmenes violentos pueden abarcar una gama de delitos, incluyendo asalto agravado, homicidio voluntario y otros incidentes de lesiones corporales graves. Las implicaciones de estos cargos pueden [&hellip;]<\/p>\n","protected":false},"author":22,"featured_media":0,"parent":3275,"menu_order":0,"comment_status":"closed","ping_status":"closed","template":"","meta":{"_acf_changed":false,"anchor_text":"","footnotes":""},"class_list":["post-3284","page","type-page","status-publish","hentry"],"acf":[],"_links":{"self":[{"href":"https:\/\/mogylawtn.com\/es\/wp-json\/wp\/v2\/pages\/3284","targetHints":{"allow":["GET"]}}],"collection":[{"href":"https:\/\/mogylawtn.com\/es\/wp-json\/wp\/v2\/pages"}],"about":[{"href":"https:\/\/mogylawtn.com\/es\/wp-json\/wp\/v2\/types\/page"}],"author":[{"embeddable":true,"href":"https:\/\/mogylawtn.com\/es\/wp-json\/wp\/v2\/users\/22"}],"replies":[{"embeddable":true,"href":"https:\/\/mogylawtn.com\/es\/wp-json\/wp\/v2\/comments?post=3284"}],"version-history":[{"count":2,"href":"https:\/\/mogylawtn.com\/es\/wp-json\/wp\/v2\/pages\/3284\/revisions"}],"predecessor-version":[{"id":3286,"href":"https:\/\/mogylawtn.com\/es\/wp-json\/wp\/v2\/pages\/3284\/revisions\/3286"}],"up":[{"embeddable":true,"href":"https:\/\/mogylawtn.com\/es\/wp-json\/wp\/v2\/pages\/3275"}],"wp:attachment":[{"href":"https:\/\/mogylawtn.com\/es\/wp-json\/wp\/v2\/media?parent=3284"}],"curies":[{"name":"wp","href":"https:\/\/api.w.org\/{rel}","templated":true}]}}