{"id":3295,"date":"2025-08-21T07:06:39","date_gmt":"2025-08-21T13:06:39","guid":{"rendered":"https:\/\/mogylawtn.com\/memphis\/"},"modified":"2025-03-17T05:19:47","modified_gmt":"2025-03-17T11:19:47","slug":"memphis","status":"publish","type":"page","link":"https:\/\/mogylawtn.com\/es\/memphis\/","title":{"rendered":"Memphis"},"content":{"rendered":"<p>En Mogy Law Firm, luchamos para ganar. Si usted ha estado en un accidente de coche o ha sido arrestado, somos fuertes defensores de sus derechos. Los clientes son siempre nuestra m\u00e1xima prioridad. Como un peque\u00f1o bufete de abogados, somos capaces de centrarse en su caso.<\/p>\n<p>Nuestros abogados de lesiones personales Memphis s\u00f3lo se les paga si ganamos una indemnizaci\u00f3n para usted. En los casos de lesiones personales, nuestros honorarios de abogado es del 25% (a diferencia de 33% a 40%). Nuestros abogados de defensa criminal de Memphis han defendido con \u00e9xito casos contra los mejores fiscales estatales y federales.<\/p>\n<p>Hablamos espa\u00f1ol. Estamos plenamente dedicados a ayudar a todos nuestros clientes, ya sea que hablen ingl\u00e9s o espa\u00f1ol. Nuestro personal incluye asistentes dedicados que hablan espa\u00f1ol.<\/p>\n<p>Si usted o un ser querido necesita un abogado experto en Memphis, TN, Mogy Law Firm est\u00e1 aqu\u00ed para ayudar. Nuestro profundo conocimiento de la ley de Tennessee y nuestra pasi\u00f3n por la justicia nos distinguen. Cont\u00e1ctenos hoy para una revisi\u00f3n gratuita de su caso.<\/p>\n","protected":false},"excerpt":{"rendered":"<p>En Mogy Law Firm, luchamos para ganar. Si usted ha estado en un accidente de coche o ha sido arrestado, somos fuertes defensores de sus derechos. Los clientes son siempre nuestra m\u00e1xima prioridad. Como un peque\u00f1o bufete de abogados, somos capaces de centrarse en su caso. Nuestros abogados de lesiones personales Memphis s\u00f3lo se les [&hellip;]<\/p>\n","protected":false},"author":22,"featured_media":3131,"parent":0,"menu_order":0,"comment_status":"closed","ping_status":"closed","template":"","meta":{"_acf_changed":false,"anchor_text":"","footnotes":""},"class_list":["post-3295","page","type-page","status-publish","has-post-thumbnail","hentry"],"acf":[],"_links":{"self":[{"href":"https:\/\/mogylawtn.com\/es\/wp-json\/wp\/v2\/pages\/3295","targetHints":{"allow":["GET"]}}],"collection":[{"href":"https:\/\/mogylawtn.com\/es\/wp-json\/wp\/v2\/pages"}],"about":[{"href":"https:\/\/mogylawtn.com\/es\/wp-json\/wp\/v2\/types\/page"}],"author":[{"embeddable":true,"href":"https:\/\/mogylawtn.com\/es\/wp-json\/wp\/v2\/users\/22"}],"replies":[{"embeddable":true,"href":"https:\/\/mogylawtn.com\/es\/wp-json\/wp\/v2\/comments?post=3295"}],"version-history":[{"count":2,"href":"https:\/\/mogylawtn.com\/es\/wp-json\/wp\/v2\/pages\/3295\/revisions"}],"predecessor-version":[{"id":3297,"href":"https:\/\/mogylawtn.com\/es\/wp-json\/wp\/v2\/pages\/3295\/revisions\/3297"}],"wp:featuredmedia":[{"embeddable":true,"href":"https:\/\/mogylawtn.com\/es\/wp-json\/wp\/v2\/media\/3131"}],"wp:attachment":[{"href":"https:\/\/mogylawtn.com\/es\/wp-json\/wp\/v2\/media?parent=3295"}],"curies":[{"name":"wp","href":"https:\/\/api.w.org\/{rel}","templated":true}]}}