{"id":3301,"date":"2026-03-29T04:32:19","date_gmt":"2026-03-29T08:32:19","guid":{"rendered":"https:\/\/mogylawtn.com\/memphis\/memphis-abogado-de-accidente-de-coche\/"},"modified":"2025-03-18T01:24:16","modified_gmt":"2025-03-18T07:24:16","slug":"memphis-abogado-de-accidente-de-coche","status":"publish","type":"page","link":"https:\/\/mogylawtn.com\/es\/memphis\/memphis-abogado-de-accidente-de-coche\/","title":{"rendered":"Memphis Abogado de Accidente de Coche"},"content":{"rendered":"<h2>Comprender el impacto de un accidente de coche<\/h2>\n<p>Un accidente de coche puede tener consecuencias de gran alcance que se extienden m\u00e1s all\u00e1 de las secuelas inmediatas del accidente. Las consecuencias f\u00edsicas, emocionales y econ\u00f3micas pueden alterar su vida cotidiana de muchas maneras.<\/p>\n<p>Las lesiones sufridas en un accidente de coche pueden requerir un tratamiento m\u00e9dico extenso, lo que lleva a un aumento de las facturas m\u00e9dicas. Estos costes pueden aumentar r\u00e1pidamente, especialmente si necesita cuidados continuos o rehabilitaci\u00f3n. Por eso es vital ponerse en contacto con un abogado experto en lesiones personales inmediatamente despu\u00e9s de una colisi\u00f3n.<\/p>\n<p>Adem\u00e1s de los gastos m\u00e9dicos directos, es posible que tenga que hacer frente a p\u00e9rdidas salariales por baja laboral. Si sus lesiones son graves, podr\u00eda incluso experimentar una reducci\u00f3n de su potencial de ingresos en el futuro.<\/p>\n<p>El estr\u00e9s de la tensi\u00f3n financiera puede contribuir a la angustia emocional, agravando los problemas a los que se enfrenta.<\/p>\n<p><img fetchpriority=\"high\" decoding=\"async\" class=\"alignnone wp-image-2602 size-full\" src=\"https:\/\/mogylawtn.com\/wp-content\/uploads\/2025\/02\/memphis-car-accident-discussion.webp\" alt=\"Car accidents like the one pictured can be the cause of catastrophic injuries, wrongful deaths, and high medical costs. Whether caused by failure to abide by traffic laws or poor road maintenance, these kinds of auto accident cases call for a Memphis car accident lawyer. \" width=\"600\" height=\"400\" srcset=\"https:\/\/mogylawtn.com\/wp-content\/uploads\/2025\/02\/memphis-car-accident-discussion.webp 600w, https:\/\/mogylawtn.com\/wp-content\/uploads\/2025\/02\/memphis-car-accident-discussion-300x200.webp 300w\" sizes=\"(max-width: 600px) 100vw, 600px\" \/><\/p>\n<h3>Algo m\u00e1s que lesiones<\/h3>\n<p>Adem\u00e1s, el impacto emocional de un accidente de tr\u00e1fico puede perdurar mucho despu\u00e9s de que se hayan curado las lesiones f\u00edsicas. Los supervivientes pueden sufrir ansiedad, depresi\u00f3n o trastorno de estr\u00e9s postraum\u00e1tico (TEPT). Estos efectos psicol\u00f3gicos pueden interferir en su capacidad para retomar sus actividades y relaciones normales.<\/p>\n<p>Los accidentes de tr\u00e1fico tambi\u00e9n pueden provocar da\u00f1os materiales, lo que genera un estr\u00e9s adicional al tener que hacer frente a reparaciones o sustituciones. La alteraci\u00f3n de su rutina diaria puede ser abrumadora y dificultar su recuperaci\u00f3n.<\/p>\n<p>La comprensi\u00f3n de estos impactos potenciales subraya la importancia de buscar orientaci\u00f3n legal. Un abogado experto en accidentes de coche puede ayudarle a navegar por las complejidades de su situaci\u00f3n, asegur\u00e1ndose de que recibe la compensaci\u00f3n necesaria para hacer frente a los efectos inmediatos y a largo plazo del accidente.<\/p>\n<h2>Por qu\u00e9 necesita un abogado de accidentes de tr\u00e1fico<\/h2>\n<p>Navegar por las secuelas de un accidente de coche puede ser abrumador. Es posible que tenga que hacer frente a facturas m\u00e9dicas crecientes, salarios perdidos y el estr\u00e9s de tratar con las compa\u00f1\u00edas de seguros. La contrataci\u00f3n de un abogado de accidentes de coche puede aliviar significativamente esta carga.<\/p>\n<p>Un abogado con experiencia en accidentes de coche entiende las complejidades de la ley de lesiones personales. Pueden ayudarle a reunir pruebas, como informes policiales y declaraciones de testigos, para construir un caso s\u00f3lido. Esto es crucial para establecer la responsabilidad y asegurar que usted reciba una compensaci\u00f3n justa por sus lesiones.<\/p>\n<p>Las compa\u00f1\u00edas de seguros suelen tratar de minimizar los pagos. Un abogado experto sabe negociar con eficacia y defender sus derechos. Ellos se encargar\u00e1n de todas las comunicaciones con los ajustadores de seguros, lo que le permite centrarse en la recuperaci\u00f3n.<\/p>\n<h3>La inestimable ayuda de un abogado de accidentes de tr\u00e1fico<\/h3>\n<p>Un abogado de accidentes de tr\u00e1fico puede guiarle a trav\u00e9s de las complejidades de la presentaci\u00f3n de una reclamaci\u00f3n. Se asegurar\u00e1 de que toda la documentaci\u00f3n necesaria se presente a tiempo, lo que es vital para cumplir con los plazos legales. Esta experiencia puede ser muy valiosa, especialmente si su caso va a juicio.<\/p>\n<p>En \u00faltima instancia, la contrataci\u00f3n de un abogado de accidentes de coche puede conducir a un resultado m\u00e1s favorable. Trabajan sobre una base de contingencia, lo que significa que usted no paga nada a menos que gane su caso.<\/p>\n<p>Este acuerdo alinea sus intereses con los tuyos, motiv\u00e1ndolos a buscar la m\u00e1xima compensaci\u00f3n posible por tus lesiones y p\u00e9rdidas.<\/p>\n<p>En resumen, si usted ha estado involucrado en un accidente de coche, la b\u00fasqueda de asistencia jur\u00eddica no s\u00f3lo es aconsejable, sino que puede hacer una diferencia significativa en su proceso de recuperaci\u00f3n y el bienestar general.<\/p>\n<h2>Mogy Law Firm: Su confianza Memphis accidente de coche abogado<\/h2>\n<p>Cuando usted se encuentra en las secuelas de un accidente de coche, tener un abogado con experiencia en accidentes de coche a su lado puede hacer toda la diferencia.<\/p>\n<p>En Mogy Law Firm, entendemos los desaf\u00edos que enfrenta. Nuestro equipo est\u00e1 dedicado a guiarlo a trav\u00e9s de este dif\u00edcil momento y asegurar que usted reciba la compensaci\u00f3n que se merece.<\/p>\n<p>Nuestros abogados de accidentes automovil\u00edsticos de Memphis tienen una amplia experiencia en el manejo de una amplia gama de casos de accidentes automovil\u00edsticos. Si usted est\u00e1 tratando con lesiones menores o trauma severo, estamos equipados para ayudarle.<\/p>\n<p>Conocemos los entresijos de las leyes de accidente de coche en Tennessee, y aprovechamos ese conocimiento para abogar por sus derechos con eficacia.<\/p>\n<p>Estamos orgullosos de nuestro compromiso con nuestros clientes. Desde el momento en que se comunique con nosotros, usted se convierte en nuestra m\u00e1xima prioridad. Nos tomamos el tiempo para escuchar su historia, entender sus necesidades y desarrollar una estrategia personalizada que se alinea con sus objetivos.<\/p>\n<h3>A su lado<\/h3>\n<p>En Mogy Law Firm, no somos s\u00f3lo sus abogados; somos sus aliados en este viaje. Nuestro equipo experimentado trabajar\u00e1 incansablemente para reunir pruebas, negociar con las compa\u00f1\u00edas de seguros, y preparar su caso para el juicio si es necesario.<\/p>\n<p>Estaremos all\u00ed en cada paso del camino, asegurando que usted est\u00e9 informado y apoyado durante todo el proceso.<\/p>\n<p>Elegir Mogy Law Firm significa elegir un socio de confianza que luchar\u00e1 por su compensaci\u00f3n m\u00e1xima. Perm\u00edtanos ayudarle a navegar por las complejidades de su caso de accidente de coche para que pueda centrarse en lo que realmente importa-su recuperaci\u00f3n.<\/p>\n<p><a href=\"https:\/\/mogylawtn.com\/wp-content\/uploads\/2025\/02\/Car-accident-lawyer.webp\"><img decoding=\"async\" class=\"alignnone size-full wp-image-2779\" src=\"https:\/\/mogylawtn.com\/wp-content\/uploads\/2025\/02\/Car-accident-lawyer.webp\" alt=\"Compensation you can seek for a car accident claim\" width=\"600\" height=\"1000\" srcset=\"https:\/\/mogylawtn.com\/wp-content\/uploads\/2025\/02\/Car-accident-lawyer.webp 600w, https:\/\/mogylawtn.com\/wp-content\/uploads\/2025\/02\/Car-accident-lawyer-180x300.webp 180w\" sizes=\"(max-width: 600px) 100vw, 600px\" \/><\/a><\/p>\n<h2>C\u00f3mo Mogy Law Firm puede ayudarle<\/h2>\n<p>Despu\u00e9s de un accidente automovil\u00edstico, navegar las secuelas puede sentirse abrumador. Mogy Law Firm est\u00e1 aqu\u00ed para proporcionarle el apoyo que necesita. Nuestro equipo experimentado se enfoca en ayudarle a asegurar la compensaci\u00f3n que usted merece mientras usted se concentra en su recuperaci\u00f3n.<\/p>\n<h3>Tipos de Compensaci\u00f3n que Usted Puede Buscar<\/h3>\n<p>Nuestro equipo legal trabajar\u00e1 diligentemente para identificar todas las fuentes potenciales de compensaci\u00f3n para su caso. Esto incluye:<\/p>\n<h4>Facturas y gastos m\u00e9dicos<\/h4>\n<p>Su salud es la m\u00e1xima prioridad. Le ayudamos a reclamar una indemnizaci\u00f3n por las facturas m\u00e9dicas relacionadas con visitas a urgencias, intervenciones quir\u00fargicas, terapias y tratamientos continuados. Estos gastos pueden acumularse r\u00e1pidamente, y nos aseguraremos de que est\u00e9n cubiertos.<\/p>\n<h4>P\u00e9rdida de salarios e ingresos futuros<\/h4>\n<p>Si sus lesiones le impiden trabajar, solicitaremos una indemnizaci\u00f3n por los salarios perdidos. Esto incluye tanto sus ingresos actuales como cualquier ganancia futura que pueda perder debido a sus lesiones.<\/p>\n<h4>Da\u00f1os materiales y gastos de reparaci\u00f3n<\/h4>\n<p>Los accidentes suelen provocar da\u00f1os en los veh\u00edculos. Le ayudaremos a obtener una indemnizaci\u00f3n para reparar o sustituir su veh\u00edculo, asegur\u00e1ndonos de que no tenga que soportar esta carga financiera en solitario.<\/p>\n<h4>Dolor y sufrimiento<\/h4>\n<p>Las lesiones pueden provocar dolor f\u00edsico y angustia emocional. Nuestro equipo luchar\u00e1 para obtener una indemnizaci\u00f3n por su dolor y sufrimiento, reconociendo el profundo impacto que un accidente puede tener en su calidad de vida.<\/p>\n<h3>Reclamaciones de seguros<\/h3>\n<p>Tratar con compa\u00f1\u00edas de seguros puede ser una experiencia dif\u00edcil. Nuestra empresa le guiar\u00e1 a trav\u00e9s del proceso, asegur\u00e1ndose de que entiende sus derechos y opciones.<\/p>\n<h4>Tratando con Ajustadores de Seguros<\/h4>\n<p>Los ajustadores de seguros pueden tratar de minimizar su reclamo. Conocemos sus t\u00e1cticas y manejaremos todas las comunicaciones con ellos, protegiendo sus intereses.<\/p>\n<h4>Negociaci\u00f3n de un acuerdo justo<\/h4>\n<p>Negociaremos en su nombre para asegurar un acuerdo justo. Nuestro objetivo es asegurar que usted reciba la m\u00e1xima compensaci\u00f3n posible por sus lesiones y p\u00e9rdidas.<\/p>\n<p>Nuestros abogados de lesiones personales est\u00e1n comprometidos a apoyarle en cada paso del camino. Perm\u00edtanos manejar las complejidades legales, para que usted pueda concentrarse en sanar y seguir adelante.<\/p>\n<h2>Lesiones comunes en accidentes de tr\u00e1fico<\/h2>\n<p>Los accidentes de coche pueden provocar una amplia gama de lesiones, que afectan tanto al bienestar f\u00edsico como emocional de las v\u00edctimas. La comprensi\u00f3n de estas lesiones es crucial para cualquier persona involucrada en un accidente de coche.<\/p>\n<h3>Lesiones f\u00edsicas y emocionales<\/h3>\n<p>Las lesiones por accidentes de coche pueden ir de leves a graves. Las lesiones f\u00edsicas comunes incluyen:<\/p>\n<ul>\n<li><strong>Lesiones de tejidos blandos<\/strong>: Estas lesiones suelen ser el resultado de movimientos bruscos durante un choque, lo que provoca distensiones o esguinces en m\u00fasculos y ligamentos.<\/li>\n<li><strong>Fracturas<\/strong>: Las fracturas \u00f3seas son frecuentes en los accidentes de tr\u00e1fico, especialmente en las colisiones de alto impacto.<\/li>\n<li><strong>Lesiones cerebrales traum\u00e1ticas<\/strong>: Pueden producirse conmociones cerebrales o lesiones cerebrales m\u00e1s graves si la cabeza golpea un objeto durante el accidente. Estas lesiones pueden provocar problemas cognitivos a largo plazo.<\/li>\n<li><strong>Da\u00f1os en la m\u00e9dula espinal<\/strong>: Las lesiones en la columna vertebral pueden provocar dolor cr\u00f3nico o incluso par\u00e1lisis, afectando significativamente a la movilidad y a la vida diaria.<\/li>\n<\/ul>\n<p>Adem\u00e1s de las lesiones f\u00edsicas, tambi\u00e9n pueden producirse traumas emocionales. Las v\u00edctimas de accidentes de tr\u00e1fico pueden experimentar<\/p>\n<ul>\n<li><strong>Angustia emocional<\/strong>: Las secuelas de un accidente de coche pueden provocar ansiedad, depresi\u00f3n o sentimientos de impotencia.<\/li>\n<li><strong>Trastorno de estr\u00e9s postraum\u00e1tico (TEPT)<\/strong>: Algunos individuos pueden encontrarse reviviendo el accidente, lo que puede interferir con sus rutinas diarias y sus relaciones.<\/li>\n<\/ul>\n<p>Reconocer estas posibles lesiones es vital para buscar el tratamiento m\u00e9dico adecuado y una compensaci\u00f3n legal. Si usted o un ser querido se ha visto involucrado en un accidente de coche, es crucial consultar con un abogado experto en accidentes de coche que pueda guiarle a trav\u00e9s del proceso de recuperaci\u00f3n y ayudarle a reclamar la indemnizaci\u00f3n que se merece.<\/p>\n<p><img decoding=\"async\" class=\"alignnone wp-image-2603 size-full\" src=\"https:\/\/mogylawtn.com\/wp-content\/uploads\/2025\/02\/memphis-car-accident-lawyer.webp\" alt=\"Most car accidents can result in serious injuries for the drivers involved. Typically, you don't need to use your own insurance policy to cover the damage when the at-fault driver's insurance provider can cover it. However, it's important to seek out a car accident lawyer to fight for you in court.\" width=\"600\" height=\"441\" srcset=\"https:\/\/mogylawtn.com\/wp-content\/uploads\/2025\/02\/memphis-car-accident-lawyer.webp 600w, https:\/\/mogylawtn.com\/wp-content\/uploads\/2025\/02\/memphis-car-accident-lawyer-300x221.webp 300w\" sizes=\"(max-width: 600px) 100vw, 600px\" \/><\/p>\n<h2>Qu\u00e9 hacer despu\u00e9s de un accidente de coche en Memphis<\/h2>\n<p>Experimentar un accidente de coche puede ser abrumador. Conocer los pasos correctos a tomar puede hacer una diferencia significativa en su recuperaci\u00f3n y compensaci\u00f3n potencial. He aqu\u00ed una gu\u00eda sencilla sobre qu\u00e9 hacer inmediatamente despu\u00e9s de un accidente de coche en Memphis.<\/p>\n<h3>Pasos inmediatos a tomar<\/h3>\n<ol>\n<li><strong>Mantenga la calma y eval\u00fae la situaci\u00f3n<\/strong>: Respire hondo. Comprueba si t\u00fa y los dem\u00e1s est\u00e1is heridos. Si alguien est\u00e1 herido, pide ayuda m\u00e9dica inmediatamente.<\/li>\n<li><strong>P\u00f3ngase a salvo<\/strong>: Si es posible, desplaza tu veh\u00edculo a un lugar seguro para evitar m\u00e1s accidentes. Enciende las luces de emergencia para alertar a los dem\u00e1s conductores.<\/li>\n<li><strong>Llame a la polic\u00eda<\/strong>: Informa del accidente a la polic\u00eda. Un informe policial es esencial para su reclamaci\u00f3n al seguro y para cualquier posible acci\u00f3n legal.<\/li>\n<li><strong>Re\u00fana informaci\u00f3n<\/strong>: Recopila los datos del conductor culpable, incluyendo su nombre, informaci\u00f3n de contacto, n\u00famero de licencia de conducir e informaci\u00f3n del seguro. Recopila tambi\u00e9n los datos de contacto de los testigos.<\/li>\n<li><strong>Documenta el lugar del accidente<\/strong>: Haz fotos del lugar del accidente, de los da\u00f1os del veh\u00edculo y de las lesiones visibles. Estas im\u00e1genes pueden ser pruebas cruciales m\u00e1s adelante.<\/li>\n<li><strong>No admitas la culpa<\/strong>: Evita hacer declaraciones que puedan interpretarse como admisi\u00f3n de culpa. Lim\u00edtate a los hechos cuando hables con otras personas en el lugar del accidente.<\/li>\n<\/ol>\n<h3>Importancia de buscar atenci\u00f3n m\u00e9dica<\/h3>\n<p>Aunque hayas sufrido un accidente de tr\u00e1fico leve, es aconsejable que acudas al m\u00e9dico despu\u00e9s de una colisi\u00f3n. Algunas lesiones pueden no ser evidentes de inmediato, como lesiones internas o da\u00f1os en los tejidos blandos. Un profesional m\u00e9dico puede evaluar su estado y documentar cualquier lesi\u00f3n para futuras reclamaciones por accidente de coche.<\/p>\n<p>Adem\u00e1s, una pronta atenci\u00f3n m\u00e9dica puede ayudarle a establecer una cronolog\u00eda de sus lesiones, lo que es vital para su demanda por lesiones personales. Recuerde, su salud es la prioridad. Tomar estas medidas puede sentar una base s\u00f3lida para su recuperaci\u00f3n y cualquier procedimiento legal potencial. Si usted estuvo en un accidente de conducci\u00f3n imprudente, conducci\u00f3n distra\u00edda, o conducir ebrio, usted necesita buscar atenci\u00f3n m\u00e9dica de inmediato para preservar su salud y mejorar su futuro caso de lesiones personales.<\/p>\n<h2>\u00bfPor qu\u00e9 elegir Mogy Law Firm?<\/h2>\n<p>La elecci\u00f3n del abogado de accidente de coche de Memphis es crucial para su recuperaci\u00f3n y compensaci\u00f3n. En Mogy Law Firm, nuestros abogados de lesiones personales dan prioridad a sus necesidades y trabajan diligentemente para proteger sus derechos. Nuestro enfoque centrado en el cliente significa que nos centramos en sus circunstancias y nos esforzamos por proporcionar apoyo legal personalizado a lo largo de su caso.<\/p>\n<p>Nuestro equipo en Memphis, TN entiende el estr\u00e9s y las lesiones graves que siguen a un accidente de coche. Estamos dedicados a guiarle a trav\u00e9s del proceso, asegur\u00e1ndose de que tiene la informaci\u00f3n y los recursos necesarios para tomar decisiones informadas.<\/p>\n<p>Con un fuerte compromiso con las pr\u00e1cticas \u00e9ticas, nunca tomamos m\u00e1s de lo que se merece. Nuestras tarifas competitivas reflejan nuestra creencia de que la representaci\u00f3n legal de calidad debe ser accesible a todos.<\/p>\n<h3>De confianza por las v\u00edctimas de accidentes de coche<\/h3>\n<p>Tenemos un historial probado de \u00e9xito en el manejo de casos de accidentes de coche en Memphis. Nuestro experimentado equipo legal est\u00e1 equipado para hacer frente a las complejidades de su situaci\u00f3n, si se enfrentan a desaf\u00edos con las compa\u00f1\u00edas de seguros o navegar por el sistema legal.<\/p>\n<p>Estamos orgullosos de nuestra reputaci\u00f3n de defensa agresiva, asegurando que su caso reciba la atenci\u00f3n que merece.<\/p>\n<p>Cuando usted elige Mogy Law Firm, usted est\u00e1 eligiendo abogados de lesiones personales que luchar\u00e1n por sus derechos y trabajar\u00e1n incansablemente para asegurar la compensaci\u00f3n que necesita para recuperarse de sus lesiones por accidente de coche. Perm\u00edtanos ayudarle a recuperarse.<\/p>\n<p><img loading=\"lazy\" decoding=\"async\" class=\"alignnone wp-image-2604 size-full\" src=\"https:\/\/mogylawtn.com\/wp-content\/uploads\/2025\/02\/memphis-rear-end-car-accident.webp\" alt=\"A reckless driver rear-ends the truck in front of them while holding the steering wheel. Driver distractions pose a significant risk on the road. Make sure you always drive with both hands on the wheel and both eyes on the road.\" width=\"600\" height=\"354\" srcset=\"https:\/\/mogylawtn.com\/wp-content\/uploads\/2025\/02\/memphis-rear-end-car-accident.webp 600w, https:\/\/mogylawtn.com\/wp-content\/uploads\/2025\/02\/memphis-rear-end-car-accident-300x177.webp 300w\" sizes=\"(max-width: 600px) 100vw, 600px\" \/><\/p>\n<h2>Preguntas m\u00e1s frecuentes<\/h2>\n<h3>\u00bfCu\u00e1nto tiempo tengo para presentar una demanda por accidente de coche?<\/h3>\n<p>En Tennessee, usted tiene generalmente un a\u00f1o a partir de la fecha del accidente de coche para archivar un pleito de los da\u00f1os corporales. Este plazo es crucial, ya que no cumplir con la fecha l\u00edmite puede resultar en la p\u00e9rdida de su derecho a solicitar una indemnizaci\u00f3n.<\/p>\n<p>Es aconsejable actuar con prontitud despu\u00e9s de un accidente. La recopilaci\u00f3n de pruebas, historiales m\u00e9dicos y declaraciones de testigos lleva su tiempo, y un abogado experto en accidentes de tr\u00e1fico puede ayudarle a navegar por este proceso de manera eficiente.<\/p>\n<h3>\u00bfQu\u00e9 pasa si el otro conductor no tiene seguro?<\/h3>\n<p>Si usted se encuentra en un accidente con un conductor sin seguro, puede ser frustrante. Sin embargo, a\u00fan tiene opciones. En primer lugar, compruebe si su p\u00f3liza de seguro incluye cobertura para conductores sin seguro. Esto puede proporcionar protecci\u00f3n financiera en estos casos.<\/p>\n<p>Adem\u00e1s, un abogado con experiencia en accidentes de tr\u00e1fico puede ayudarle a explorar otras v\u00edas para obtener una indemnizaci\u00f3n, incluidas las reclamaciones contra los bienes del conductor culpable o la interposici\u00f3n de una demanda si es factible. No dude en solicitar asesoramiento legal para conocer sus opciones en estas situaciones.<\/p>\n<h3>P\u00f3ngase en contacto con Mogy Law Firm hoy<\/h3>\n<p>Si usted ha estado involucrado en un accidente de coche, llegar a un abogado experto en accidentes de coche de Memphis es crucial. En Mogy Law Firm, entendemos los desaf\u00edos que enfrenta despu\u00e9s de un incidente de este tipo. Nuestro equipo legal est\u00e1 listo para ayudarle a navegar por las complejidades de su caso.<\/p>\n<p>No dude en ponerse en contacto con nosotros para una consulta gratuita. Durante esta reuni\u00f3n inicial, discutiremos su situaci\u00f3n en detalle, describiendo sus opciones legales y los caminos potenciales a seguir. Nuestro objetivo es proporcionarle la informaci\u00f3n que necesita para tomar decisiones informadas sobre su caso.<\/p>\n<p>Puede ponerse en contacto con nosotros por tel\u00e9fono o a trav\u00e9s de nuestro formulario de contacto en l\u00ednea. Damos prioridad a responder r\u00e1pidamente a las consultas, asegurando que reciba el apoyo que necesita cuando m\u00e1s importa.<\/p>\n<p>Recuerde que no est\u00e1 solo en este proceso. Nuestro equipo est\u00e1 aqu\u00ed para defender sus derechos y ayudarle a conseguir la indemnizaci\u00f3n que se merece. Trabajemos juntos para pasar p\u00e1gina en este dif\u00edcil cap\u00edtulo de su vida.<\/p>\n","protected":false},"excerpt":{"rendered":"<p>Comprender el impacto de un accidente de coche Un accidente de coche puede tener consecuencias de gran alcance que se extienden m\u00e1s all\u00e1 de las secuelas inmediatas del accidente. Las consecuencias f\u00edsicas, emocionales y econ\u00f3micas pueden alterar su vida cotidiana de muchas maneras. Las lesiones sufridas en un accidente de coche pueden requerir un tratamiento [&hellip;]<\/p>\n","protected":false},"author":22,"featured_media":0,"parent":3295,"menu_order":0,"comment_status":"closed","ping_status":"closed","template":"","meta":{"_acf_changed":false,"anchor_text":"","footnotes":""},"class_list":["post-3301","page","type-page","status-publish","hentry"],"acf":[],"_links":{"self":[{"href":"https:\/\/mogylawtn.com\/es\/wp-json\/wp\/v2\/pages\/3301","targetHints":{"allow":["GET"]}}],"collection":[{"href":"https:\/\/mogylawtn.com\/es\/wp-json\/wp\/v2\/pages"}],"about":[{"href":"https:\/\/mogylawtn.com\/es\/wp-json\/wp\/v2\/types\/page"}],"author":[{"embeddable":true,"href":"https:\/\/mogylawtn.com\/es\/wp-json\/wp\/v2\/users\/22"}],"replies":[{"embeddable":true,"href":"https:\/\/mogylawtn.com\/es\/wp-json\/wp\/v2\/comments?post=3301"}],"version-history":[{"count":2,"href":"https:\/\/mogylawtn.com\/es\/wp-json\/wp\/v2\/pages\/3301\/revisions"}],"predecessor-version":[{"id":3303,"href":"https:\/\/mogylawtn.com\/es\/wp-json\/wp\/v2\/pages\/3301\/revisions\/3303"}],"up":[{"embeddable":true,"href":"https:\/\/mogylawtn.com\/es\/wp-json\/wp\/v2\/pages\/3295"}],"wp:attachment":[{"href":"https:\/\/mogylawtn.com\/es\/wp-json\/wp\/v2\/media?parent=3301"}],"curies":[{"name":"wp","href":"https:\/\/api.w.org\/{rel}","templated":true}]}}