{"id":3304,"date":"2025-03-07T15:34:19","date_gmt":"2025-03-07T21:34:19","guid":{"rendered":"https:\/\/mogylawtn.com\/memphis\/memphis-abogado-de-accidente-de-coche\/abogado-de-accidentes-por-conducir-ebrio\/"},"modified":"2025-03-18T01:36:31","modified_gmt":"2025-03-18T07:36:31","slug":"abogado-de-accidentes-por-conducir-ebrio","status":"publish","type":"page","link":"https:\/\/mogylawtn.com\/es\/memphis\/memphis-abogado-de-accidente-de-coche\/abogado-de-accidentes-por-conducir-ebrio\/","title":{"rendered":"Abogado de accidentes por conducir ebrio"},"content":{"rendered":"<h2>Comprender el impacto de los accidentes por conducir ebrio<\/h2>\n<p>Los accidentes por conducir bajo los efectos del alcohol tienen efectos de gran alcance sobre las v\u00edctimas, las familias y las comunidades. La decisi\u00f3n de conducir bajo los efectos del alcohol suele tener consecuencias tr\u00e1gicas. Estos accidentes pueden resultar en lesiones graves, traumas emocionales y cargas financieras significativas para las v\u00edctimas y sus familias.<\/p>\n<p>Cada a\u00f1o, un sinn\u00famero de vidas se ven alteradas debido a las acciones imprudentes de los conductores intoxicados. Las v\u00edctimas pueden sufrir problemas de salud a largo plazo, como lesiones cerebrales traum\u00e1ticas, lesiones de la m\u00e9dula espinal y dolor cr\u00f3nico. Adem\u00e1s, las secuelas emocionales pueden manifestarse en forma de ansiedad, depresi\u00f3n o trastorno de estr\u00e9s postraum\u00e1tico.<\/p>\n<p>Las secuelas de un accidente por conducir ebrio no se limitan a las lesiones f\u00edsicas. Las v\u00edctimas a menudo se enfrentan a facturas m\u00e9dicas crecientes, salarios perdidos y el estr\u00e9s de navegar por las reclamaciones de seguros. El impacto financiero puede ser abrumador, por lo que es esencial para entender sus derechos y opciones.<\/p>\n<p>En Memphis, el panorama jur\u00eddico en torno a los accidentes por conducir ebrio puede ser complejo. La comprensi\u00f3n de las implicaciones de estos accidentes es crucial para las v\u00edctimas que buscan justicia y compensaci\u00f3n. Este conocimiento permite a las v\u00edctimas de accidentes para tomar medidas contra las partes responsables y perseguir la recuperaci\u00f3n financiera que se merecen.<\/p>\n<p>Si usted o un ser querido se ha visto afectado por un accidente de DUI, es vital consultar con un abogado con experiencia en accidentes de coche. Ellos pueden ayudarle a navegar por los retos que se avecinan y abogar por sus derechos.<\/p>\n<h2>Por qu\u00e9 necesita un abogado de accidentes por conducir ebrio<\/h2>\n<p>Cuando se enfrenta a las secuelas de un accidente por conducir ebrio, tener un abogado experto en accidentes automovil\u00edsticos a su lado es crucial. Un abogado de accidentes por conducir ebrio se especializa en responsabilizar a los conductores intoxicados. Ellos entienden los matices de la ley de Tennessee y pueden ayudarle a navegar las complejidades de su caso.<\/p>\n<p>Los conductores intoxicados a menudo causan lesiones graves y traumas emocionales a las v\u00edctimas de accidentes automovil\u00edsticos. Un abogado con experiencia sabe c\u00f3mo reunir pruebas y construir un caso fuerte contra la parte responsable. Ellos abogar\u00e1n por sus derechos y se asegurar\u00e1n de que usted reciba la compensaci\u00f3n que se merece.<\/p>\n<p>El proceso legal puede ser abrumador, especialmente cuando se trata con las compa\u00f1\u00edas de seguros. Un abogado especializado en accidentes de tr\u00e1fico gestionar\u00e1 todas las comunicaciones y negociaciones en su nombre. Trabajar\u00e1 para contrarrestar las t\u00e1cticas que los ajustadores de seguros puedan utilizar para minimizar su reclamaci\u00f3n.<\/p>\n<p>Adem\u00e1s de buscar compensaci\u00f3n por gastos m\u00e9dicos, salarios perdidos y dolor y sufrimiento, su abogado tambi\u00e9n explorar\u00e1 otras v\u00edas de recuperaci\u00f3n. Esto incluye posibles reclamaciones contra los establecimientos que sirvieron alcohol al conductor ebrio.<\/p>\n<p>En \u00faltima instancia, la contrataci\u00f3n de un abogado especializado en accidentes por conducci\u00f3n bajo los efectos del alcohol puede aumentar significativamente sus posibilidades de \u00e9xito. Ellos proporcionan la orientaci\u00f3n y el apoyo que necesita durante este tiempo dif\u00edcil, lo que le permite centrarse en la curaci\u00f3n y la recuperaci\u00f3n.<\/p>\n<p><a href=\"https:\/\/mogylawtn.com\/wp-content\/uploads\/2025\/03\/drunk-driving-accident-lawyer.jpg\"><img fetchpriority=\"high\" decoding=\"async\" class=\"alignnone size-full wp-image-2958\" src=\"https:\/\/mogylawtn.com\/wp-content\/uploads\/2025\/03\/drunk-driving-accident-lawyer.jpg\" alt=\"drunk driving accident lawyer\" width=\"500\" height=\"334\" srcset=\"https:\/\/mogylawtn.com\/wp-content\/uploads\/2025\/03\/drunk-driving-accident-lawyer.jpg 500w, https:\/\/mogylawtn.com\/wp-content\/uploads\/2025\/03\/drunk-driving-accident-lawyer-300x200.jpg 300w\" sizes=\"(max-width: 500px) 100vw, 500px\" \/><\/a><\/p>\n<h2>Qu\u00e9 hacer tras un accidente por conducir ebrio<\/h2>\n<h3>Medidas inmediatas<\/h3>\n<p>Si se ve implicado en un accidente por conducir ebrio, su primera prioridad debe ser la seguridad. Si es posible, dir\u00edjase a un lugar seguro y compruebe si hay heridos. Llame al 911 para informar del accidente y solicitar asistencia m\u00e9dica. Es fundamental documentar el lugar del accidente haciendo fotos del mismo, de los da\u00f1os del veh\u00edculo y de las lesiones visibles. Adem\u00e1s, intercambia informaci\u00f3n con el otro conductor, incluidos los datos del seguro y la informaci\u00f3n de contacto.<\/p>\n<p>Despu\u00e9s de asegurarte de que todo el mundo est\u00e1 a salvo y de que las autoridades est\u00e1n en camino, es aconsejable que busques atenci\u00f3n m\u00e9dica, aunque te encuentres bien. Algunas lesiones pueden no ser evidentes de inmediato. Lleva un registro de todas las visitas m\u00e9dicas, tratamientos y gastos relacionados. Esta documentaci\u00f3n ser\u00e1 vital a la hora de reclamar.<\/p>\n<h3>Recopilaci\u00f3n de pruebas para su caso<\/h3>\n<p>La recopilaci\u00f3n de pruebas es esencial para construir un caso s\u00f3lido contra el conductor intoxicado. Comience por obtener una copia del informe policial, ya que puede contener detalles cruciales sobre el accidente y la deficiencia del otro conductor. Las declaraciones de los testigos tambi\u00e9n pueden ser valiosas, as\u00ed que si alguien vio el accidente, p\u00eddale su informaci\u00f3n de contacto.<\/p>\n<p>Adem\u00e1s, recopile cualquier grabaci\u00f3n de v\u00eddeo disponible de empresas cercanas o c\u00e1maras de tr\u00e1fico. Estas pruebas pueden ayudar a establecer las circunstancias del accidente. Lleve un registro detallado de su tratamiento m\u00e9dico, incluyendo facturas y recibos, ya que ser\u00e1n necesarios para calcular su indemnizaci\u00f3n m\u00e1s adelante.<\/p>\n<p>Por \u00faltimo, consulte a un abogado experto en accidentes por conducci\u00f3n bajo los efectos del alcohol. Ellos pueden guiarle a trav\u00e9s del proceso legal y ayudarle a reunir las pruebas necesarias para apoyar su caso. Contar con representaci\u00f3n legal experimentada es vital para responsabilizar a los conductores ebrios y buscar la compensaci\u00f3n que usted merece.<\/p>\n<h2>Establecer la responsabilidad en casos de conducci\u00f3n bajo los efectos del alcohol<\/h2>\n<p>Cuando se trata de accidentes por conducir ebrio, probar la culpa es esencial para asegurar la compensaci\u00f3n. En Memphis, el marco legal permite a las v\u00edctimas responsabilizar a los conductores ebrios por sus acciones imprudentes. Establecer la responsabilidad comienza con la recopilaci\u00f3n de pruebas cruciales que demuestren la negligencia del otro conductor. Esto puede incluir informes policiales, declaraciones de testigos, e incluso im\u00e1genes de v\u00eddeo de la escena del accidente.<\/p>\n<p>Dram shop leyes tambi\u00e9n desempe\u00f1an un papel importante en estos casos. En Tennessee, estas leyes tienen establecimientos responsables si sirven alcohol a personas visiblemente intoxicadas. Si el conductor ebrio fue servido en exceso en un bar o restaurante, ese establecimiento puede compartir la responsabilidad por el accidente resultante. Esto a\u00f1ade otra capa a su reclamo, ya que abre nuevas v\u00edas para la b\u00fasqueda de una indemnizaci\u00f3n.<\/p>\n<p>Para construir un caso s\u00f3lido, su abogado especializado en accidentes de tr\u00e1fico analizar\u00e1 todas las pruebas e identificar\u00e1 a las partes responsables. Este examen exhaustivo es crucial para asegurar que usted reciba una compensaci\u00f3n completa por sus lesiones. Mediante la comprensi\u00f3n de las complejidades de la responsabilidad en los casos de conducci\u00f3n bajo los efectos del alcohol, usted puede navegar mejor el proceso legal y buscar la justicia de manera efectiva.<\/p>\n<p><a href=\"https:\/\/mogylawtn.com\/wp-content\/uploads\/2025\/03\/Memphis-car-accident-lawyer.jpg\"><img decoding=\"async\" class=\"alignnone size-full wp-image-2959\" src=\"https:\/\/mogylawtn.com\/wp-content\/uploads\/2025\/03\/Memphis-car-accident-lawyer.jpg\" alt=\"Memphis car accident lawyer\" width=\"500\" height=\"314\" srcset=\"https:\/\/mogylawtn.com\/wp-content\/uploads\/2025\/03\/Memphis-car-accident-lawyer.jpg 500w, https:\/\/mogylawtn.com\/wp-content\/uploads\/2025\/03\/Memphis-car-accident-lawyer-300x188.jpg 300w\" sizes=\"(max-width: 500px) 100vw, 500px\" \/><\/a><\/p>\n<h2>Indemnizaci\u00f3n para v\u00edctimas de accidentes por conducci\u00f3n bajo los efectos del alcohol<\/h2>\n<h3>Tipos de indemnizaci\u00f3n disponibles<\/h3>\n<p>Si ha resultado herido en un accidente por conducir ebrio, puede tener derecho a varias formas de indemnizaci\u00f3n. Esto puede incluir la cobertura de facturas m\u00e9dicas, salarios perdidos y da\u00f1os a la propiedad. Los gastos m\u00e9dicos cubren todo, desde las facturas del hospital hasta la terapia continuada de las lesiones sufridas en el accidente. Los salarios perdidos se refieren a los ingresos que deja de percibir mientras se recupera. La indemnizaci\u00f3n por da\u00f1os materiales cubre las reparaciones necesarias para su veh\u00edculo o cualquier pertenencia personal da\u00f1ada en el accidente.<\/p>\n<p>Adem\u00e1s, las v\u00edctimas pueden solicitar indemnizaci\u00f3n por da\u00f1os no econ\u00f3micos. Estos pueden incluir dolor y sufrimiento, angustia emocional y p\u00e9rdida del disfrute de la vida. Cada uno de estos factores desempe\u00f1a un papel crucial en el paquete global de indemnizaci\u00f3n que usted puede solicitar.<\/p>\n<h3>C\u00e1lculo de una indemnizaci\u00f3n justa<\/h3>\n<p>Determinar la cantidad justa de indemnizaci\u00f3n requiere una evaluaci\u00f3n cuidadosa de su situaci\u00f3n. Un abogado con experiencia en accidentes por conducir ebrio puede ayudarle a reunir pruebas y calcular sus p\u00e9rdidas con precisi\u00f3n. Esto incluye la evaluaci\u00f3n de los registros m\u00e9dicos, historial de trabajo, y cualquier otra documentaci\u00f3n que apoye su reclamo.<\/p>\n<p>El objetivo es conseguir una indemnizaci\u00f3n completa por todos los da\u00f1os sufridos. Este proceso puede ser complejo, especialmente cuando se trata con compa\u00f1\u00edas de seguros. A menudo intentan minimizar los pagos. Contar con un abogado con experiencia en accidentes de tr\u00e1fico a su lado puede ayudarle a superar estos retos y defender sus derechos de forma eficaz.<\/p>\n<p>En resumen, entender los tipos de indemnizaci\u00f3n disponibles y c\u00f3mo calcularlos es esencial para las v\u00edctimas. Cada caso es \u00fanico, y tener un abogado experto en accidentes de coche puede marcar una diferencia significativa en su b\u00fasqueda de la justicia y la recuperaci\u00f3n.<\/p>\n<h2>P\u00f3ngase en contacto con Mogy Law hoy<\/h2>\n<p>Si usted o un ser querido ha sido afectado por un accidente de conducir ebrio, es crucial buscar ayuda legal. En Mogy Law, entendemos los desaf\u00edos que enfrenta y estamos comprometidos a ayudarle a navegar a trav\u00e9s de este dif\u00edcil momento. Nuestro equipo legal experimentado est\u00e1 aqu\u00ed para guiarle en cada paso del camino.<\/p>\n<h3>Programe su consulta gratuita<\/h3>\n<p>No espere para tomar acci\u00f3n. Programe su consulta gratuita con nuestros abogados expertos en accidentes por conducir ebrio hoy mismo. Durante esta reuni\u00f3n, vamos a discutir los detalles de su caso, responder a sus preguntas, y delinear sus opciones. Usted merece tener un defensor bien informado de su lado que trabajar\u00e1 incansablemente para asegurar la compensaci\u00f3n que necesita para recuperarse.<\/p>\n","protected":false},"excerpt":{"rendered":"<p>Comprender el impacto de los accidentes por conducir ebrio Los accidentes por conducir bajo los efectos del alcohol tienen efectos de gran alcance sobre las v\u00edctimas, las familias y las comunidades. La decisi\u00f3n de conducir bajo los efectos del alcohol suele tener consecuencias tr\u00e1gicas. Estos accidentes pueden resultar en lesiones graves, traumas emocionales y cargas [&hellip;]<\/p>\n","protected":false},"author":25,"featured_media":0,"parent":3301,"menu_order":0,"comment_status":"closed","ping_status":"closed","template":"","meta":{"_acf_changed":false,"anchor_text":"","footnotes":""},"class_list":["post-3304","page","type-page","status-publish","hentry"],"acf":[],"_links":{"self":[{"href":"https:\/\/mogylawtn.com\/es\/wp-json\/wp\/v2\/pages\/3304","targetHints":{"allow":["GET"]}}],"collection":[{"href":"https:\/\/mogylawtn.com\/es\/wp-json\/wp\/v2\/pages"}],"about":[{"href":"https:\/\/mogylawtn.com\/es\/wp-json\/wp\/v2\/types\/page"}],"author":[{"embeddable":true,"href":"https:\/\/mogylawtn.com\/es\/wp-json\/wp\/v2\/users\/25"}],"replies":[{"embeddable":true,"href":"https:\/\/mogylawtn.com\/es\/wp-json\/wp\/v2\/comments?post=3304"}],"version-history":[{"count":2,"href":"https:\/\/mogylawtn.com\/es\/wp-json\/wp\/v2\/pages\/3304\/revisions"}],"predecessor-version":[{"id":3305,"href":"https:\/\/mogylawtn.com\/es\/wp-json\/wp\/v2\/pages\/3304\/revisions\/3305"}],"up":[{"embeddable":true,"href":"https:\/\/mogylawtn.com\/es\/wp-json\/wp\/v2\/pages\/3301"}],"wp:attachment":[{"href":"https:\/\/mogylawtn.com\/es\/wp-json\/wp\/v2\/media?parent=3304"}],"curies":[{"name":"wp","href":"https:\/\/api.w.org\/{rel}","templated":true}]}}