{"id":3307,"date":"2025-10-31T08:04:26","date_gmt":"2025-10-31T14:04:26","guid":{"rendered":"https:\/\/mogylawtn.com\/memphis\/memphis-abogado-de-accidente-de-motocicleta\/"},"modified":"2025-03-18T01:44:06","modified_gmt":"2025-03-18T07:44:06","slug":"memphis-abogado-de-accidente-de-motocicleta","status":"publish","type":"page","link":"https:\/\/mogylawtn.com\/es\/memphis\/memphis-abogado-de-accidente-de-motocicleta\/","title":{"rendered":"Memphis Abogado de Accidente de Motocicleta"},"content":{"rendered":"<h2>\u00bfPor qu\u00e9 elegir Mogy Law Firm para su caso de accidente de motocicleta?<\/h2>\n<p>Cuando usted ha estado involucrado en un accidente de motocicleta, la elecci\u00f3n de la representaci\u00f3n legal adecuada es crucial. Mogy Law Firm se destaca como la mejor opci\u00f3n para las v\u00edctimas de accidentes de motocicleta en Memphis, TN. Nuestros experimentados abogados de lesiones personales est\u00e1n comprometidos con su recuperaci\u00f3n.<\/p>\n<p>Entendemos los desaf\u00edos \u00fanicos que enfrentan los motociclistas despu\u00e9s de un accidente. Nuestro equipo de abogados de accidentes de motocicleta en Memphis est\u00e1 bien versado en el manejo de estos casos y est\u00e1 listo para luchar por sus derechos.<\/p>\n<p><img fetchpriority=\"high\" decoding=\"async\" class=\"alignnone wp-image-2715 size-full\" src=\"https:\/\/mogylawtn.com\/wp-content\/uploads\/2025\/02\/motorcycle-accident-victim.webp\" alt=\"A motorcycle on the road after a truck accident or car accident. The at-fault driver looks on in shock. The rider might have severe brain trauma or even more severe injuries sustained in the car crash. A motorcycle accident lawyer could help the rider here.\" width=\"600\" height=\"400\" srcset=\"https:\/\/mogylawtn.com\/wp-content\/uploads\/2025\/02\/motorcycle-accident-victim.webp 600w, https:\/\/mogylawtn.com\/wp-content\/uploads\/2025\/02\/motorcycle-accident-victim-300x200.webp 300w\" sizes=\"(max-width: 600px) 100vw, 600px\" \/><\/p>\n<h3>Abogados de accidentes de motocicleta en Memphis en los que puede confiar<\/h3>\n<p>Nuestra firma ofrece tarifas competitivas, lo que facilita el acceso a servicios legales de calidad sin la carga de altos honorarios. Creemos en un enfoque centrado en el cliente que da prioridad a sus necesidades. Trabajamos sobre una base de contingencia, lo que significa que s\u00f3lo paga si ganamos su caso.<\/p>\n<p>Esto asegura que usted pueda concentrarse en su recuperaci\u00f3n mientras nosotros manejamos las complejidades de su reclamo de accidente de motocicleta.<\/p>\n<p>En Mogy Law Firm, estamos orgullosos de nuestra capacidad para navegar por las complejidades de los casos de accidentes de motocicleta. Estamos dedicados a maximizar su compensaci\u00f3n y asegurar que usted reciba la justicia que se merece. Su recuperaci\u00f3n es nuestra misi\u00f3n, y estamos aqu\u00ed para apoyarle en cada paso del camino.<\/p>\n<p><a href=\"https:\/\/mogylawtn.com\/wp-content\/uploads\/2025\/02\/Motorcycle-accident-lawyer.webp\"><img decoding=\"async\" class=\"alignnone size-full wp-image-2775\" src=\"https:\/\/mogylawtn.com\/wp-content\/uploads\/2025\/02\/Motorcycle-accident-lawyer.webp\" alt=\"Common causes of motorcycle accidents in Memphis, TN\" width=\"614\" height=\"762\" srcset=\"https:\/\/mogylawtn.com\/wp-content\/uploads\/2025\/02\/Motorcycle-accident-lawyer.webp 614w, https:\/\/mogylawtn.com\/wp-content\/uploads\/2025\/02\/Motorcycle-accident-lawyer-242x300.webp 242w\" sizes=\"(max-width: 614px) 100vw, 614px\" \/><\/a><\/p>\n<h2>Los accidentes de moto y sus causas m\u00e1s comunes<\/h2>\n<p>Los accidentes de moto pueden ocurrir en un abrir y cerrar de ojos. Entender las causas comunes puede ayudar a los motoristas a estar m\u00e1s seguros en la carretera.<\/p>\n<p>Uno de los principales factores que contribuyen a los accidentes de motocicleta es la conducci\u00f3n distra\u00edda. Es posible que otros conductores no se fijen en las motocicletas, especialmente cuando hay mucho tr\u00e1fico. Esta falta de atenci\u00f3n puede provocar colisiones graves. Adem\u00e1s, los comportamientos imprudentes al volante, como el exceso de velocidad o los cambios de carril agresivos, aumentan el riesgo de accidente.<\/p>\n<p>Las motocicletas son menos estables que los coches, lo que las hace m\u00e1s susceptibles a accidentes causados por peligros de la carretera como baches, escombros o superficies mojadas.<\/p>\n<p>Otra causa importante es la conducci\u00f3n bajo los efectos del alcohol o las drogas. Ya sea debido al alcohol o a las drogas, la falta de juicio puede tener consecuencias catastr\u00f3ficas para los motoristas. Las condiciones meteorol\u00f3gicas tambi\u00e9n influyen: la lluvia o la niebla pueden reducir la visibilidad y la tracci\u00f3n, por lo que es fundamental que los motoristas ajusten la velocidad y la aproximaci\u00f3n.<\/p>\n<p>Comprender estas causas es esencial tanto para los motoristas como para los conductores. Al ser conscientes de estos riesgos, los motoristas pueden tomar medidas proactivas para protegerse. Este conocimiento puede ser vital en el desafortunado caso de un accidente.<\/p>\n<p>Si usted o un ser querido ha estado involucrado en un accidente de motocicleta, es importante consultar con abogados con experiencia en accidentes de motocicleta que pueden ayudar a navegar por las complejidades de su caso y abogar por sus derechos.<\/p>\n<p><img decoding=\"async\" class=\"alignnone size-full wp-image-2716\" src=\"https:\/\/mogylawtn.com\/wp-content\/uploads\/2025\/02\/motorcycle-accident-aftermath.webp\" alt=\"A motorcycle hit by a negligent driver, resulting in the rider needing medical treatment for motor vehicle injuries. The negligent party's insurance coverage will need to cover the results of this serious crash, such as damage to other motor vehicles or paying for the rider's head injuries, leg injuries, or other lower extremity injuries.\" width=\"600\" height=\"400\" srcset=\"https:\/\/mogylawtn.com\/wp-content\/uploads\/2025\/02\/motorcycle-accident-aftermath.webp 600w, https:\/\/mogylawtn.com\/wp-content\/uploads\/2025\/02\/motorcycle-accident-aftermath-300x200.webp 300w\" sizes=\"(max-width: 600px) 100vw, 600px\" \/><\/p>\n<h2>Qu\u00e9 hacer tras un accidente de moto<\/h2>\n<h3>Medidas inmediatas tras un accidente de moto<\/h3>\n<p>Tras un accidente de moto, su primera prioridad debe ser la seguridad. Si es posible, traslade su motocicleta y a usted mismo a un lugar seguro alejado del tr\u00e1fico. Compruebe si hay lesiones graves, tanto en usted como en los dem\u00e1s implicados.<\/p>\n<p>Llama al 911 para informar del accidente y solicita asistencia m\u00e9dica si hay heridos. Es crucial documentar la escena. Haz fotograf\u00edas del lugar del accidente, de tu motocicleta y de los dem\u00e1s veh\u00edculos implicados. Recopila informaci\u00f3n de contacto de testigos y otros conductores.<\/p>\n<p>Esta informaci\u00f3n ser\u00e1 vital para su reclamaci\u00f3n por accidente de motocicleta.<\/p>\n<p>Una vez que est\u00e9s en un lugar seguro, es esencial que informes del accidente a tu compa\u00f1\u00eda de seguros. S\u00e9 prudente al comentar los detalles del accidente; c\u00ed\u00f1ete a los hechos y evita admitir la culpa. Esto le ayudar\u00e1 a proteger sus derechos en el proceso de reclamaci\u00f3n.<\/p>\n<h3>Importancia de buscar atenci\u00f3n m\u00e9dica para las lesiones por accidente de moto<\/h3>\n<p>Aunque te encuentres bien despu\u00e9s del accidente, es importante que busques atenci\u00f3n m\u00e9dica. Algunas lesiones graves, como lesiones internas o lesiones cerebrales traum\u00e1ticas, pueden no ser evidentes de inmediato. Un profesional m\u00e9dico puede evaluar su estado y proporcionarle el tratamiento necesario.<\/p>\n<p>Esta documentaci\u00f3n es crucial para su reclamaci\u00f3n por lesiones personales. Establece un v\u00ednculo claro entre el accidente y las lesiones sufridas, lo que es esencial para obtener una indemnizaci\u00f3n.<\/p>\n<p>Recuerde que su salud es lo primero. Si experimenta alg\u00fan s\u00edntoma inusual despu\u00e9s del accidente, no dude en buscar m\u00e1s atenci\u00f3n m\u00e9dica. Dar prioridad a tu bienestar es el mejor paso que puedes dar tras un accidente de moto.<\/p>\n<h2>Indemnizaci\u00f3n para v\u00edctimas de accidentes de moto<\/h2>\n<h3>Tipos de indemnizaci\u00f3n a los que puede tener derecho<\/h3>\n<p>Si ha sufrido un accidente de moto, puede tener derecho a varias formas de indemnizaci\u00f3n. Esta indemnizaci\u00f3n puede cubrir los gastos m\u00e9dicos, los salarios perdidos y el dolor y el sufrimiento.<\/p>\n<p>Los gastos m\u00e9dicos incluyen los costes del tratamiento inmediato, la rehabilitaci\u00f3n en curso y cualquier futura atenci\u00f3n m\u00e9dica necesaria debido a sus lesiones. Los salarios perdidos se refieren a los ingresos que deja de percibir mientras se recupera. La indemnizaci\u00f3n por da\u00f1o moral se refiere a la angustia emocional y f\u00edsica causada por el accidente.<\/p>\n<p>En casos graves, tambi\u00e9n puede solicitar una indemnizaci\u00f3n por las repercusiones a largo plazo en su calidad de vida.<\/p>\n<p>Adem\u00e1s, si ha sufrido lesiones catastr\u00f3ficas, como lesiones medulares o cerebrales traum\u00e1ticas, la indemnizaci\u00f3n puede ser a\u00fan m\u00e1s importante. Estas lesiones suelen conllevar necesidades m\u00e9dicas de por vida y ajustes en la vida diaria, lo que puede aumentar su carga financiera.<\/p>\n<h3>Como los abogados de accidentes de motocicleta de Mogy Law Firm pueden maximizar su compensaci\u00f3n<\/h3>\n<p>En Mogy Law Firm, nuestros abogados experimentados en accidentes de motocicleta trabajan diligentemente para maximizar la compensaci\u00f3n que usted recibe. Empezamos por investigar a fondo su caso, reunir pruebas y documentar todos los aspectos de sus lesiones y p\u00e9rdidas. Nuestro equipo legal entiende los matices de las reclamaciones de accidentes de motocicleta y c\u00f3mo presentar su caso de lesiones personales con eficacia.<\/p>\n<p>Negociamos con las compa\u00f1\u00edas de seguros en su nombre, asegur\u00e1ndonos de que tomen en serio su reclamaci\u00f3n y le ofrezcan un acuerdo justo. Nuestro compromiso es luchar por sus derechos y recuperar la compensaci\u00f3n m\u00e1xima disponible bajo la ley de Tennessee. Si es necesario, estamos preparados para llevar su demanda de accidente de motocicleta a los tribunales para asegurar que usted reciba la compensaci\u00f3n que se merece.<\/p>\n<p>Elegir Mogy Law Firm significa tener un equipo dedicado que prioriza su recuperaci\u00f3n y estabilidad financiera. Estamos aqu\u00ed para apoyarle en cada paso del camino.<\/p>\n<h2>Las compa\u00f1\u00edas de seguros y las reclamaciones judiciales<\/h2>\n<h3>Desaf\u00edos con las compa\u00f1\u00edas de seguros en casos de accidentes de moto<\/h3>\n<p>Tratar con las compa\u00f1\u00edas de seguros despu\u00e9s de un accidente de moto puede ser complicado. A menudo, estas empresas dan prioridad a su l\u00ednea de fondo sobre su recuperaci\u00f3n. Pueden intentar minimizar su reclamaci\u00f3n o retrasar el proceso, dej\u00e1ndole frustrado.<\/p>\n<p>Los peritos de seguros est\u00e1n entrenados para negociar, y pueden utilizar varias t\u00e1cticas para socavar su caso. Pueden cuestionar la gravedad de sus lesiones o incluso intentar culparle a usted del accidente. Comprender estos retos es crucial para gestionar eficazmente su reclamaci\u00f3n.<\/p>\n<h3>Como Mogy Law Firm defiende sus derechos<\/h3>\n<p>En Mogy Law Firm, estamos comprometidos a proteger sus derechos y asegurar que usted reciba la compensaci\u00f3n que se merece. Nuestros abogados con experiencia en accidentes de motocicleta saben c\u00f3mo navegar por las complejidades de las reclamaciones de seguros. Reunimos pruebas, incluyendo informes policiales, registros m\u00e9dicos y declaraciones de testigos, para construir un caso s\u00f3lido en su nombre.<\/p>\n<p>Nuestro equipo se encargar\u00e1 de todas las comunicaciones con la compa\u00f1\u00eda de seguros, lo que le permite centrarse en su recuperaci\u00f3n. Lucharemos contra las ofertas a la baja y presionaremos para conseguir un acuerdo justo que refleje el verdadero impacto de sus lesiones.<\/p>\n<p>Con nosotros a su lado, usted puede sentirse seguro de que sus derechos est\u00e1n siendo ferozmente defendidos.<\/p>\n<p><img loading=\"lazy\" decoding=\"async\" class=\"alignnone size-full wp-image-2717\" src=\"https:\/\/mogylawtn.com\/wp-content\/uploads\/2025\/02\/motorcycle-accident-lawyer-1.webp\" alt=\"A wrecked motorycle after an accident occurred. The rider needed immediate medical attention for his life-changing injuries after this head-on collision. An experienced attorney could help here significantly.\" width=\"600\" height=\"400\" srcset=\"https:\/\/mogylawtn.com\/wp-content\/uploads\/2025\/02\/motorcycle-accident-lawyer-1.webp 600w, https:\/\/mogylawtn.com\/wp-content\/uploads\/2025\/02\/motorcycle-accident-lawyer-1-300x200.webp 300w\" sizes=\"(max-width: 600px) 100vw, 600px\" \/><\/p>\n<h2>El alcance geogr\u00e1fico y la experiencia local de Mogy Law Firm<\/h2>\n<h3>Abogado de Accidente de Motocicleta: Memphis, y M\u00e1s All\u00e1<\/h3>\n<p>En Mogy Law Firm, estamos orgullosos de servir a las v\u00edctimas de accidentes de motocicleta en todo Memphis y Tennessee. Nuestro profundo conocimiento de la ley de Tennessee nos permite abogar eficazmente por sus derechos.<\/p>\n<p>Ya sea que se encuentre en centros urbanos concurridos o en un \u00e1rea m\u00e1s rural, nuestros abogados experimentados en accidentes de motocicleta est\u00e1n listos para ayudarle. Conocemos las carreteras locales, los patrones de tr\u00e1fico y los desaf\u00edos comunes que enfrentan los motociclistas en esta regi\u00f3n. Este conocimiento local nos ayuda a construir casos fuertes para nuestros clientes.<\/p>\n<h3>C\u00f3mo nuestros abogados de accidentes de motocicleta pueden ayudar<\/h3>\n<p>Mogy Law Firm quiere ayudar con su caso. Ya sea que est\u00e9 enfrentando lesiones graves o facturas m\u00e9dicas crecientes por faltar al trabajo, nuestros abogados de accidentes de motocicleta de Tennessee pueden ofrecerle apoyo hoy. No luche solo si ha sufrido lesiones en un accidente de motocicleta: p\u00f3ngase en contacto con nosotros hoy.<\/p>\n<p>Si usted se encuentra en necesidad de un abogado de accidente de motocicleta en Memphis o en otro lugar, nuestro equipo legal dedicado est\u00e1 aqu\u00ed para proporcionar el apoyo que necesita.<\/p>\n<p>Estamos comprometidos a asegurar que cada cliente reciba atenci\u00f3n personalizada, independientemente de su ubicaci\u00f3n. Cuando usted elige Mogy Law Firm, usted obtiene acceso a una red de abogados expertos que est\u00e1n listos para luchar por sus derechos y asegurar la compensaci\u00f3n que se merece.<\/p>\n<h2>Conozca a Nuestro Equipo Legal<\/h2>\n<p>En Mogy Law Firm, nuestro equipo legal est\u00e1 dedicado a proveerle con el m\u00e1s alto nivel de representaci\u00f3n para su caso de accidente de motocicleta. Todos nuestros abogados aportan una amplia experiencia y un profundo conocimiento de la ley de lesiones personales.<\/p>\n<p>Mogy Law Firm tiene un historial probado en la obtenci\u00f3n de resultados favorables para las v\u00edctimas de accidentes de motocicleta, haciendo de nuestros abogados una opci\u00f3n de confianza para aquellos que buscan justicia y compensaci\u00f3n para su demanda por lesiones.<\/p>\n<h3>Manejando su caso con compasi\u00f3n<\/h3>\n<p>Nuestro equipo de especialistas no son s\u00f3lo abogados; son apasionados defensores de las v\u00edctimas de accidentes de motocicleta. Con a\u00f1os de experiencia en la ley de lesiones personales, entienden los desaf\u00edos que enfrentan los motociclistas despu\u00e9s de un accidente.<\/p>\n<p>Nuestro compromiso de luchar por los derechos de nuestros clientes es inquebrantable. El enfoque de Mogy Law Firm es minucioso y estrat\u00e9gico, asegurando que cada detalle de su caso sea abordado. Trabajaremos incansablemente para construir un caso fuerte que maximice la compensaci\u00f3n de su demanda por lesiones personales y le ayude a recuperarse de sus lesiones.<\/p>\n<h3>Encuentre defensa apasionada en Mogy Law Firm<\/h3>\n<p>Nuestro equipo incluye abogados apasionados que se especializan en casos de colisi\u00f3n de motocicleta. Cada miembro aporta una experiencia \u00fanica, asegurando que cubrimos todos los aspectos de su reclamo. Desde las consultas iniciales hasta las negociaciones con las compa\u00f1\u00edas de seguros, nuestro equipo legal est\u00e1 aqu\u00ed para apoyarle en cada paso del camino.<\/p>\n<p>Estamos orgullosos de nuestro enfoque centrado en el cliente, dando prioridad a sus necesidades y preocupaciones durante todo el proceso legal. Con Mogy Law Firm, usted no es s\u00f3lo otro caso; usted es un cliente valioso que merece la mejor representaci\u00f3n legal.<\/p>\n<h2>Programe una consulta gratuita con Mogy Law Firm<\/h2>\n<h3>Como Empezar con su Reclamo de Accidente de Motocicleta<\/h3>\n<p>Si usted ha estado involucrado en un accidente de motocicleta, dar el primer paso puede sentirse abrumador. Mogy Law Firm est\u00e1 aqu\u00ed para ayudarle desde el momento en que se comunique con nosotros. Nuestro equipo de abogados con experiencia en accidentes de motocicleta est\u00e1 listo para escuchar su historia y evaluar su situaci\u00f3n.<\/p>\n<p>Durante su consulta gratuita, vamos a discutir los detalles de su caso y esbozar los pr\u00f3ximos pasos que debe tomar. Esta reuni\u00f3n inicial es crucial para la comprensi\u00f3n de sus derechos y la compensaci\u00f3n potencial que puede tener derecho.<\/p>\n<p>Entendemos que cada caso de accidente de motocicleta es diferente. Nuestro equipo legal adaptar\u00e1 nuestro enfoque para satisfacer sus necesidades espec\u00edficas. Le guiaremos a trav\u00e9s de las complejidades del proceso de reclamaci\u00f3n, asegur\u00e1ndonos de que se siente apoyado en cada paso del camino.<\/p>\n<h3>Informaci\u00f3n de contacto y oficinas<\/h3>\n<p>Ponerse en contacto con nosotros es muy sencillo. Puede llamar a nuestra oficina de Memphis al <a href=\"tel:+14143345472\"><i class=\"fa fa-phone-alt\"><\/i>(414) 334-5472<\/a> o rellenar nuestro formulario de contacto en l\u00ednea. No dude en ponerse en contacto. Cuanto antes se ponga en contacto con nosotros, antes podremos empezar a trabajar en su caso de accidente de motocicleta. Recuerde, usted merece una compensaci\u00f3n justa por sus lesiones y p\u00e9rdidas. Deje que Mogy Law Firm luche por sus derechos y le ayude a recuperarse de esta experiencia desafiante.<\/p>\n","protected":false},"excerpt":{"rendered":"<p>\u00bfPor qu\u00e9 elegir Mogy Law Firm para su caso de accidente de motocicleta? Cuando usted ha estado involucrado en un accidente de motocicleta, la elecci\u00f3n de la representaci\u00f3n legal adecuada es crucial. Mogy Law Firm se destaca como la mejor opci\u00f3n para las v\u00edctimas de accidentes de motocicleta en Memphis, TN. Nuestros experimentados abogados de [&hellip;]<\/p>\n","protected":false},"author":22,"featured_media":3159,"parent":3295,"menu_order":0,"comment_status":"closed","ping_status":"closed","template":"","meta":{"_acf_changed":false,"anchor_text":"","footnotes":""},"class_list":["post-3307","page","type-page","status-publish","has-post-thumbnail","hentry"],"acf":[],"_links":{"self":[{"href":"https:\/\/mogylawtn.com\/es\/wp-json\/wp\/v2\/pages\/3307","targetHints":{"allow":["GET"]}}],"collection":[{"href":"https:\/\/mogylawtn.com\/es\/wp-json\/wp\/v2\/pages"}],"about":[{"href":"https:\/\/mogylawtn.com\/es\/wp-json\/wp\/v2\/types\/page"}],"author":[{"embeddable":true,"href":"https:\/\/mogylawtn.com\/es\/wp-json\/wp\/v2\/users\/22"}],"replies":[{"embeddable":true,"href":"https:\/\/mogylawtn.com\/es\/wp-json\/wp\/v2\/comments?post=3307"}],"version-history":[{"count":2,"href":"https:\/\/mogylawtn.com\/es\/wp-json\/wp\/v2\/pages\/3307\/revisions"}],"predecessor-version":[{"id":3309,"href":"https:\/\/mogylawtn.com\/es\/wp-json\/wp\/v2\/pages\/3307\/revisions\/3309"}],"up":[{"embeddable":true,"href":"https:\/\/mogylawtn.com\/es\/wp-json\/wp\/v2\/pages\/3295"}],"wp:featuredmedia":[{"embeddable":true,"href":"https:\/\/mogylawtn.com\/es\/wp-json\/wp\/v2\/media\/3159"}],"wp:attachment":[{"href":"https:\/\/mogylawtn.com\/es\/wp-json\/wp\/v2\/media?parent=3307"}],"curies":[{"name":"wp","href":"https:\/\/api.w.org\/{rel}","templated":true}]}}