{"id":3310,"date":"2025-02-05T17:34:57","date_gmt":"2025-02-05T23:34:57","guid":{"rendered":"https:\/\/mogylawtn.com\/memphis\/abogado-de-accidentes-de-peatones-en-memphis\/"},"modified":"2025-03-18T01:59:31","modified_gmt":"2025-03-18T07:59:31","slug":"abogado-de-accidentes-de-peatones-en-memphis","status":"publish","type":"page","link":"https:\/\/mogylawtn.com\/es\/memphis\/abogado-de-accidentes-de-peatones-en-memphis\/","title":{"rendered":"Abogado de accidentes de peatones en Memphis"},"content":{"rendered":"<h2>La comprensi\u00f3n de los accidentes de peatones en Memphis<\/h2>\n<p>Memphis es una ciudad bulliciosa con tr\u00e1fico peatonal pesado, por lo que los accidentes peatonales una preocupaci\u00f3n significativa. Los accidentes de peatones se producen cuando las personas que caminan son golpeados por veh\u00edculos de motor. Estos incidentes pueden causar lesiones graves o incluso mortales.<\/p>\n<p>Comprender la naturaleza de estos accidentes es crucial tanto para los peatones como para los conductores. Si usted ha estado involucrado en una colisi\u00f3n de coche mientras estaba a pie, es necesario llegar a un abogado con experiencia en lesiones personales.<\/p>\n<p>Varios factores contribuyen a los accidentes de peatones en Memphis. Las intersecciones ocupadas, se\u00f1ales de tr\u00e1fico insuficientes, y la conducci\u00f3n distra\u00edda son causas comunes. Muchos accidentes de peatones ocurren en zonas escolares, estacionamientos y a lo largo de calles concurridas y peligrosas.<\/p>\n<p>El aumento del tr\u00e1fico peatonal en estas zonas aumenta el riesgo de colisiones. Adem\u00e1s, los conductores que no ceden el paso a los peatones en los pasos de peatones se\u00f1alizados pueden tener consecuencias devastadoras.<\/p>\n<p><img fetchpriority=\"high\" decoding=\"async\" class=\"alignnone wp-image-2663 size-full\" src=\"https:\/\/mogylawtn.com\/wp-content\/uploads\/2025\/02\/pedestrian-accident-lawyer.webp\" alt=\"A man lies motionless in a crosswalk after being hit by a car. He could use a pedestrian accident lawyer to help him in this scenario.\" width=\"600\" height=\"450\" srcset=\"https:\/\/mogylawtn.com\/wp-content\/uploads\/2025\/02\/pedestrian-accident-lawyer.webp 600w, https:\/\/mogylawtn.com\/wp-content\/uploads\/2025\/02\/pedestrian-accident-lawyer-300x225.webp 300w\" sizes=\"(max-width: 600px) 100vw, 600px\" \/><\/p>\n<h3>Por qu\u00e9 necesita un abogado de accidentes de peatones<\/h3>\n<p>Las consecuencias de los accidentes de peatones pueden ser graves. Las v\u00edctimas a menudo sufren lesiones graves, incluyendo fracturas de huesos, lesiones de la m\u00e9dula espinal y lesiones cerebrales traum\u00e1ticas. El impacto de estos accidentes se extiende m\u00e1s all\u00e1 de estas lesiones comunes, tambi\u00e9n. Las v\u00edctimas pueden sufrir angustia emocional y cargas financieras debido a los gastos m\u00e9dicos y los salarios perdidos.<\/p>\n<p>Tanto los peatones como los conductores deben ser conscientes de lo que les rodea. Mediante la comprensi\u00f3n de las causas comunes de accidentes de peatones, podemos trabajar juntos para crear un entorno m\u00e1s seguro para todos.<\/p>\n<p>Si usted o un ser querido ha estado involucrado en un accidente de peatones, la b\u00fasqueda de orientaci\u00f3n legal es vital para proteger sus derechos y perseguir la recuperaci\u00f3n financiera justa.<\/p>\n<h2>Derechos y opciones legales para las v\u00edctimas de accidentes de peatones<\/h2>\n<p>Si usted est\u00e1 involucrado en un accidente de peatones, la comprensi\u00f3n de sus derechos legales es crucial. Los peatones tienen protecciones espec\u00edficas bajo la ley, y el conocimiento de estos derechos puede afectar significativamente el resultado de su caso. Cuando un peat\u00f3n es atropellado por un veh\u00edculo de motor, la parte culpable puede ser responsable de los da\u00f1os.<\/p>\n<p>Esto incluye gastos m\u00e9dicos, salarios perdidos y da\u00f1os no econ\u00f3micos como dolor y sufrimiento.<\/p>\n<p>Las v\u00edctimas de accidentes de tr\u00e1fico de peatones a menudo se enfrentan a una variedad de desaf\u00edos. Estos pueden ir desde tratar con las compa\u00f1\u00edas de seguros a la comprensi\u00f3n de los matices de las leyes de negligencia comparativa. En muchos casos, el conductor puede argumentar que el peat\u00f3n tuvo la culpa, lo que complica a\u00fan m\u00e1s el proceso de reclamaciones.<\/p>\n<p>Esta es la raz\u00f3n por la que es esencial contar con un abogado experto en accidentes de peatones en Memphis. Un abogado con experiencia puede ayudar a navegar por estas complejidades y abogar por sus derechos legales.<\/p>\n<p><a href=\"https:\/\/mogylawtn.com\/wp-content\/uploads\/2025\/02\/Pedestrian-accident-lawyer-1.webp\"><img decoding=\"async\" class=\"alignnone size-full wp-image-2787\" src=\"https:\/\/mogylawtn.com\/wp-content\/uploads\/2025\/02\/Pedestrian-accident-lawyer-1.webp\" alt=\"Way a pedestrian accident lawyer can help with a pedestrian accident case\" width=\"600\" height=\"594\" srcset=\"https:\/\/mogylawtn.com\/wp-content\/uploads\/2025\/02\/Pedestrian-accident-lawyer-1.webp 600w, https:\/\/mogylawtn.com\/wp-content\/uploads\/2025\/02\/Pedestrian-accident-lawyer-1-300x297.webp 300w, https:\/\/mogylawtn.com\/wp-content\/uploads\/2025\/02\/Pedestrian-accident-lawyer-1-150x150.webp 150w\" sizes=\"(max-width: 600px) 100vw, 600px\" \/><\/a><\/p>\n<h3>C\u00f3mo puede ayudarle un abogado de accidentes de peatones de Memphis<\/h3>\n<p>Sus opciones pueden incluir la presentaci\u00f3n de una demanda por lesiones personales contra la parte responsable. Este proceso implica la recopilaci\u00f3n de pruebas, tales como informes policiales, declaraciones de testigos y registros m\u00e9dicos, para apoyar su reclamo.<\/p>\n<p>Adem\u00e1s, si el conductor no tiene seguro o tiene un seguro insuficiente, es posible que tenga que explorar v\u00edas alternativas para obtener una indemnizaci\u00f3n.<\/p>\n<p>Es importante actuar con rapidez despu\u00e9s de un accidente para preservar sus derechos. Hay l\u00edmites de tiempo para presentar una reclamaci\u00f3n, y los retrasos pueden poner en peligro su capacidad para recuperar la compensaci\u00f3n. Consultar con un abogado de accidentes de peatones puede proporcionar claridad sobre sus opciones legales y el mejor curso de acci\u00f3n.<\/p>\n<p>Estar informado sobre sus derechos y opciones legales como v\u00edctima de un accidente de peat\u00f3n puede darle el poder para buscar la compensaci\u00f3n que se merece. Con la representaci\u00f3n legal adecuada, puede navegar por las secuelas de un accidente y centrarse en su recuperaci\u00f3n.<\/p>\n<p><img decoding=\"async\" class=\"alignnone size-full wp-image-2664\" src=\"https:\/\/mogylawtn.com\/wp-content\/uploads\/2025\/02\/pedestrian-accident-crosswalk-1.webp\" alt=\"A crosswalk signal lights up green, indicating that pedestrians can walk through it.\" width=\"600\" height=\"400\" srcset=\"https:\/\/mogylawtn.com\/wp-content\/uploads\/2025\/02\/pedestrian-accident-crosswalk-1.webp 600w, https:\/\/mogylawtn.com\/wp-content\/uploads\/2025\/02\/pedestrian-accident-crosswalk-1-300x200.webp 300w\" sizes=\"(max-width: 600px) 100vw, 600px\" \/><\/p>\n<h2>Pasos a Seguir Tras un Accidente de Peat\u00f3n<\/h2>\n<h3>Medidas inmediatas para garantizar su seguridad y sus derechos legales<\/h3>\n<p>Si se ve implicado en un accidente de peat\u00f3n, su prioridad debe ser la seguridad. Si es posible, trasl\u00e1dese a un lugar seguro, alejado del tr\u00e1fico. Si se lesiona, busque atenci\u00f3n m\u00e9dica de inmediato. Aunque se sienta bien, es crucial que le examine un profesional m\u00e9dico.<\/p>\n<p>Las lesiones por accidente de peat\u00f3n, como conmociones cerebrales o lesiones internas, pueden no ser evidentes de inmediato. Documentar su estado es esencial para su posterior reclamaci\u00f3n por lesiones a peatones.<\/p>\n<p>A continuaci\u00f3n, llame a la polic\u00eda para denunciar el accidente. El atestado policial ser\u00e1 un documento importante para futuras reclamaciones. Aseg\u00farese de proporcionar informaci\u00f3n precisa y evite admitir la culpa en el lugar del accidente. La determinaci\u00f3n de la responsabilidad puede ser compleja, y es mejor dejar esa evaluaci\u00f3n a las autoridades y a su equipo legal.<\/p>\n<h3>Recopilaci\u00f3n de pruebas y documentaci\u00f3n<\/h3>\n<p>Despu\u00e9s de garantizar su seguridad, empiece a reunir pruebas. Tome fotograf\u00edas del lugar del accidente, incluidas las lesiones visibles, los da\u00f1os del veh\u00edculo y las se\u00f1ales de tr\u00e1fico pertinentes. Recopile informaci\u00f3n de contacto de testigos que puedan proporcionar declaraciones sobre lo que observaron. Esta informaci\u00f3n ser\u00e1 muy valiosa para su caso.<\/p>\n<p>Aseg\u00farese de llevar un registro de todos los tratamientos m\u00e9dicos que reciba. Esto incluye las visitas al hospital, las recetas y cualquier atenci\u00f3n de seguimiento. Documentar sus gastos m\u00e9dicos es fundamental para su caso de accidente de peat\u00f3n, ya que estos costes se tendr\u00e1n en cuenta en su reclamaci\u00f3n de indemnizaci\u00f3n.<\/p>\n<h3>Navegar por el proceso de reclamaci\u00f3n<\/h3>\n<p>Una vez que haya tomado las medidas inmediatas necesarias, es hora de considerar sus opciones legales. La contrataci\u00f3n de un abogado con experiencia en accidentes de peatones puede ayudarle a navegar por el proceso de reclamaciones de manera eficaz.<\/p>\n<p>Ellos pueden ayudarle a presentar su reclamaci\u00f3n por lesiones de peatones con la compa\u00f1\u00eda de seguros y garantizar que sus derechos est\u00e1n protegidos durante todo el proceso.<\/p>\n<p>Su abogado le ayudar\u00e1 a entender los matices de las leyes de negligencia comparativa y c\u00f3mo se aplican a su caso. Tambi\u00e9n trabajar\u00e1 para reunir toda la documentaci\u00f3n necesaria, incluidos los informes policiales y los historiales m\u00e9dicos, para construir un caso s\u00f3lido en su nombre.<\/p>\n<p>Recuerde, cuanto antes comience este proceso, mejores ser\u00e1n sus posibilidades de recuperar una compensaci\u00f3n justa por sus lesiones, salarios perdidos y angustia emocional. P\u00f3ngase en contacto con Mogy Law Firm para asegurarse de que tiene la representaci\u00f3n legal que necesita durante este tiempo dif\u00edcil.<\/p>\n<h2>\u00bfPor qu\u00e9 elegir Mogy Law Firm como su abogado de accidentes de peatones en Memphis?<\/h2>\n<p>Cuando se enfrenta con las consecuencias de un accidente de peat\u00f3n, su elecci\u00f3n de representaci\u00f3n legal puede afectar significativamente su recuperaci\u00f3n. En Mogy Law Firm, entendemos los desaf\u00edos que usted puede encontrar. Nuestro equipo est\u00e1 dedicado a proporcionarle el m\u00e1s alto nivel de apoyo legal adaptado a sus necesidades.<\/p>\n<h3>Equipo Legal Experimentado<\/h3>\n<p>Nuestros abogados con experiencia en accidentes de peatones tienen un profundo conocimiento de las leyes que rodean los accidentes de peatones en Memphis. Sabemos c\u00f3mo navegar por las complejidades de estos casos, asegurando que usted tiene un fuerte defensor a su lado.<\/p>\n<p>Nos centramos exclusivamente en casos de lesiones personales, lo que nos permite concentrar nuestros esfuerzos en asegurar los mejores resultados para nuestros clientes.<\/p>\n<h3>Enfoque centrado en el cliente<\/h3>\n<p>En Mogy Law Firm, nuestros clientes est\u00e1n en el centro de todo lo que hacemos. Damos prioridad a la comunicaci\u00f3n abierta y la transparencia en todo el proceso legal. Usted puede esperar que escuchemos sus preocupaciones, respondamos a sus preguntas, y le mantengamos informado sobre el progreso de su caso.<\/p>\n<p>Nuestro compromiso con su bienestar se extiende m\u00e1s all\u00e1 de la representaci\u00f3n legal; realmente nos preocupamos por su recuperaci\u00f3n y tranquilidad.<\/p>\n<h3>Tarifas competitivas<\/h3>\n<p>Creemos que la representaci\u00f3n legal de calidad debe ser accesible. Es por eso que ofrecemos tarifas competitivas, asegurando que usted reciba un servicio excepcional sin la carga financiera.<\/p>\n<p>Nuestra estructura de honorarios de contingencia significa que usted s\u00f3lo nos paga si ganamos su caso. Este enfoque alinea nuestros intereses con los suyos, motiv\u00e1ndonos a buscar la m\u00e1xima compensaci\u00f3n por sus lesiones y p\u00e9rdidas.<\/p>\n<p>Elegir Mogy Law Firm significa elegir un socio dedicado en su viaje de recuperaci\u00f3n. Estamos aqu\u00ed para luchar por sus derechos y ayudarle a navegar el camino hacia la justicia despu\u00e9s de un accidente de peatones. Perm\u00edtanos ser su abogado de confianza en accidentes de peatones en Memphis.<\/p>\n<h2>\u00bfCu\u00e1nto vale su caso de accidente de peat\u00f3n?<\/h2>\n<p>Cuando usted experimenta un accidente de peat\u00f3n, la comprensi\u00f3n del valor potencial de su caso es crucial. Varios factores influyen en la cantidad de compensaci\u00f3n que puede recibir.<\/p>\n<p>Estos incluyen la gravedad de sus lesiones, gastos m\u00e9dicos, salarios perdidos, y la angustia emocional.<\/p>\n<p>Cada elemento juega un papel importante en la determinaci\u00f3n del valor total de su demanda por lesiones de peatones.<\/p>\n<h3>Factores que influyen en el valor del caso<\/h3>\n<h4>Gravedad de las lesiones<\/h4>\n<p>Cuanto m\u00e1s graves sean sus lesiones, mayor ser\u00e1 la indemnizaci\u00f3n potencial. Las lesiones catastr\u00f3ficas, como las lesiones medulares o las fracturas \u00f3seas, suelen dar lugar a indemnizaciones m\u00e1s elevadas debido al impacto que tienen en su vida.<\/p>\n<h4>Gastos m\u00e9dicos<\/h4>\n<p>Todos los gastos relacionados con su tratamiento, incluidas las facturas del hospital, la fisioterapia y los cuidados continuados, se tienen en cuenta en su reclamaci\u00f3n. Si necesita atenci\u00f3n m\u00e9dica a largo plazo, el valor de su caso puede aumentar significativamente.<\/p>\n<h4>Salarios perdidos<\/h4>\n<p>Si sus lesiones le impiden trabajar, puede solicitar una indemnizaci\u00f3n por lucro cesante. Esto incluye los ingresos pasados y futuros afectados por su accidente.<\/p>\n<h4>Dolor y sufrimiento<\/h4>\n<p>Los da\u00f1os no econ\u00f3micos, como la angustia emocional y la p\u00e9rdida del disfrute de la vida, tambi\u00e9n pueden contribuir al valor de su caso. Estos da\u00f1os son subjetivos y dependen de las particularidades de su situaci\u00f3n.<\/p>\n<h4>Negligencia comparativa<\/h4>\n<p>Si usted comparte alguna responsabilidad por el accidente, esto puede afectar su compensaci\u00f3n. Tennessee sigue un sistema de negligencia comparativa, lo que significa que su compensaci\u00f3n puede reducirse en funci\u00f3n de su porcentaje de culpa.<\/p>\n<h3>Maximizando Compensaci\u00f3n con Mogy Law Firm<\/h3>\n<p>En Mogy Law Firm, estamos comprometidos a ayudarle a recuperar la m\u00e1xima compensaci\u00f3n posible para su caso de accidente peatonal. Nuestro equipo legal con experiencia evaluar\u00e1 a fondo su situaci\u00f3n y reunir\u00e1 las pruebas necesarias para apoyar su reclamo.<\/p>\n<p>Entendemos las complejidades involucradas y navegaremos el proceso de reclamaciones con diligencia.<\/p>\n<p>Al elegirnos como su abogado de accidentes de peatones Memphis, usted gana un socio dedicado centrado en su recuperaci\u00f3n. Vamos a negociar con las compa\u00f1\u00edas de seguros en su nombre, asegurando que sus derechos est\u00e1n protegidos, y usted recibe la compensaci\u00f3n justa que se merece.<\/p>\n<p>Si usted ha estado involucrado en un accidente de peatones, no dude en ponerse en contacto para una consulta gratuita. Comprender el valor de su caso es el primer paso hacia la recuperaci\u00f3n. Perm\u00edtanos ayudarle en este momento dif\u00edcil y luchar por la compensaci\u00f3n que necesita para seguir adelante.<\/p>\n<p><img loading=\"lazy\" decoding=\"async\" class=\"alignnone size-full wp-image-2665\" src=\"https:\/\/mogylawtn.com\/wp-content\/uploads\/2025\/02\/Pedestrian-accident-aftermath.webp\" alt=\"A woman reaches for her neck following a traffic accident.\" width=\"600\" height=\"316\" srcset=\"https:\/\/mogylawtn.com\/wp-content\/uploads\/2025\/02\/Pedestrian-accident-aftermath.webp 600w, https:\/\/mogylawtn.com\/wp-content\/uploads\/2025\/02\/Pedestrian-accident-aftermath-300x158.webp 300w\" sizes=\"(max-width: 600px) 100vw, 600px\" \/><\/p>\n<h2>Programe su consulta gratuita con Mogy Law Firm<\/h2>\n<p>Si usted ha estado involucrado en un accidente peatonal en Memphis, es crucial buscar orientaci\u00f3n legal tan pronto como sea posible. En Mogy Law Firm, entendemos el impacto que los accidentes de peatones pueden tener en su vida.<\/p>\n<p>Nuestro equipo experimentado est\u00e1 aqu\u00ed para ayudarle a navegar las complejidades de su caso y para recuperar la compensaci\u00f3n que se merece.<\/p>\n<p>Durante su consulta gratuita, vamos a discutir los detalles de su accidente de peat\u00f3n, incluyendo las circunstancias que rodearon el incidente y las lesiones que sufri\u00f3.<\/p>\n<p>Esta es su oportunidad para hacer preguntas y entender sus derechos legales. Le explicaremos c\u00f3mo podemos ayudarle en la b\u00fasqueda de una demanda por lesiones de peatones.<\/p>\n<h3>Contacte con nosotros<\/h3>\n<p>Nuestros abogados de accidentes de peatones de Memphis se dedican a proporcionar apoyo personalizado a lo largo de todo el proceso legal. Vamos a trabajar con diligencia para reunir pruebas, negociar con las compa\u00f1\u00edas de seguros, y abogar por sus mejores intereses.<\/p>\n<p>Si usted est\u00e1 tratando con los gastos m\u00e9dicos, salarios perdidos, o angustia emocional, estamos comprometidos a ayudarle a asegurar la m\u00e1xima compensaci\u00f3n.<\/p>\n<p>No dude en ponerse en contacto con nosotros. Programe su consulta gratuita hoy y d\u00e9 el primer paso hacia la recuperaci\u00f3n f\u00edsica. Deje que Mogy Law Firm sea su socio de confianza en la navegaci\u00f3n de las secuelas de su accidente peatonal.<\/p>\n","protected":false},"excerpt":{"rendered":"<p>La comprensi\u00f3n de los accidentes de peatones en Memphis Memphis es una ciudad bulliciosa con tr\u00e1fico peatonal pesado, por lo que los accidentes peatonales una preocupaci\u00f3n significativa. Los accidentes de peatones se producen cuando las personas que caminan son golpeados por veh\u00edculos de motor. Estos incidentes pueden causar lesiones graves o incluso mortales. Comprender la [&hellip;]<\/p>\n","protected":false},"author":22,"featured_media":0,"parent":3295,"menu_order":0,"comment_status":"closed","ping_status":"closed","template":"","meta":{"_acf_changed":false,"anchor_text":"","footnotes":""},"class_list":["post-3310","page","type-page","status-publish","hentry"],"acf":[],"_links":{"self":[{"href":"https:\/\/mogylawtn.com\/es\/wp-json\/wp\/v2\/pages\/3310","targetHints":{"allow":["GET"]}}],"collection":[{"href":"https:\/\/mogylawtn.com\/es\/wp-json\/wp\/v2\/pages"}],"about":[{"href":"https:\/\/mogylawtn.com\/es\/wp-json\/wp\/v2\/types\/page"}],"author":[{"embeddable":true,"href":"https:\/\/mogylawtn.com\/es\/wp-json\/wp\/v2\/users\/22"}],"replies":[{"embeddable":true,"href":"https:\/\/mogylawtn.com\/es\/wp-json\/wp\/v2\/comments?post=3310"}],"version-history":[{"count":2,"href":"https:\/\/mogylawtn.com\/es\/wp-json\/wp\/v2\/pages\/3310\/revisions"}],"predecessor-version":[{"id":3312,"href":"https:\/\/mogylawtn.com\/es\/wp-json\/wp\/v2\/pages\/3310\/revisions\/3312"}],"up":[{"embeddable":true,"href":"https:\/\/mogylawtn.com\/es\/wp-json\/wp\/v2\/pages\/3295"}],"wp:attachment":[{"href":"https:\/\/mogylawtn.com\/es\/wp-json\/wp\/v2\/media?parent=3310"}],"curies":[{"name":"wp","href":"https:\/\/api.w.org\/{rel}","templated":true}]}}