{"id":3313,"date":"2026-03-19T07:00:31","date_gmt":"2026-03-19T11:00:31","guid":{"rendered":"https:\/\/mogylawtn.com\/memphis\/memphis-abogado-de-lesiones-personales\/"},"modified":"2025-03-18T02:17:59","modified_gmt":"2025-03-18T08:17:59","slug":"memphis-abogado-de-lesiones-personales","status":"publish","type":"page","link":"https:\/\/mogylawtn.com\/es\/memphis\/memphis-abogado-de-lesiones-personales\/","title":{"rendered":"Memphis Abogado de Lesiones Personales"},"content":{"rendered":"<h2>Por qu\u00e9 usted necesita un abogado de lesiones personales de Memphis<\/h2>\n<p>Navegar por las secuelas de un accidente puede ser abrumador. Tener un abogado de lesiones personales de Memphis a su lado es crucial por varias razones. En primer lugar, entienden las complejidades de la ley de lesiones personales en Memphis, Tennessee. Este conocimiento les permite abogar eficazmente por sus derechos y perseguir la compensaci\u00f3n financiera que se merece. Adem\u00e1s, la comprensi\u00f3n del costo de abogado de lesiones personales es importante, especialmente para aquellos que ya est\u00e1n agobiados con las facturas m\u00e9dicas y salarios perdidos.<\/p>\n<h3>La comprensi\u00f3n de la Ley de Lesiones Personales en Memphis, TN<\/h3>\n<p>En Memphis, la ley de lesiones personales abarca diversas situaciones, incluyendo accidentes automovil\u00edsticos, incidentes de resbalones y ca\u00eddas, y negligencia m\u00e9dica. Cada caso de lesiones personales en Memphis es \u00fanico, y varios factores influyen en su valoraci\u00f3n. El panorama legal puede ser complejo. Un abogado con experiencia en lesiones personales puede ayudarle a entender su situaci\u00f3n espec\u00edfica, asegur\u00e1ndose de que usted es plenamente consciente de sus derechos y opciones.<\/p>\n<h3>La importancia de la representaci\u00f3n legal despu\u00e9s de un accidente<\/h3>\n<p>La representaci\u00f3n legal se vuelve a\u00fan m\u00e1s importante cuando se trata con las compa\u00f1\u00edas de seguros. Experimentados abogados de lesiones personales de Memphis desempe\u00f1an un papel crucial en la negociaci\u00f3n con estas organizaciones, que a menudo tienen como objetivo reducir al m\u00ednimo los pagos, utilizando t\u00e1cticas que pueden dejar a las v\u00edctimas de lesiones en desventaja. Un abogado experto en lesiones personales de Memphis negociar\u00e1 en su nombre, con el objetivo de lograr un acuerdo justo que refleje sus gastos m\u00e9dicos, salarios perdidos y angustia emocional.<\/p>\n<p>Adem\u00e1s, el tiempo es esencial en los casos de lesiones personales. En Tennessee, hay plazos estrictos para la presentaci\u00f3n de reclamaciones. La contrataci\u00f3n de un profesional legal en las primeras etapas del proceso puede ayudarle a evitar el incumplimiento de las fechas cr\u00edticas de presentaci\u00f3n y asegurarse de que re\u00fane las pruebas necesarias de manera oportuna.<\/p>\n<p>En resumen, la contrataci\u00f3n de un abogado de lesiones personales Memphis le proporciona un fuerte defensor que entiende la ley, puede navegar por las complejidades de su caso, y luchar\u00e1 por sus mejores intereses. Este apoyo es vital para lograr un resultado exitoso y asegurar la compensaci\u00f3n que necesita para seguir adelante.<\/p>\n<p><img fetchpriority=\"high\" decoding=\"async\" class=\"alignnone wp-image-2797 size-full\" src=\"https:\/\/mogylawtn.com\/wp-content\/uploads\/2025\/02\/Memphis-experienced-personal-injury-lawyer-types-of-personal-injury-cases.jpg\" alt=\"Personal injury types, Memphis personal injury lawyer, personal injury in Memphis TN with Mogy Law Firm.\" width=\"500\" height=\"282\" srcset=\"https:\/\/mogylawtn.com\/wp-content\/uploads\/2025\/02\/Memphis-experienced-personal-injury-lawyer-types-of-personal-injury-cases.jpg 500w, https:\/\/mogylawtn.com\/wp-content\/uploads\/2025\/02\/Memphis-experienced-personal-injury-lawyer-types-of-personal-injury-cases-300x169.jpg 300w\" sizes=\"(max-width: 500px) 100vw, 500px\" \/><\/p>\n<h2>Tipos de casos de lesiones personales que manejamos<\/h2>\n<p>En Mogy Law Firm, nos especializamos en una amplia gama de casos de lesiones personales, cada uno requiere experiencia legal espec\u00edfica. La comprensi\u00f3n de los matices de los diferentes tipos de reclamaciones es crucial para lograr el mejor resultado posible. A continuaci\u00f3n se presentan las \u00e1reas clave en las que ofrecemos representaci\u00f3n dedicada:<\/p>\n<h3>Accidentes de autob\u00fas<\/h3>\n<p>Los accidentes de autob\u00fas pueden resultar en lesiones graves debido al tama\u00f1o y peso de estos veh\u00edculos. Si usted era un pasajero, conductor o peat\u00f3n, nuestro equipo legal est\u00e1 equipado para manejar las complejidades de estos casos.<\/p>\n<h3>Accidentes de coche<\/h3>\n<p>Los accidentes de coche se encuentran entre las demandas por lesiones personales m\u00e1s comunes. Si usted ha sido lesionado en un accidente de coche, vamos a trabajar con diligencia para reunir pruebas y negociar con las compa\u00f1\u00edas de seguros para asegurar la compensaci\u00f3n que se merece.<\/p>\n<h3>Accidentes de motocicleta<\/h3>\n<p>Los accidentes de motocicleta a menudo conducen a lesiones catastr\u00f3ficas. Nuestros abogados entienden los desaf\u00edos \u00fanicos que enfrentan los motociclistas y est\u00e1n comprometidos a abogar por sus derechos.<\/p>\n<h3>Accidentes de Camiones<\/h3>\n<p>Los accidentes que involucran veh\u00edculos comerciales pueden ser particularmente devastadores. Tenemos la experiencia necesaria para navegar por el panorama jur\u00eddico que rodea a los accidentes de camiones comerciales, incluyendo el trato con las empresas de transporte por carretera y sus aseguradoras.<\/p>\n<h3>Accidentes de peatones<\/h3>\n<p>Los accidentes de peatones pueden resultar en lesiones graves. Si usted o un ser querido ha sido herido mientras caminaba, estamos aqu\u00ed para ayudarle a buscar la justicia y recuperar la compensaci\u00f3n por sus lesiones.<\/p>\n<h3>Accidentes con veh\u00edculos compartidos<\/h3>\n<p>Con el aumento de los servicios de viajes compartidos, los accidentes relacionados con Uber o Lyft se han vuelto m\u00e1s comunes. Nuestra firma es conocedora de las cuestiones jur\u00eddicas espec\u00edficas que se plantean en los casos de accidentes de transporte compartido y puede ayudarle a perseguir su reclamo.<\/p>\n<p>En Mogy Law Firm, estamos comprometidos a proporcionar atenci\u00f3n personalizada y representaci\u00f3n dedicada para cada cliente. Si usted ha sido lesionado debido a la negligencia de otra persona, no dude en ponerse en contacto para una consulta gratuita. Perm\u00edtanos ayudarle a navegar su camino hacia la recuperaci\u00f3n.<\/p>\n<h2>Probar un caso de lesiones personales<\/h2>\n<p>Probar un caso de lesiones personales requiere un conocimiento profundo de la ley y la capacidad de reunir y presentar pruebas de manera eficaz. Un abogado de lesiones personales de Memphis puede ayudarle a navegar el proceso y construir un caso fuerte.<\/p>\n<h3>Recopilaci\u00f3n de pruebas y la construcci\u00f3n de un caso fuerte<\/h3>\n<p>Para probar un caso de lesiones personales, debe reunir pruebas que apoyen su reclamo. Esto puede incluir:<\/p>\n<ul>\n<li>Historiales m\u00e9dicos y facturas<\/li>\n<li>Informes policiales y fotos del lugar del accidente<\/li>\n<li>Declaraciones y testimonios de testigos<\/li>\n<li>Dict\u00e1menes e informes periciales<\/li>\n<li>Grabaciones de v\u00eddeo y audio<\/li>\n<\/ul>\n<p>Un abogado especializado en lesiones personales puede ayudarle a reunir y organizar estas pruebas y a utilizarlas para construir un caso s\u00f3lido. Tambi\u00e9n puede ayudarle a identificar los posibles puntos d\u00e9biles de su caso y a desarrollar estrategias para abordarlos. Al recopilar y presentar meticulosamente estas pruebas, su abogado de lesiones personales se asegura de que su demanda sea s\u00f3lida y convincente.<\/p>\n<h3>El papel de los peritos y los testimonios<\/h3>\n<p>Los testigos expertos y los testimonios pueden desempe\u00f1ar un papel crucial en la prueba de un caso de lesiones personales. Los testigos expertos son personas con conocimientos especializados o experiencia que pueden proporcionar opiniones y testimonios sobre aspectos espec\u00edficos de su caso. Esto puede incluir:<\/p>\n<ul>\n<li>Peritos m\u00e9dicos que pueden testificar sobre el alcance de sus lesiones y el tratamiento necesario<\/li>\n<li>Expertos en reconstrucci\u00f3n de accidentes que pueden testificar sobre la causa del accidente<\/li>\n<li>Los expertos econ\u00f3micos que pueden testificar sobre el impacto financiero de sus lesiones<\/li>\n<\/ul>\n<p>Un abogado de lesiones personales de Memphis puede ayudarle a identificar y asegurar los testigos expertos, y prepararlos para testificar en su nombre. Estos expertos pueden proporcionar informaci\u00f3n cr\u00edtica y dar credibilidad a su caso, aumentando significativamente sus posibilidades de un resultado favorable.<\/p>\n<h2>C\u00f3mo Mogy Law Firm puede ayudarle<\/h2>\n<h3>Nuestro enfoque centrado en el cliente para casos de lesiones personales<\/h3>\n<p>En Mogy Law Firm, entendemos los desaf\u00edos que surgen despu\u00e9s de un accidente. Nuestro dedicado equipo de abogados de lesiones personales de Memphis est\u00e1 aqu\u00ed para apoyarle en cada paso del camino. Nos centramos en proporcionar representaci\u00f3n legal a medida, asegurando que sus necesidades se cumplan durante todo el proceso.<\/p>\n<h3>Navegando el Proceso Legal con Mogy Law Firm<\/h3>\n<p>En primer lugar, llevamos a cabo una evaluaci\u00f3n exhaustiva de su caso. Reunimos pruebas esenciales, incluyendo informes policiales y registros m\u00e9dicos, para construir una base s\u00f3lida para su reclamo. Nuestros experimentados abogados de lesiones personales son expertos en la identificaci\u00f3n de todas las posibles v\u00edas de recuperaci\u00f3n, asegur\u00e1ndose de que no se pierda ninguna compensaci\u00f3n que se merece.<\/p>\n<p>Una vez que hemos establecido los detalles de su caso, nos encargamos de todas las comunicaciones con las compa\u00f1\u00edas de seguros. Estas compa\u00f1\u00edas a menudo tienen como objetivo minimizar los pagos. Nuestro equipo legal est\u00e1 bien versado en la negociaci\u00f3n de acuerdos justos. Defendemos sus derechos y trabajamos diligentemente para asegurar la m\u00e1xima compensaci\u00f3n posible por sus lesiones.<\/p>\n<p>Adem\u00e1s, si su caso no se resuelve a trav\u00e9s de la negociaci\u00f3n, estamos preparados para llevarlo a los tribunales. Nuestros abogados tienen la experiencia y los conocimientos necesarios para representarle eficazmente ante un juez y un jurado. Entendemos los matices de la ley de lesiones personales en Tennessee y estamos comprometidos a luchar por la justicia en su nombre.<\/p>\n<p>Adem\u00e1s de nuestra experiencia legal, damos prioridad a la comunicaci\u00f3n abierta. Usted puede esperar actualizaciones peri\u00f3dicas sobre su caso, y siempre estamos disponibles para responder a sus preguntas. Nuestro enfoque centrado en el cliente significa que nunca se le deja en la oscuridad sobre el estado de su demanda por lesiones personales.<\/p>\n<p>Elegir Mogy Law Firm significa elegir un socio legal que realmente se preocupa por su recuperaci\u00f3n. Estamos aqu\u00ed para ayudarle a navegar las complejidades de su caso, asegurando que reciba el apoyo que necesita durante este tiempo dif\u00edcil. P\u00f3ngase en contacto con nosotros hoy para discutir c\u00f3mo podemos ayudarle en su viaje de lesiones personales.<\/p>\n<h2>C\u00e1lculo de la indemnizaci\u00f3n<\/h2>\n<p>El c\u00e1lculo de la compensaci\u00f3n para un caso de lesiones personales implica determinar el valor de sus da\u00f1os y p\u00e9rdidas. Esto puede incluir<\/p>\n<ul>\n<li>Gastos m\u00e9dicos y facturas<\/li>\n<li>Salarios e ingresos perdidos<\/li>\n<li>Dolor y sufrimiento<\/li>\n<li>Da\u00f1os materiales<\/li>\n<li>Otros gastos relacionados<\/li>\n<\/ul>\n<p>Un abogado de lesiones personales de Memphis puede ayudarle a calcular el valor de sus da\u00f1os y p\u00e9rdidas, y a negociar con la compa\u00f1\u00eda de seguros para conseguir un acuerdo justo. Se aseguran de que se tengan en cuenta todos los aspectos de su sufrimiento y su carga financiera, con el objetivo de obtener la m\u00e1xima indemnizaci\u00f3n posible.<\/p>\n<h3>Comprender los da\u00f1os y perjuicios<\/h3>\n<p>Los da\u00f1os y perjuicios son las consecuencias econ\u00f3micas y emocionales de una lesi\u00f3n personal. Pueden incluir<\/p>\n<ul>\n<li>Da\u00f1os econ\u00f3micos, como gastos m\u00e9dicos y salarios perdidos<\/li>\n<li>Da\u00f1os no econ\u00f3micos, como dolor y sufrimiento y angustia emocional<\/li>\n<li>Da\u00f1os punitivos, que pretenden castigar al demandado por sus acciones<\/li>\n<\/ul>\n<p>Un abogado especializado en lesiones personales puede ayudarle a comprender los distintos tipos de da\u00f1os y perjuicios y a calcular el valor de su reclamaci\u00f3n. Al evaluar exhaustivamente su situaci\u00f3n, se aseguran de que reciba una indemnizaci\u00f3n que refleje realmente el impacto de sus lesiones en su vida.<\/p>\n<h2>Conoce a Eric Mogy: Su experimentado abogado de lesiones personales en Memphis<\/h2>\n<p>Eric Mogy se destaca como un dedicado defensor de las v\u00edctimas de lesiones en Memphis. Con una carrera legal que comenz\u00f3 en 2011, ha desarrollado una base s\u00f3lida en la ley de lesiones personales. Eric se gradu\u00f3 de la Facultad de Derecho Cecil C. Humphreys de la Universidad de Memphis y desde entonces ha construido una reputaci\u00f3n por su compromiso con la justicia y la atenci\u00f3n al cliente.<\/p>\n<h3>El compromiso de Eric Mogy con la justicia<\/h3>\n<p>Su enfoque es directo y eficaz. Eric prioriza la preparaci\u00f3n minuciosa y la representaci\u00f3n agresiva. \u00c9l entiende los desaf\u00edos que enfrentan las v\u00edctimas de lesiones y trabaja incansablemente para ayudarles a recuperar la compensaci\u00f3n por sus p\u00e9rdidas. Ya se trate de tratar con las compa\u00f1\u00edas de seguros o navegar por los procedimientos judiciales, \u00e9l est\u00e1 all\u00ed en cada paso del camino.<\/p>\n<h3>Reconocimientos y Premios: Un historial probado<\/h3>\n<p>Eric ha sido reconocido como Rising Star por Super Lawyers de 2015 a 2023 y fue seleccionado para Super Lawyers en 2024. Estos elogios reflejan su dedicaci\u00f3n y \u00e9xito en el campo. Sus clientes aprecian su clara comunicaci\u00f3n y genuina preocupaci\u00f3n por su bienestar.<\/p>\n<p>La elecci\u00f3n de Eric Mogy significa elegir un abogado de lesiones personales que se ha comprometido a lograr el mejor resultado posible para su caso. \u00c9l se toma el tiempo para escuchar su historia y entiende el impacto de sus lesiones en su vida. Con Eric de su lado, usted puede sentirse seguro de que su caso est\u00e1 en manos capaces.<\/p>\n<p><img decoding=\"async\" class=\"alignnone wp-image-2798 size-full\" src=\"https:\/\/mogylawtn.com\/wp-content\/uploads\/2025\/02\/Memphis-personal-injury-lawyer-personal-injury-case-and-claims.jpg\" alt=\"Memphis personal injury lawyer discussing a personal injury case and claims.\" width=\"500\" height=\"375\" srcset=\"https:\/\/mogylawtn.com\/wp-content\/uploads\/2025\/02\/Memphis-personal-injury-lawyer-personal-injury-case-and-claims.jpg 500w, https:\/\/mogylawtn.com\/wp-content\/uploads\/2025\/02\/Memphis-personal-injury-lawyer-personal-injury-case-and-claims-300x225.jpg 300w\" sizes=\"(max-width: 500px) 100vw, 500px\" \/><\/p>\n<h2>Qu\u00e9 esperar de su caso de lesiones personales<\/h2>\n<p>Cuando usted se compromete con Mogy Law Firm, la comprensi\u00f3n del viaje de su caso de lesiones personales es esencial. Cada paso es crucial y puede impactar el resultado de su reclamo. Esto es lo que t\u00edpicamente puede esperar:<\/p>\n<h3>La consulta inicial y revisi\u00f3n gratuita del caso<\/h3>\n<p>Su viaje comienza con una consulta gratuita. Durante esta reuni\u00f3n inicial, nuestro experimentado abogado de lesiones personales escuchar\u00e1 su historia. Usted discutir\u00e1 los detalles de su accidente, las heridas que usted sostuvo, y cualquier tratamiento m\u00e9dico que usted ha recibido. Esta es una oportunidad sin compromiso para que usted pueda hacer preguntas y entender sus opciones legales. Evaluaremos los m\u00e9ritos de su caso y esbozaremos los posibles caminos a seguir.<\/p>\n<h3>Construcci\u00f3n de una s\u00f3lida demanda por lesiones personales<\/h3>\n<p>Una vez que decida seguir adelante, comenzaremos a reunir las pruebas necesarias para respaldar su demanda. Esto incluye la recopilaci\u00f3n de historiales m\u00e9dicos, informes policiales y declaraciones de testigos. Nuestro equipo legal analizar\u00e1 todos los detalles relevantes para construir un caso convincente. Nos centramos en documentar sus lesiones y c\u00f3mo han afectado a su vida. Este enfoque exhaustivo es crucial para establecer la responsabilidad y demostrar el alcance de sus da\u00f1os.<\/p>\n<h3>Negociaci\u00f3n con las compa\u00f1\u00edas de seguros<\/h3>\n<p>Despu\u00e9s de construir su caso, vamos a participar con las compa\u00f1\u00edas de seguros en su nombre. Los ajustadores de seguros a menudo tratan de minimizar los pagos, pero nuestra empresa est\u00e1 bien preparada para contrarrestar sus t\u00e1cticas. Negociaremos incansablemente para asegurar un acuerdo justo que refleje su dolor, sufrimiento y p\u00e9rdidas financieras. Nuestro objetivo es asegurar que usted sea compensado adecuadamente por sus lesiones y gastos.<\/p>\n<h3>Buscar la m\u00e1xima indemnizaci\u00f3n por sus lesiones<\/h3>\n<p>Si no se puede llegar a un acuerdo justo, estamos dispuestos a llevar su caso a los tribunales. Nuestros abogados expertos abogar\u00e1n por usted ante un juez y un jurado. Presentaremos todas las pruebas y argumentaremos su caso con convicci\u00f3n. Nuestro compromiso es buscar la m\u00e1xima compensaci\u00f3n por sus lesiones, incluyendo gastos m\u00e9dicos, salarios perdidos y da\u00f1os no econ\u00f3micos, tales como angustia emocional.<\/p>\n<p>En Mogy Law Firm, entendemos que navegar un caso de lesiones personales puede ser abrumador. Nuestro equipo legal dedicado est\u00e1 aqu\u00ed para apoyarle en cada paso del camino, asegurando que sus derechos sean protegidos y su voz sea escuchada.<\/p>\n<h2>Preguntas frecuentes sobre casos de lesiones personales<\/h2>\n<h3>\u00bfCu\u00e1nto vale mi caso de lesiones personales?<\/h3>\n<p>Determinar el valor de su caso de lesiones personales puede ser complejo. Varios factores influyen en la compensaci\u00f3n potencial que puede recibir. Estos incluyen la gravedad de sus lesiones, gastos m\u00e9dicos, salarios perdidos, y el impacto en su calidad de vida. En Memphis, las indemnizaciones por lesiones personales suelen tener en cuenta tanto los da\u00f1os econ\u00f3micos como los no econ\u00f3micos. Los da\u00f1os econ\u00f3micos cubren los costes tangibles como las facturas m\u00e9dicas y la p\u00e9rdida de ingresos, mientras que los da\u00f1os no econ\u00f3micos tienen en cuenta el dolor y el sufrimiento, la angustia emocional y otras p\u00e9rdidas intangibles.<\/p>\n<p>Para tener una idea m\u00e1s clara del valor de su caso, es vital que consulte con un abogado experto en lesiones personales. Ellos pueden evaluar su situaci\u00f3n espec\u00edfica y ayudarle a entender la compensaci\u00f3n potencial que podr\u00eda recuperar.<\/p>\n<h3>\u00bfQu\u00e9 es la regla de negligencia comparativa modificada en Tennessee?<\/h3>\n<p>Tennessee sigue la regla de negligencia comparativa modificada, que afecta a c\u00f3mo se calcula la compensaci\u00f3n en casos de lesiones personales. Bajo esta regla, si usted es encontrado parcialmente culpable del accidente, su compensaci\u00f3n puede ser reducida por su porcentaje de culpa. Sin embargo, si usted es responsable del accidente en m\u00e1s de un 50%, es posible que no pueda recibir indemnizaci\u00f3n alguna.<\/p>\n<p>Esta regla hace hincapi\u00e9 en la importancia de reunir pruebas y presentar un caso s\u00f3lido. Un experimentado abogado de lesiones personales Memphis puede ayudarle a navegar por estas complejidades y abogar por sus derechos.<\/p>\n<h3>\u00bfCu\u00e1nto tiempo tomar\u00e1 mi caso de lesiones personales para resolver?<\/h3>\n<p>La duraci\u00f3n de un caso de lesiones personales puede variar ampliamente en funci\u00f3n de varios factores. Algunos casos se resuelven r\u00e1pidamente, a menudo en unos pocos meses, mientras que otros pueden tardar a\u00f1os en resolverse. Los factores que influyen en la l\u00ednea de tiempo incluyen la complejidad del caso, la voluntad de la compa\u00f1\u00eda de seguros para negociar, y la necesidad de un tratamiento m\u00e9dico extenso o procedimientos legales.<\/p>\n<p>Tener a su lado a un abogado experto en lesiones personales puede ayudar a acelerar el proceso. Ellos pueden gestionar las negociaciones con las compa\u00f1\u00edas de seguros y asegurarse de que toda la documentaci\u00f3n necesaria se presenta con prontitud, ayud\u00e1ndole a lograr un acuerdo justo en un plazo razonable.<\/p>\n<h2>\u00bfPor qu\u00e9 elegir Mogy Law Firm?<\/h2>\n<p>La elecci\u00f3n del abogado de lesiones personales de Memphis puede afectar significativamente el resultado de su caso. En Mogy Law Firm, entendemos que la situaci\u00f3n de cada cliente es distinta. Nuestro enfoque es proporcionar atenci\u00f3n personalizada y representaci\u00f3n dedicada a la medida de sus necesidades espec\u00edficas.<\/p>\n<h3>Atenci\u00f3n personalizada y representaci\u00f3n dedicada<\/h3>\n<p>Cuando usted trabaja con nosotros, tiene acceso a un equipo legal que prioriza su bienestar. Nos tomamos el tiempo para escuchar sus preocupaciones y entender el alcance completo de sus lesiones y p\u00e9rdidas. Este enfoque nos permite construir un caso convincente que refleja sus circunstancias \u00fanicas.<\/p>\n<p>Nuestro compromiso con nuestros clientes va m\u00e1s all\u00e1 de la representaci\u00f3n legal. Nos esforzamos por crear un ambiente de apoyo donde usted se sienta valorado y escuchado. Creemos que la comunicaci\u00f3n efectiva es vital en la navegaci\u00f3n de las complejidades de la ley de lesiones personales. Nuestros abogados est\u00e1n siempre disponibles para responder preguntas y proporcionar actualizaciones sobre el progreso de su caso.<\/p>\n<p>Por otra parte, nuestra empresa opera sobre una base de honorarios de contingencia. Esto significa que usted no tendr\u00e1 que preocuparse por los honorarios legales por adelantado. S\u00f3lo nos pagan si recuperamos con \u00e9xito la compensaci\u00f3n para usted. Esta estructura alinea nuestros intereses con los suyos, motiv\u00e1ndonos a abogar vigorosamente por sus derechos.<\/p>\n<p>Al elegir Mogy Law Firm, usted no s\u00f3lo est\u00e1 contratando a un abogado de lesiones personales de Memphis; usted se est\u00e1 asociando con un defensor dedicado que luchar\u00e1 incansablemente para asegurar la compensaci\u00f3n que se merece. Perm\u00edtanos guiarlo a trav\u00e9s de este momento dif\u00edcil, ayud\u00e1ndole a concentrarse en su recuperaci\u00f3n mientras nosotros manejamos el proceso legal.<\/p>\n<h2>P\u00f3ngase en contacto con Mogy Law Firm hoy<\/h2>\n<p>Si usted o un ser querido ha sufrido una lesi\u00f3n debido a la negligencia de otra persona, es crucial tomar medidas. En Mogy Law Firm, entendemos los desaf\u00edos que enfrenta durante este momento dif\u00edcil. Nuestro equipo est\u00e1 aqu\u00ed para proporcionarle el apoyo que necesita.<\/p>\n<h3>Programe su consulta gratuita<\/h3>\n<p>Ponerse en contacto con nosotros es simple. Puede programar una consulta gratuita donde discutiremos su situaci\u00f3n en detalle. Nuestros experimentados abogados de lesiones personales Memphis revisar\u00e1 los detalles de su caso, responder a sus preguntas, y esbozar sus opciones legales. Esta reuni\u00f3n inicial es una oportunidad para que usted pueda obtener claridad y entender los posibles caminos a seguir.<\/p>\n<h3>Comun\u00edquese con nuestro equipo legal para obtener apoyo<\/h3>\n<p>Estamos orgullosos de nuestro enfoque centrado en el cliente. Cuando usted se pone en contacto con Mogy Law Firm, usted no es simplemente otro expediente. Usted es un individuo valioso que merece atenci\u00f3n personalizada y representaci\u00f3n dedicada. Nuestro equipo legal est\u00e1 comprometido a luchar por sus derechos y buscar la compensaci\u00f3n que se merece.<\/p>\n<p>No espere para buscar la justicia que necesita. P\u00f3ngase en contacto con nosotros hoy para comenzar su viaje hacia la recuperaci\u00f3n. Ya sea que prefiera una llamada telef\u00f3nica o una consulta en l\u00ednea, estamos listos para ayudarle.<\/p>\n<p>Perm\u00edtanos ayudarle a navegar este momento dif\u00edcil con confianza y cuidado <a href=\"tel:+14143345472\"><i class=\"fa fa-phone-alt\"><\/i>(414) 334-5472<\/a>.<\/p>\n","protected":false},"excerpt":{"rendered":"<p>Por qu\u00e9 usted necesita un abogado de lesiones personales de Memphis Navegar por las secuelas de un accidente puede ser abrumador. Tener un abogado de lesiones personales de Memphis a su lado es crucial por varias razones. En primer lugar, entienden las complejidades de la ley de lesiones personales en Memphis, Tennessee. Este conocimiento les [&hellip;]<\/p>\n","protected":false},"author":22,"featured_media":0,"parent":3295,"menu_order":0,"comment_status":"closed","ping_status":"closed","template":"","meta":{"_acf_changed":false,"anchor_text":"","footnotes":""},"class_list":["post-3313","page","type-page","status-publish","hentry"],"acf":[],"_links":{"self":[{"href":"https:\/\/mogylawtn.com\/es\/wp-json\/wp\/v2\/pages\/3313","targetHints":{"allow":["GET"]}}],"collection":[{"href":"https:\/\/mogylawtn.com\/es\/wp-json\/wp\/v2\/pages"}],"about":[{"href":"https:\/\/mogylawtn.com\/es\/wp-json\/wp\/v2\/types\/page"}],"author":[{"embeddable":true,"href":"https:\/\/mogylawtn.com\/es\/wp-json\/wp\/v2\/users\/22"}],"replies":[{"embeddable":true,"href":"https:\/\/mogylawtn.com\/es\/wp-json\/wp\/v2\/comments?post=3313"}],"version-history":[{"count":2,"href":"https:\/\/mogylawtn.com\/es\/wp-json\/wp\/v2\/pages\/3313\/revisions"}],"predecessor-version":[{"id":3315,"href":"https:\/\/mogylawtn.com\/es\/wp-json\/wp\/v2\/pages\/3313\/revisions\/3315"}],"up":[{"embeddable":true,"href":"https:\/\/mogylawtn.com\/es\/wp-json\/wp\/v2\/pages\/3295"}],"wp:attachment":[{"href":"https:\/\/mogylawtn.com\/es\/wp-json\/wp\/v2\/media?parent=3313"}],"curies":[{"name":"wp","href":"https:\/\/api.w.org\/{rel}","templated":true}]}}