{"id":3316,"date":"2025-02-06T15:06:23","date_gmt":"2025-02-06T21:06:23","guid":{"rendered":"https:\/\/mogylawtn.com\/memphis\/memphis-rideshare-accidente-abogado\/"},"modified":"2025-03-18T02:25:31","modified_gmt":"2025-03-18T08:25:31","slug":"memphis-rideshare-accidente-abogado","status":"publish","type":"page","link":"https:\/\/mogylawtn.com\/es\/memphis\/memphis-rideshare-accidente-abogado\/","title":{"rendered":"Memphis Rideshare Accidente Abogado"},"content":{"rendered":"<h2>Apoyo legal experimentado para accidentes de Uber y Lyft<\/h2>\n<p>Cuando usted se encuentra involucrado en un accidente de transporte compartido en Memphis, tener un abogado experto en lesiones personales a su lado es vital. Los accidentes de transporte compartido pueden ser complejos, a menudo involucran a m\u00faltiples partes, incluidos los conductores de Uber o Lyft, otros veh\u00edculos y varias compa\u00f1\u00edas de seguros.<\/p>\n<p>En Mogy Law Firm, nos especializamos en representar a clientes que han sufrido lesiones en este tipo de accidentes.<\/p>\n<p>Nuestro equipo experimentado entiende los matices de las reclamaciones de accidentes de transporte compartido. Estamos bien versados en la ley de Tennessee y c\u00f3mo se aplica a los servicios de transporte compartido. Esta experiencia nos permite navegar con eficacia el panorama jur\u00eddico, asegurando que sus derechos est\u00e1n protegidos desde el principio.<\/p>\n<p>Sabemos que los accidentes de transporte compartido pueden dar lugar a importantes gastos m\u00e9dicos, p\u00e9rdida de salarios y angustia emocional. Nuestra firma se dedica a ayudarle a recuperar la compensaci\u00f3n que se merece. Tomamos un enfoque proactivo, la recopilaci\u00f3n de pruebas convincentes, incluidos los informes policiales y declaraciones de testigos, para construir un caso fuerte en su nombre.<\/p>\n<p>Si usted ha sido herido en un accidente de Uber o Lyft, no dude en ponerse en contacto. Nuestros abogados de accidentes de transporte compartido de Memphis est\u00e1n aqu\u00ed para brindarle el apoyo legal que necesita durante este momento dif\u00edcil. Perm\u00edtanos ayudarle a concentrarse en su recuperaci\u00f3n mientras manejamos las complejidades de su caso.<\/p>\n<p><img fetchpriority=\"high\" decoding=\"async\" class=\"alignnone size-full wp-image-2723\" src=\"https:\/\/mogylawtn.com\/wp-content\/uploads\/2025\/02\/rideshare-accident-lawyer.webp\" alt=\"A rideshare accident waiting to happen as a driver looks at their phone. Whether the accident's caused by driver fatigue, inexperienced drivers, or dangerous use of ridesharing vehicles, it's important for you to contact a rideshare accident lawyer.\" width=\"600\" height=\"400\" srcset=\"https:\/\/mogylawtn.com\/wp-content\/uploads\/2025\/02\/rideshare-accident-lawyer.webp 600w, https:\/\/mogylawtn.com\/wp-content\/uploads\/2025\/02\/rideshare-accident-lawyer-300x200.webp 300w\" sizes=\"(max-width: 600px) 100vw, 600px\" \/><\/p>\n<h2>\u00bfPor qu\u00e9 elegir Mogy Law Firm para su caso de accidente de transporte compartido?<\/h2>\n<p>Cuando usted ha estado involucrado en un accidente con un conductor de Uber o Lyft, tener el apoyo legal adecuado es esencial. Mogy Law Firm se destaca como la mejor opci\u00f3n para casos de accidentes de transporte compartido en Memphis. Nuestro compromiso con los clientes y nuestra amplia experiencia en la ley de lesiones personales nos distinguen en el panorama legal lleno de gente.<\/p>\n<p>En Mogy Law Firm, entendemos los matices de los accidentes de transporte compartido. Nuestro equipo est\u00e1 bien versado en los desaf\u00edos espec\u00edficos que surgen con estos casos, incluyendo las complejidades de las pol\u00edticas de la compa\u00f1\u00eda de viajes compartidos y la cobertura del seguro. Sabemos c\u00f3mo navegar por las complejidades de la responsabilidad, asegurando que usted obtenga la compensaci\u00f3n que se merece.<\/p>\n<p>Una de las principales razones para elegirnos son nuestras tarifas competitivas. Creemos que la representaci\u00f3n legal de calidad debe ser accesible a todos. Nuestra estructura de honorarios de abogados est\u00e1 dise\u00f1ada para maximizar su recuperaci\u00f3n, lo que le permite retener m\u00e1s de su liquidaci\u00f3n.<\/p>\n<p>Puede confiar en que damos prioridad a sus mejores intereses durante todo el proceso.<\/p>\n<h2>Mogy Law Firm: Su confianza Memphis Rideshare accidente de abogado<\/h2>\n<p>Cuando se enfrenta a las consecuencias de un accidente de transporte compartido, tener un abogado confiable a su lado es crucial. En Mogy Law Firm, entendemos las complejidades involucradas en estos casos. Nuestro equipo dedicado est\u00e1 aqu\u00ed para guiarlo a trav\u00e9s de cada paso del proceso, asegurando que reciba el apoyo que necesita.<\/p>\n<p>Nuestro compromiso con las pr\u00e1cticas \u00e9ticas nos distingue. Damos prioridad a sus mejores intereses, centr\u00e1ndose en la transparencia y la equidad.<\/p>\n<p>Puede confiar en que nuestros abogados trabajar\u00e1n diligentemente para defender sus derechos. Creemos en la construcci\u00f3n de relaciones s\u00f3lidas con nuestros clientes y el fomento de la comunicaci\u00f3n abierta a lo largo de su caso.<\/p>\n<p>La satisfacci\u00f3n del cliente est\u00e1 a la vanguardia de nuestra misi\u00f3n. Estamos orgullosos de nuestro historial de resultados exitosos, y los testimonios de nuestros clientes reflejan nuestra dedicaci\u00f3n. Muchos han expresado su gratitud por nuestro enfoque minucioso y apoyo inquebrantable durante sus tiempos dif\u00edciles.<\/p>\n<p>Si usted ha estado involucrado en un accidente de viaje compartido, es esencial actuar con rapidez. P\u00f3ngase en contacto con Mogy Law Firm hoy para una consulta gratuita. Perm\u00edtanos ayudarle a navegar las complejidades de su caso y recuperar la compensaci\u00f3n que se merece. Su viaje a la justicia comienza aqu\u00ed.<\/p>\n<h3>C\u00f3mo podemos ayudarle despu\u00e9s de su accidente con Uber o Lyft<\/h3>\n<p>Adem\u00e1s, nuestro enfoque centrado en el cliente significa que estamos aqu\u00ed para escuchar y abogar por usted. Nos tomamos el tiempo para entender su situaci\u00f3n \u00fanica y adaptar nuestras estrategias en consecuencia. Nuestro equipo est\u00e1 dedicado a proporcionarle servicios legales personalizados, asegurando que se sienta apoyado en cada paso del camino.<\/p>\n<p>Elegir Mogy Law Firm significa elegir un equipo apasionado por luchar por sus derechos. Estamos comprometidos con las pr\u00e1cticas \u00e9ticas y el logro de los mejores resultados posibles para nuestros clientes. Cuando usted necesita un abogado confiable de accidentes de viaje compartido en Memphis, no busque m\u00e1s que Mogy Law Firm. Perm\u00edtanos ayudarle a navegar este momento dif\u00edcil y trabajar para recuperar la compensaci\u00f3n que necesita.<\/p>\n<h2>C\u00f3mo determinar la responsabilidad en accidentes de Uber y Lyft<\/h2>\n<p>Determinar la responsabilidad en accidentes de transporte compartido puede ser un proceso complicado. Varios factores entran en juego, incluyendo las acciones del conductor de transporte compartido, las pol\u00edticas de la empresa de transporte compartido, y los detalles del accidente en s\u00ed.<\/p>\n<p>En muchos casos, los conductores de Uber y Lyft se clasifican como contratistas independientes. Esto significa que las empresas de viajes compartidos, como Uber y Lyft, no pueden ser considerados responsables de las acciones del conductor mientras no est\u00e1n activamente el transporte de un pasajero.<\/p>\n<p>Sin embargo, cuando el conductor est\u00e1 en ruta para recoger a un pasajero o est\u00e1 transportando uno, la empresa puede tener alguna responsabilidad. Entender estos matices es crucial para establecer qui\u00e9n es responsable del accidente de coche.<\/p>\n<p>La cobertura del seguro tambi\u00e9n juega un papel importante en los accidentes de coche compartido. Tanto Uber como Lyft proporcionan ciertos niveles de seguro para sus conductores mientras est\u00e1n en la aplicaci\u00f3n. Esta cobertura puede variar dependiendo de si el conductor est\u00e1 esperando una solicitud de viaje o transportando activamente a un pasajero.<\/p>\n<h3>C\u00f3mo lidiar con el seguro de los conductores de Uber y Lyft<\/h3>\n<p>Si usted est\u00e1 involucrado en un accidente con un conductor de viaje compartido, es esencial identificar qu\u00e9 p\u00f3lizas de seguro se aplican. Esto puede ayudarle a recuperar la compensaci\u00f3n por gastos m\u00e9dicos, salarios perdidos, y otros da\u00f1os.<\/p>\n<p>En Mogy Law Firm, nuestros abogados experimentados investigar\u00e1n a fondo las circunstancias de su accidente. Vamos a trabajar con diligencia para reunir pruebas, incluidos los informes policiales, declaraciones de testigos, y cualquier material de v\u00eddeo disponible. Este enfoque exhaustivo nos ayuda a construir un caso fuerte para apoyar su reclamo de compensaci\u00f3n.<\/p>\n<p>Navegar por la responsabilidad en accidentes de viaje compartido puede ser un reto, pero usted no tiene que enfrentarlo solo. Nuestro equipo est\u00e1 aqu\u00ed para guiarle a trav\u00e9s de cada paso del proceso, asegur\u00e1ndose de que usted entienda sus derechos y opciones.<\/p>\n<p><img decoding=\"async\" class=\"alignnone size-full wp-image-2724\" src=\"https:\/\/mogylawtn.com\/wp-content\/uploads\/2025\/02\/rideshare-accident-aftermath.webp\" alt=\"Contact a Lyft accident lawyer after you're in a Memphis Uber\/Lyft accident. The attorneys at Mogy Law Firm can help if you've been in a rideshare accident caused by something negligent like distracted driving. \" width=\"600\" height=\"400\" srcset=\"https:\/\/mogylawtn.com\/wp-content\/uploads\/2025\/02\/rideshare-accident-aftermath.webp 600w, https:\/\/mogylawtn.com\/wp-content\/uploads\/2025\/02\/rideshare-accident-aftermath-300x200.webp 300w\" sizes=\"(max-width: 600px) 100vw, 600px\" \/><\/p>\n<h2>La b\u00fasqueda de una indemnizaci\u00f3n por sus lesiones<\/h2>\n<p>Si usted ha estado involucrado en un accidente de viaje compartido en Memphis, es crucial entender los tipos de compensaci\u00f3n disponibles para usted. Las v\u00edctimas a menudo se enfrentan a importantes gastos m\u00e9dicos, salarios perdidos, y la angustia emocional. Mogy Law Firm se dedica a ayudarle a recuperar la compensaci\u00f3n que se merece.<\/p>\n<h3>Tipos de indemnizaci\u00f3n disponibles para las v\u00edctimas de accidentes de coche compartido<\/h3>\n<ol>\n<li><strong>Gastos m\u00e9dicos y costes de tratamiento<\/strong>: Esto incluye todos los gastos relacionados con su atenci\u00f3n m\u00e9dica, desde las visitas a la sala de emergencias hasta la rehabilitaci\u00f3n continua. Si sufre lesiones, es esencial que documente todos los tratamientos m\u00e9dicos. Esta documentaci\u00f3n respaldar\u00e1 su reclamaci\u00f3n de reembolso de las facturas m\u00e9dicas.<\/li>\n<li><strong>P\u00e9rdida de salarios e ingresos futuros<\/strong>: Si sus lesiones le impiden trabajar, puede tener derecho a una indemnizaci\u00f3n por salarios perdidos. Adem\u00e1s, si usted no puede volver a su trabajo anterior o si su capacidad de ganancia es disminuida, usted puede buscar la remuneraci\u00f3n para las ganancias futuras tambi\u00e9n.<\/li>\n<li><strong>Dolor y sufrimiento<\/strong>: Este tipo de indemnizaci\u00f3n se refiere al dolor f\u00edsico y la angustia emocional causados por el accidente. Aunque puede ser m\u00e1s subjetivo, es una parte esencial de su reclamaci\u00f3n. Pruebas como historiales m\u00e9dicos, diarios personales y testimonios pueden ayudar a cuantificar su sufrimiento.<\/li>\n<\/ol>\n<h3>Construir un caso s\u00f3lido: Reunir pruebas y documentaci\u00f3n<\/h3>\n<p>Para obtener una indemnizaci\u00f3n eficaz, es fundamental reunir pruebas convincentes. Esto incluye<\/p>\n<ul>\n<li><strong>Informes de accidentes<\/strong>: Obtenga el informe policial detallando el accidente.<\/li>\n<li><strong>Historiales m\u00e9dicos<\/strong>: Conserve todos los registros relacionados con sus lesiones y tratamientos.<\/li>\n<li><strong>Declaraciones de testigos<\/strong>: Recopile informaci\u00f3n de contacto y declaraciones de los testigos.<\/li>\n<li><strong>Fotograf\u00edas<\/strong>: Tome fotograf\u00edas de la escena del accidente, los da\u00f1os del veh\u00edculo y cualquier lesi\u00f3n visible.<\/li>\n<\/ul>\n<p>Un caso bien documentado aumenta significativamente sus posibilidades de obtener una compensaci\u00f3n justa. En Mogy Law Firm, estamos comprometidos a ayudarle a navegar este proceso y construir un caso fuerte en su nombre. Su recuperaci\u00f3n es nuestra prioridad.<\/p>\n<p><a href=\"https:\/\/mogylawtn.com\/wp-content\/uploads\/2025\/02\/rideshare-accident-lawyer-1.webp\"><img decoding=\"async\" class=\"alignnone size-full wp-image-2781\" src=\"https:\/\/mogylawtn.com\/wp-content\/uploads\/2025\/02\/rideshare-accident-lawyer-1.webp\" alt=\"Immediate steps to take after a rideshare accident in Memphis TN\" width=\"600\" height=\"909\" srcset=\"https:\/\/mogylawtn.com\/wp-content\/uploads\/2025\/02\/rideshare-accident-lawyer-1.webp 600w, https:\/\/mogylawtn.com\/wp-content\/uploads\/2025\/02\/rideshare-accident-lawyer-1-198x300.webp 198w\" sizes=\"(max-width: 600px) 100vw, 600px\" \/><\/a><\/p>\n<h2>Pasos a seguir tras un accidente de coche compartido<\/h2>\n<h3>Acciones inmediatas para proteger sus derechos<\/h3>\n<p>Si usted est\u00e1 involucrado en un accidente de veh\u00edculo compartido, el primer paso es garantizar su seguridad. Si es posible, trasl\u00e1dese a un lugar seguro y compruebe si hay heridos. Llame al 911 para informar del accidente y solicite asistencia m\u00e9dica para los heridos. Los accidentes de coche pueden provocar a menudo da\u00f1os graves, como lesiones cerebrales traum\u00e1ticas, que no aparecen inmediatamente en el exterior.<\/p>\n<p>Documenta el lugar del accidente haciendo fotos de los veh\u00edculos, el estado de la carretera y las lesiones visibles. Intercambia informaci\u00f3n con el conductor del veh\u00edculo compartido, incluido su nombre, datos de contacto e informaci\u00f3n sobre el seguro. Recoge tambi\u00e9n la informaci\u00f3n de contacto de los testigos. Esta documentaci\u00f3n ser\u00e1 crucial para construir tu caso m\u00e1s adelante.<\/p>\n<p>A continuaci\u00f3n, notifique el incidente a la empresa de transporte compartido. Tanto Uber como Lyft tienen protocolos espec\u00edficos para informar de accidentes. Este paso es vital para iniciar cualquier reclamaci\u00f3n al seguro. Adem\u00e1s, evite discutir la culpa en la escena. Conc\u00e9ntrese en la recopilaci\u00f3n de informaci\u00f3n en lugar de asignar la culpa, ya que esto puede afectar su caso.<\/p>\n<h3>La importancia de la atenci\u00f3n m\u00e9dica y la documentaci\u00f3n<\/h3>\n<p>Incluso si se siente bien, es esencial buscar atenci\u00f3n m\u00e9dica despu\u00e9s de un accidente de coche compartido. Algunas lesiones pueden no ser evidentes de inmediato, como el latigazo cervical o lesiones internas.<\/p>\n<p>Un profesional m\u00e9dico puede evaluar su estado y proporcionarle el tratamiento necesario. Conserve todos los historiales m\u00e9dicos, facturas y documentaci\u00f3n del tratamiento, ya que ser\u00e1n fundamentales para fundamentar su reclamaci\u00f3n de indemnizaci\u00f3n.<\/p>\n<p>En los d\u00edas siguientes al accidente, lleve un registro detallado de su proceso de recuperaci\u00f3n. Anote cualquier s\u00edntoma, cambios en sus actividades diarias y c\u00f3mo afectan las lesiones a su calidad de vida. Esta informaci\u00f3n puede ser muy valiosa para demostrar el impacto del accidente en su vida.<\/p>\n<p>Tomar estas medidas le garantiza proteger sus derechos y sentar unas bases s\u00f3lidas para su reclamaci\u00f3n. Si usted tiene preguntas o necesita orientaci\u00f3n, en contacto con un abogado de Memphis accidente de coche compartido puede proporcionar claridad y apoyo durante este tiempo dif\u00edcil.<\/p>\n<p><img loading=\"lazy\" decoding=\"async\" class=\"alignnone size-full wp-image-2725\" src=\"https:\/\/mogylawtn.com\/wp-content\/uploads\/2025\/02\/uber-accident-lawyer.webp\" alt=\"Private drivers have different styles of insurance carriers than rideshare drivers do, making these kinds of cases unique. Taxi services, like rideshare companies, also have a unique type of insurance for accidents. \" width=\"600\" height=\"400\" srcset=\"https:\/\/mogylawtn.com\/wp-content\/uploads\/2025\/02\/uber-accident-lawyer.webp 600w, https:\/\/mogylawtn.com\/wp-content\/uploads\/2025\/02\/uber-accident-lawyer-300x200.webp 300w\" sizes=\"(max-width: 600px) 100vw, 600px\" \/><\/p>\n<h2>Programe una consulta gratis con Mogy Law Firm<\/h2>\n<p>En Mogy Law Firm, entendemos que navegar las secuelas de un accidente que involucra servicios de viajes compartidos como Uber o Lyft puede ser abrumador. Es por eso que ofrecemos una consulta gratuita para discutir su caso. Esta reuni\u00f3n sin compromiso le permite compartir su experiencia y preocupaciones mientras esbozamos c\u00f3mo podemos ayudarle.<\/p>\n<p>Durante esta consulta, nuestro experimentado equipo escuchar\u00e1 atentamente su relato del accidente. Evaluaremos los detalles de su situaci\u00f3n, incluyendo las lesiones sufridas y las circunstancias que rodearon el incidente.<\/p>\n<p>Nuestro objetivo es proporcionarle claridad sobre sus opciones legales y la compensaci\u00f3n potencial a la que puede tener derecho.<\/p>\n<h3>C\u00f3mo podemos ayudarle a recuperar la compensaci\u00f3n que merece<\/h3>\n<p>Nuestros abogados expertos se dedican a ayudarle a recuperar la compensaci\u00f3n financiera por sus lesiones. Vamos a investigar a fondo el accidente, reunir pruebas esenciales, y comunicarse con las compa\u00f1\u00edas de seguros en su nombre.<\/p>\n<p>Nuestra atenci\u00f3n se centra en maximizar su recuperaci\u00f3n al tiempo que minimiza el estr\u00e9s que enfrenta durante este tiempo dif\u00edcil.<\/p>\n<p>Reconocemos que cada caso es \u00fanico. Por lo tanto, adaptamos nuestro enfoque para satisfacer sus necesidades espec\u00edficas. Si usted requiere ayuda con gastos m\u00e9dicos, salarios perdidos, o dolor y sufrimiento, estamos comprometidos a luchar por sus derechos.<\/p>\n<h3>P\u00f3ngase en contacto con nosotros para una evaluaci\u00f3n gratuita de su caso<\/h3>\n<p>No dude en ponerse en contacto con nosotros para una evaluaci\u00f3n gratuita de su caso. Nuestro equipo est\u00e1 listo para proporcionarle la orientaci\u00f3n jur\u00eddica que necesita.<\/p>\n<p>Puede ponerse en contacto con Mogy Law Firm por tel\u00e9fono o nuestro sitio web para programar su consulta. Perm\u00edtanos ayudarle a dar el primer paso hacia la obtenci\u00f3n de la compensaci\u00f3n que se merece despu\u00e9s de un accidente de viaje compartido.<\/p>\n","protected":false},"excerpt":{"rendered":"<p>Apoyo legal experimentado para accidentes de Uber y Lyft Cuando usted se encuentra involucrado en un accidente de transporte compartido en Memphis, tener un abogado experto en lesiones personales a su lado es vital. Los accidentes de transporte compartido pueden ser complejos, a menudo involucran a m\u00faltiples partes, incluidos los conductores de Uber o Lyft, [&hellip;]<\/p>\n","protected":false},"author":22,"featured_media":3164,"parent":3295,"menu_order":0,"comment_status":"closed","ping_status":"closed","template":"","meta":{"_acf_changed":false,"anchor_text":"","footnotes":""},"class_list":["post-3316","page","type-page","status-publish","has-post-thumbnail","hentry"],"acf":[],"_links":{"self":[{"href":"https:\/\/mogylawtn.com\/es\/wp-json\/wp\/v2\/pages\/3316","targetHints":{"allow":["GET"]}}],"collection":[{"href":"https:\/\/mogylawtn.com\/es\/wp-json\/wp\/v2\/pages"}],"about":[{"href":"https:\/\/mogylawtn.com\/es\/wp-json\/wp\/v2\/types\/page"}],"author":[{"embeddable":true,"href":"https:\/\/mogylawtn.com\/es\/wp-json\/wp\/v2\/users\/22"}],"replies":[{"embeddable":true,"href":"https:\/\/mogylawtn.com\/es\/wp-json\/wp\/v2\/comments?post=3316"}],"version-history":[{"count":2,"href":"https:\/\/mogylawtn.com\/es\/wp-json\/wp\/v2\/pages\/3316\/revisions"}],"predecessor-version":[{"id":3318,"href":"https:\/\/mogylawtn.com\/es\/wp-json\/wp\/v2\/pages\/3316\/revisions\/3318"}],"up":[{"embeddable":true,"href":"https:\/\/mogylawtn.com\/es\/wp-json\/wp\/v2\/pages\/3295"}],"wp:featuredmedia":[{"embeddable":true,"href":"https:\/\/mogylawtn.com\/es\/wp-json\/wp\/v2\/media\/3164"}],"wp:attachment":[{"href":"https:\/\/mogylawtn.com\/es\/wp-json\/wp\/v2\/media?parent=3316"}],"curies":[{"name":"wp","href":"https:\/\/api.w.org\/{rel}","templated":true}]}}