{"id":3324,"date":"2025-02-03T16:34:58","date_gmt":"2025-02-03T22:34:58","guid":{"rendered":"https:\/\/mogylawtn.com\/nashville\/"},"modified":"2025-03-18T03:51:36","modified_gmt":"2025-03-18T09:51:36","slug":"nashville","status":"publish","type":"page","link":"https:\/\/mogylawtn.com\/es\/nashville\/","title":{"rendered":"Nashville"},"content":{"rendered":"<p>En Mogy Law Firm, estamos dedicados a luchar por nuestros clientes. Si usted ha estado en un accidente de coche o es acusado de un crimen, nuestro equipo est\u00e1 aqu\u00ed para ayudarle. Le damos a su caso la atenci\u00f3n que se merece.<\/p>\n<p>Nuestros abogados de lesiones personales de Nashville s\u00f3lo se les paga si ganamos una indemnizaci\u00f3n para usted. En los casos de lesiones personales, nuestros honorarios de abogado son del 25% (frente al 33% al 40%). Nuestros abogados de defensa criminal de Nashville han defendido con \u00e9xito casos contra los mejores fiscales estatales y federales.<\/p>\n<p>Hablamos espa\u00f1ol. Estamos plenamente dedicados a ayudar a todos nuestros clientes, ya hablen ingl\u00e9s o espa\u00f1ol. Nuestro personal incluye asistentes dedicados que hablan espa\u00f1ol.<\/p>\n<p>Si usted o un ser querido necesita un abogado experto en Nashville, TN, <a href=\"\/es\/\">Mogy Law Firm<\/a> est\u00e1 aqu\u00ed para ayudar. Nuestro profundo conocimiento de la ley de Tennessee y nuestra pasi\u00f3n por la justicia nos distinguen. Cont\u00e1ctenos hoy para una revisi\u00f3n gratuita de su caso.<\/p>\n","protected":false},"excerpt":{"rendered":"<p>En Mogy Law Firm, estamos dedicados a luchar por nuestros clientes. Si usted ha estado en un accidente de coche o es acusado de un crimen, nuestro equipo est\u00e1 aqu\u00ed para ayudarle. Le damos a su caso la atenci\u00f3n que se merece. Nuestros abogados de lesiones personales de Nashville s\u00f3lo se les paga si ganamos [&hellip;]<\/p>\n","protected":false},"author":22,"featured_media":3132,"parent":0,"menu_order":0,"comment_status":"closed","ping_status":"closed","template":"","meta":{"_acf_changed":false,"anchor_text":"","footnotes":""},"class_list":["post-3324","page","type-page","status-publish","has-post-thumbnail","hentry"],"acf":[],"_links":{"self":[{"href":"https:\/\/mogylawtn.com\/es\/wp-json\/wp\/v2\/pages\/3324","targetHints":{"allow":["GET"]}}],"collection":[{"href":"https:\/\/mogylawtn.com\/es\/wp-json\/wp\/v2\/pages"}],"about":[{"href":"https:\/\/mogylawtn.com\/es\/wp-json\/wp\/v2\/types\/page"}],"author":[{"embeddable":true,"href":"https:\/\/mogylawtn.com\/es\/wp-json\/wp\/v2\/users\/22"}],"replies":[{"embeddable":true,"href":"https:\/\/mogylawtn.com\/es\/wp-json\/wp\/v2\/comments?post=3324"}],"version-history":[{"count":2,"href":"https:\/\/mogylawtn.com\/es\/wp-json\/wp\/v2\/pages\/3324\/revisions"}],"predecessor-version":[{"id":3326,"href":"https:\/\/mogylawtn.com\/es\/wp-json\/wp\/v2\/pages\/3324\/revisions\/3326"}],"wp:featuredmedia":[{"embeddable":true,"href":"https:\/\/mogylawtn.com\/es\/wp-json\/wp\/v2\/media\/3132"}],"wp:attachment":[{"href":"https:\/\/mogylawtn.com\/es\/wp-json\/wp\/v2\/media?parent=3324"}],"curies":[{"name":"wp","href":"https:\/\/api.w.org\/{rel}","templated":true}]}}