{"id":3327,"date":"2025-02-06T15:05:49","date_gmt":"2025-02-06T21:05:49","guid":{"rendered":"https:\/\/mogylawtn.com\/nashville\/nashville-abogado-de-accidente-de-autobus\/"},"modified":"2025-03-18T03:58:17","modified_gmt":"2025-03-18T09:58:17","slug":"nashville-abogado-de-accidente-de-autobus","status":"publish","type":"page","link":"https:\/\/mogylawtn.com\/es\/nashville\/nashville-abogado-de-accidente-de-autobus\/","title":{"rendered":"Nashville Abogado de Accidente de Autob\u00fas"},"content":{"rendered":"<h2>Representaci\u00f3n legal de expertos para las v\u00edctimas de accidentes de autob\u00fas Nashville<\/h2>\n<p>Si usted ha estado involucrado en un accidente de autob\u00fas, tener abogados con conocimientos y experiencia en accidentes de autob\u00fas de Nashville de su lado puede hacer una diferencia significativa. En Mogy Law TN, entendemos las complejidades que rodean los casos de accidentes de autob\u00fas. Nuestros abogados de accidentes de autob\u00fas de Nashville se dedican a la defensa de las v\u00edctimas que han sufrido debido a la negligencia de los conductores de autobuses, compa\u00f1\u00edas de autobuses, u otras partes involucradas.<\/p>\n<p>Cuando usted nos elige, usted gana un socio que le guiar\u00e1 a trav\u00e9s de cada paso del proceso legal. Nos centramos en la recopilaci\u00f3n de pruebas cruciales para construir un caso s\u00f3lido en su nombre.<\/p>\n<p>Esto incluye el examen de los informes policiales, la obtenci\u00f3n de declaraciones de testigos, y el an\u00e1lisis de las im\u00e1genes de vigilancia disponibles. Nuestro objetivo es establecer la responsabilidad y hacer que las partes responsables rindan cuentas.<\/p>\n<p>Los accidentes de autob\u00fas pueden provocar lesiones graves y gastos m\u00e9dicos abrumadores. Nuestros abogados de accidentes de autob\u00fas de Nashville est\u00e1n comprometidos a ayudarle a recuperar la compensaci\u00f3n por sus facturas m\u00e9dicas, salarios perdidos, y el dolor y el sufrimiento. Trabajaremos diligentemente para negociar con las compa\u00f1\u00edas de seguros y buscar la m\u00e1xima compensaci\u00f3n posible para su caso.<\/p>\n<p>Navegar por el panorama jur\u00eddico puede ser desalentador, especialmente cuando se trata de las secuelas de un accidente de autob\u00fas. Es por eso que ofrecemos una consulta gratuita para discutir su situaci\u00f3n y delinear sus opciones legales. Creemos en la comunicaci\u00f3n clara, asegurando que usted est\u00e1 informado y apoyado durante todo el proceso.<\/p>\n<p>No se enfrente a este momento dif\u00edcil solo. Deje que nuestro experimentado equipo legal luche por sus derechos y le ayude a buscar la compensaci\u00f3n que se merece. P\u00f3ngase en contacto con Mogy Law TN hoy para programar su evaluaci\u00f3n gratuita de su caso.<\/p>\n<p><a href=\"https:\/\/mogylawtn.com\/wp-content\/uploads\/2025\/02\/bus-accident-lawyer-2.webp\"><img fetchpriority=\"high\" decoding=\"async\" class=\"alignnone size-full wp-image-2807\" src=\"https:\/\/mogylawtn.com\/wp-content\/uploads\/2025\/02\/bus-accident-lawyer-2.webp\" alt=\"Bus accident lawyer explains steps to take to file a bus accident claim\" width=\"600\" height=\"928\" srcset=\"https:\/\/mogylawtn.com\/wp-content\/uploads\/2025\/02\/bus-accident-lawyer-2.webp 600w, https:\/\/mogylawtn.com\/wp-content\/uploads\/2025\/02\/bus-accident-lawyer-2-194x300.webp 194w\" sizes=\"(max-width: 600px) 100vw, 600px\" \/><\/a><\/p>\n<h2>\u00bfPor qu\u00e9 elegir Mogy Law TN para su caso de accidente de autob\u00fas?<\/h2>\n<p>Cuando se enfrenta a las secuelas de un accidente de autob\u00fas, la selecci\u00f3n de la representaci\u00f3n legal adecuada puede afectar significativamente su recuperaci\u00f3n. En Mogy Law TN, entendemos las complejidades de las reclamaciones de accidentes de autob\u00fas y estamos comprometidos a proporcionar el m\u00e1s alto nivel de servicio a nuestros clientes. He aqu\u00ed por qu\u00e9 la elecci\u00f3n de nuestra empresa puede hacer toda la diferencia.<\/p>\n<h3>Nuestro enfoque centrado en el cliente<\/h3>\n<p>En Mogy Law TN, damos prioridad a nuestros clientes. Creemos en ofrecer atenci\u00f3n personalizada a cada caso. Nuestro equipo legal se toma el tiempo para entender su situaci\u00f3n y necesidades \u00fanicas. Mantenemos una comunicaci\u00f3n clara durante todo el proceso, asegurando que usted est\u00e1 informado y facultado en cada paso del camino.<\/p>\n<p>Adem\u00e1s, ofrecemos asistencia dedicada en espa\u00f1ol. Esto asegura que todos los clientes, independientemente de su preferencia de idioma, reciban el apoyo y la comprensi\u00f3n que se merecen.<\/p>\n<h3>Base de honorarios contingentes<\/h3>\n<p>Sabemos que las preocupaciones financieras pueden ser desalentadoras despu\u00e9s de un accidente. Es por eso que Mogy Law TN ofrece ventajas \u00fanicas para nuestros clientes. Trabajamos sobre una base de honorarios de contingencia, por lo que no paga a menos que ganemos su caso. Este enfoque le permite centrarse en su recuperaci\u00f3n sin el estr\u00e9s a\u00f1adido de los costos legales por adelantado. Usted merece representaci\u00f3n legal, \u00a1as\u00ed que perm\u00edtanos ayudarle!<\/p>\n<p>Elegir Mogy Law TN significa elegir una empresa que se dedica a maximizar su compensaci\u00f3n mientras que proporciona apoyo compasivo. Perm\u00edtanos manejar las complejidades de su caso de accidente de autob\u00fas, para que pueda concentrarse en la curaci\u00f3n y seguir adelante.<\/p>\n<p><img decoding=\"async\" class=\"alignnone size-full wp-image-2823\" src=\"https:\/\/mogylawtn.com\/wp-content\/uploads\/2025\/02\/bus-accident-school-bus-1.webp\" alt=\"A school bus driving down the road.\" width=\"600\" height=\"320\" srcset=\"https:\/\/mogylawtn.com\/wp-content\/uploads\/2025\/02\/bus-accident-school-bus-1.webp 600w, https:\/\/mogylawtn.com\/wp-content\/uploads\/2025\/02\/bus-accident-school-bus-1-300x160.webp 300w\" sizes=\"(max-width: 600px) 100vw, 600px\" \/><\/p>\n<h2>Pasos a seguir tras un accidente de autob\u00fas<\/h2>\n<p>Despu\u00e9s de una colisi\u00f3n de autob\u00fas, conocer los pasos correctos a seguir puede tener un impacto significativo en su capacidad para recuperar la compensaci\u00f3n. Esto es lo que debe hacer inmediatamente despu\u00e9s del incidente:<\/p>\n<h3>Reunir pruebas cruciales<\/h3>\n<p>Empiece por recoger todas las pruebas posibles en el lugar del accidente. Tome fotograf\u00edas del autob\u00fas, de otros veh\u00edculos implicados y de cualquier lesi\u00f3n visible. Documente las condiciones de la carretera, las se\u00f1ales de tr\u00e1fico y cualquier factor que haya contribuido, como un mantenimiento deficiente. Si hay testigos, recaba su informaci\u00f3n de contacto y sus declaraciones. Estas pruebas pueden ser vitales para su caso de accidente de autob\u00fas.<\/p>\n<p>A continuaci\u00f3n, obtenga una copia del informe policial. Este documento detallar\u00e1 las circunstancias del accidente y puede servir como prueba crucial en su reclamaci\u00f3n. Si la polic\u00eda no acudi\u00f3 al lugar del accidente, considere la posibilidad de presentar usted mismo la denuncia.<\/p>\n<h3>Buscar atenci\u00f3n m\u00e9dica y documentar lesiones<\/h3>\n<p>Su salud debe ser la m\u00e1xima prioridad. Busque atenci\u00f3n m\u00e9dica inmediatamente, aunque se sienta bien. Algunas lesiones pueden no ser evidentes de inmediato. Un profesional m\u00e9dico puede evaluar su estado y crear un registro de sus lesiones, que es esencial para su reclamaci\u00f3n.<\/p>\n<p>Siga todos los consejos m\u00e9dicos y lleve un registro detallado de sus tratamientos, recetas y gastos m\u00e9dicos. Esta documentaci\u00f3n respaldar\u00e1 su caso y le ayudar\u00e1 a reclamar una indemnizaci\u00f3n por facturas m\u00e9dicas, salarios perdidos y otros da\u00f1os.<\/p>\n<p>Tomar estas medidas con prontitud puede reforzar su posici\u00f3n a la hora de interponer una demanda contra la empresa de autobuses o el conductor. Recuerde, cuanto antes act\u00fae, mayores ser\u00e1n sus posibilidades de obtener la indemnizaci\u00f3n que merece.<\/p>\n<h2>C\u00f3mo Mogy Law TN puede ayudarle a obtener una indemnizaci\u00f3n<\/h2>\n<h3>Opciones legales y la b\u00fasqueda de recuperaci\u00f3n financiera<\/h3>\n<p>Despu\u00e9s de un accidente de autob\u00fas, la comprensi\u00f3n de sus opciones legales es crucial. En Mogy Law TN, nos enfocamos en ayudarle a navegar a trav\u00e9s de las complejidades del sistema legal.<\/p>\n<p>Nuestros abogados con experiencia en accidentes de autob\u00fas en Nashville se dedican a asegurar que usted reciba la compensaci\u00f3n que se merece. Vamos a evaluar a fondo su caso y determinar el mejor curso de acci\u00f3n para perseguir la recuperaci\u00f3n financiera por sus lesiones y p\u00e9rdidas.<\/p>\n<p>Nuestro equipo legal trabajar\u00e1 diligentemente para reunir pruebas cruciales, incluyendo informes de accidentes, declaraciones de testigos y registros m\u00e9dicos. Esta evidencia es esencial en la construcci\u00f3n de un caso fuerte contra las partes responsables, como los conductores de autobuses o compa\u00f1\u00edas de autobuses.<\/p>\n<p>Nos esforzamos para que las partes negligentes rindan cuentas por sus acciones, ya sea que impliquen un error del conductor, conducci\u00f3n distra\u00edda o malas pr\u00e1cticas de mantenimiento.<\/p>\n<h3>Consulta gratuita y evaluaci\u00f3n del caso<\/h3>\n<p>Ofrecemos una consulta gratuita para discutir su caso y explorar sus opciones legales. Esta reuni\u00f3n inicial nos permite evaluar los detalles de su situaci\u00f3n y proporcionarle una comprensi\u00f3n clara de sus derechos. Creemos que todo el mundo deber\u00eda tener acceso a una representaci\u00f3n legal de calidad, y estamos aqu\u00ed para guiarle en cada paso del camino.<\/p>\n<h3>Navegando el Estatuto de Limitaciones de Tennessee<\/h3>\n<p>Entender el estatuto de limitaciones de Tennessee es vital para su caso. En la mayor\u00eda de las demandas por lesiones personales, usted tiene un a\u00f1o a partir de la fecha del accidente para presentar una demanda. El incumplimiento de este plazo puede resultar en la p\u00e9rdida de su derecho a solicitar una indemnizaci\u00f3n. Nuestro equipo legal se asegurar\u00e1 de que toda la documentaci\u00f3n necesaria se presente a tiempo, protegiendo sus intereses y maximizando sus posibilidades de un resultado exitoso.<\/p>\n<p>En Mogy Law TN, estamos comprometidos a ayudarle a recuperar la compensaci\u00f3n por gastos m\u00e9dicos, salarios perdidos, y otros da\u00f1os. Perm\u00edtanos poner nuestra experiencia a trabajar para usted, para que pueda centrarse en la curaci\u00f3n y seguir adelante despu\u00e9s de su accidente de autob\u00fas.<\/p>\n<h2><img decoding=\"async\" class=\"alignnone wp-image-2822 size-full\" src=\"https:\/\/mogylawtn.com\/wp-content\/uploads\/2025\/02\/bus-accident-lawyer-3.webp\" alt=\"After a bus wreck like this, whether it's with a school bus or public transportation, common injuries include expensive broken bones and life-altering conditions. Holding the bus manufacturer responsible for your severe injuries is much easier if you hire a Nashville bus accident lawyer.\" width=\"600\" height=\"400\" srcset=\"https:\/\/mogylawtn.com\/wp-content\/uploads\/2025\/02\/bus-accident-lawyer-3.webp 600w, https:\/\/mogylawtn.com\/wp-content\/uploads\/2025\/02\/bus-accident-lawyer-3-300x200.webp 300w\" sizes=\"(max-width: 600px) 100vw, 600px\" \/><\/h2>\n<h2>Contacte Mogy Law TN Hoy<\/h2>\n<p>Si usted o un ser querido ha estado involucrado en un accidente de autob\u00fas, es crucial actuar con rapidez. Las secuelas de este tipo de incidentes pueden ser abrumadoras. Usted puede enfrentar gastos m\u00e9dicos crecientes, salarios perdidos, y la carga emocional de lesiones graves. En Mogy Law TN, estamos aqu\u00ed para ayudarle a navegar este momento dif\u00edcil.<\/p>\n<p>P\u00f3ngase en contacto con nuestro equipo legal para una consulta gratuita. Vamos a evaluar su situaci\u00f3n, explicar sus opciones legales, y esbozar c\u00f3mo podemos ayudarle en la b\u00fasqueda de la compensaci\u00f3n que se merece. Nuestros abogados con experiencia en accidentes de autob\u00fas Nashville se han comprometido a luchar por sus derechos. Entendemos las complejidades involucradas en las reclamaciones de accidentes de autob\u00fas. Nuestra empresa est\u00e1 preparada para abogar agresivamente en su nombre.<\/p>\n<p>No espere hasta que sea demasiado tarde. Tennessee tiene un estatuto de limitaciones que restringe el tiempo que tiene para presentar una reclamaci\u00f3n. P\u00f3ngase en contacto con nosotros hoy para programar la evaluaci\u00f3n gratuita de su caso. Perm\u00edtanos asumir la carga legal para que pueda centrarse en su recuperaci\u00f3n. Su camino a la justicia comienza aqu\u00ed.<\/p>\n","protected":false},"excerpt":{"rendered":"<p>Representaci\u00f3n legal de expertos para las v\u00edctimas de accidentes de autob\u00fas Nashville Si usted ha estado involucrado en un accidente de autob\u00fas, tener abogados con conocimientos y experiencia en accidentes de autob\u00fas de Nashville de su lado puede hacer una diferencia significativa. En Mogy Law TN, entendemos las complejidades que rodean los casos de accidentes [&hellip;]<\/p>\n","protected":false},"author":22,"featured_media":0,"parent":3324,"menu_order":0,"comment_status":"closed","ping_status":"closed","template":"","meta":{"_acf_changed":false,"anchor_text":"","footnotes":""},"class_list":["post-3327","page","type-page","status-publish","hentry"],"acf":[],"_links":{"self":[{"href":"https:\/\/mogylawtn.com\/es\/wp-json\/wp\/v2\/pages\/3327","targetHints":{"allow":["GET"]}}],"collection":[{"href":"https:\/\/mogylawtn.com\/es\/wp-json\/wp\/v2\/pages"}],"about":[{"href":"https:\/\/mogylawtn.com\/es\/wp-json\/wp\/v2\/types\/page"}],"author":[{"embeddable":true,"href":"https:\/\/mogylawtn.com\/es\/wp-json\/wp\/v2\/users\/22"}],"replies":[{"embeddable":true,"href":"https:\/\/mogylawtn.com\/es\/wp-json\/wp\/v2\/comments?post=3327"}],"version-history":[{"count":2,"href":"https:\/\/mogylawtn.com\/es\/wp-json\/wp\/v2\/pages\/3327\/revisions"}],"predecessor-version":[{"id":3329,"href":"https:\/\/mogylawtn.com\/es\/wp-json\/wp\/v2\/pages\/3327\/revisions\/3329"}],"up":[{"embeddable":true,"href":"https:\/\/mogylawtn.com\/es\/wp-json\/wp\/v2\/pages\/3324"}],"wp:attachment":[{"href":"https:\/\/mogylawtn.com\/es\/wp-json\/wp\/v2\/media?parent=3327"}],"curies":[{"name":"wp","href":"https:\/\/api.w.org\/{rel}","templated":true}]}}