{"id":3336,"date":"2026-02-04T08:00:57","date_gmt":"2026-02-04T14:00:57","guid":{"rendered":"https:\/\/mogylawtn.com\/nashville\/nashville-abogado-de-accidente-de-motocicleta\/"},"modified":"2025-03-18T04:58:34","modified_gmt":"2025-03-18T10:58:34","slug":"nashville-abogado-de-accidente-de-motocicleta","status":"publish","type":"page","link":"https:\/\/mogylawtn.com\/es\/nashville\/nashville-abogado-de-accidente-de-motocicleta\/","title":{"rendered":"Nashville Abogado de Accidente de Motocicleta"},"content":{"rendered":"<h2>Entendiendo los Accidentes de Motocicleta en Nashville<\/h2>\n<p>Los accidentes de motocicleta en Nashville pueden tener graves consecuencias. Estos incidentes a menudo conducen a lesiones devastadoras y traumas emocionales significativos para las v\u00edctimas y sus familias. Entender la din\u00e1mica de estos accidentes es crucial para cualquier persona involucrada, ya sea un motociclista u otro usuario de la carretera. Por eso es tan importante contratar a un abogado de accidentes de motocicleta en Nashville si usted ha sido herido en un accidente de motocicleta.<\/p>\n<p>En Nashville, los patrones de tr\u00e1fico \u00fanicos y las condiciones de la carretera pueden contribuir a la frecuencia de los accidentes de motocicleta. Muchos accidentes se derivan de factores comunes como la conducci\u00f3n distra\u00edda, el exceso de velocidad y las malas condiciones meteorol\u00f3gicas. Otros conductores pueden no darse cuenta de los motociclistas debido a su menor tama\u00f1o, lo que lleva a colisiones que podr\u00edan haberse evitado.<\/p>\n<p><img fetchpriority=\"high\" decoding=\"async\" class=\"alignnone size-full wp-image-2827\" src=\"https:\/\/mogylawtn.com\/wp-content\/uploads\/2025\/02\/catastrophic-motorcycle-accident.webp\" alt=\"A catastrophic motorcycle accident. After a crash like this, you need a Nashville motorcycle accident lawyer.\" width=\"600\" height=\"338\" srcset=\"https:\/\/mogylawtn.com\/wp-content\/uploads\/2025\/02\/catastrophic-motorcycle-accident.webp 600w, https:\/\/mogylawtn.com\/wp-content\/uploads\/2025\/02\/catastrophic-motorcycle-accident-300x169.webp 300w\" sizes=\"(max-width: 600px) 100vw, 600px\" \/><\/p>\n<p>Los conductores de motocicletas se enfrentan a mayores riesgos que los de veh\u00edculos m\u00e1s grandes. La falta de barreras protectoras les hace m\u00e1s vulnerables a lesiones graves, como traumatismos craneoencef\u00e1licos, lesiones medulares y fracturas \u00f3seas. Estas lesiones pueden acarrear gastos m\u00e9dicos a largo plazo y un largo proceso de recuperaci\u00f3n.<\/p>\n<p>Adem\u00e1s, los peligros de la carretera, como baches, escombros y superficies irregulares, pueden suponer un gran peligro para los conductores de motocicletas. La conciencia de estos riesgos potenciales es esencial tanto para los pilotos como para los conductores para promover carreteras m\u00e1s seguras.<\/p>\n<p>Los accidentes de motocicleta en Nashville est\u00e1n influenciados por varios factores, incluyendo el comportamiento del conductor y las condiciones ambientales. La comprensi\u00f3n de estos elementos puede ayudar en la prevenci\u00f3n de accidentes y garantizar viajes m\u00e1s seguros para todos en la carretera. Si usted o un ser querido ha estado involucrado en un accidente de motocicleta, la b\u00fasqueda de orientaci\u00f3n legal es un paso crucial hacia la recuperaci\u00f3n y la obtenci\u00f3n de una indemnizaci\u00f3n justa por sus lesiones.<\/p>\n<p><a href=\"https:\/\/mogylawtn.com\/wp-content\/uploads\/2025\/02\/motorcycle-accident-lawyer-2.webp\"><img decoding=\"async\" class=\"alignnone size-full wp-image-2816\" src=\"https:\/\/mogylawtn.com\/wp-content\/uploads\/2025\/02\/motorcycle-accident-lawyer-2.webp\" alt=\"The do's and don'ts after being involved in a motorcycle accident\" width=\"600\" height=\"845\" srcset=\"https:\/\/mogylawtn.com\/wp-content\/uploads\/2025\/02\/motorcycle-accident-lawyer-2.webp 600w, https:\/\/mogylawtn.com\/wp-content\/uploads\/2025\/02\/motorcycle-accident-lawyer-2-213x300.webp 213w\" sizes=\"(max-width: 600px) 100vw, 600px\" \/><\/a><\/p>\n<h2>\u00bfPor qu\u00e9 elegir Mogy Law TN Nashville Abogados de Accidente de Motocicleta?<\/h2>\n<p>Cuando usted ha estado involucrado en un accidente de motocicleta, la elecci\u00f3n de la representaci\u00f3n legal adecuada es crucial. En Mogy Law TN, nuestros abogados de accidentes de motocicleta en Nashville entienden los desaf\u00edos \u00fanicos que enfrentan las v\u00edctimas de accidentes de motocicleta. Nuestra empresa se dedica a proporcionar el m\u00e1s alto nivel de servicio a nuestros clientes. He aqu\u00ed por qu\u00e9 usted debe considerarnos para su caso de accidente de motocicleta:<\/p>\n<h3>Nuestro enfoque centrado en el cliente<\/h3>\n<p>Damos prioridad a las necesidades de nuestros clientes por encima de todo. Desde su primer contacto con nosotros, se dar\u00e1 cuenta de nuestro compromiso con la comprensi\u00f3n de su situaci\u00f3n. Nos tomamos el tiempo para escuchar sus preocupaciones y reunir todos los detalles necesarios sobre su caso. Este enfoque nos permite adaptar nuestra estrategia a sus circunstancias espec\u00edficas, asegurando que usted reciba la atenci\u00f3n que se merece.<\/p>\n<h3>Atenci\u00f3n Personalizada y Defensa Agresiva<\/h3>\n<p>En Mogy Law TN, creemos en un enfoque pr\u00e1ctico. Usted trabajar\u00e1 directamente con nuestros abogados experimentados que abogar\u00e1n por sus derechos. Nuestro equipo es implacable en la b\u00fasqueda de una compensaci\u00f3n justa por lesiones de accidentes de motocicleta. Entendemos el peaje emocional y financiero que estos accidentes pueden tomar, y estamos aqu\u00ed para luchar por usted. Nuestra defensa agresiva significa que estamos preparados para hacer frente a las compa\u00f1\u00edas de seguros y las partes negligentes para asegurar el mejor resultado para su caso.<\/p>\n<h3>Base competitiva de honorarios contingentes<\/h3>\n<p>Las finanzas nunca deben ser una barrera para buscar justicia. Por eso trabajamos con honorarios condicionales. Usted no paga nada a menos que ganemos su caso. Esta estructura le permite centrarse en su recuperaci\u00f3n sin el estr\u00e9s a\u00f1adido de los honorarios legales. Nuestras tarifas competitivas significan que usted puede confiar en que estamos comprometidos a maximizar su compensaci\u00f3n al tiempo que minimiza su carga financiera.<\/p>\n<p>Elegir Mogy Law TN significa elegir una empresa que se dedica a su recuperaci\u00f3n y bienestar. Perm\u00edtanos manejar las complejidades de su caso de accidente de motocicleta mientras usted se enfoca en sanar.<\/p>\n<h2>C\u00f3mo navegar por el proceso legal en casos de accidentes de motocicleta<\/h2>\n<p>Cuando usted est\u00e1 involucrado en un accidente de motocicleta, el proceso legal puede sentirse abrumador. En Mogy Law TN, nos esforzamos por simplificar este viaje para usted. Nuestro equipo experimentado se dedica a guiarlo a trav\u00e9s de cada paso, asegurando que usted entienda sus derechos y opciones.<\/p>\n<h3>Consulta Inicial y Evaluaci\u00f3n del Caso<\/h3>\n<p>Su viaje comienza con una consulta inicial gratuita. Durante esta reuni\u00f3n, discutiremos los detalles de su accidente de motocicleta y evaluaremos su caso. Esta es su oportunidad de compartir su historia y hacer preguntas. Vamos a evaluar los m\u00e9ritos de su reclamo y esbozar las posibles v\u00edas a seguir.<\/p>\n<h3>Recopilaci\u00f3n de pruebas y construcci\u00f3n de un caso s\u00f3lido<\/h3>\n<p>Despu\u00e9s de nuestra reuni\u00f3n inicial, vamos a empezar a reunir pruebas. Esto incluye la recopilaci\u00f3n de informes policiales, historiales m\u00e9dicos y declaraciones de testigos. Nuestro objetivo es construir una base s\u00f3lida para su reclamaci\u00f3n. Entendemos lo importante que es esta evidencia para demostrar la responsabilidad y el alcance de sus lesiones.<\/p>\n<h3>La presentaci\u00f3n de una reclamaci\u00f3n de accidente de motocicleta<\/h3>\n<p>Una vez que tengamos pruebas suficientes, le ayudaremos a presentar su reclamaci\u00f3n por accidente de motocicleta. Esto implica presentar la documentaci\u00f3n necesaria a la compa\u00f1\u00eda de seguros o entidad legal correspondiente. Nosotros nos encargamos de todo el papeleo, asegur\u00e1ndonos de que todo se completa con precisi\u00f3n y a tiempo.<\/p>\n<h3>Negociar con las compa\u00f1\u00edas de seguros<\/h3>\n<p>La negociaci\u00f3n es una parte clave del proceso. Las compa\u00f1\u00edas de seguros a menudo tratan de minimizar los pagos. Nuestro equipo abogar\u00e1 en su nombre, negociando incansablemente para asegurar la compensaci\u00f3n que se merece. Conocemos las t\u00e1cticas que los ajustadores de seguros pueden utilizar y estamos preparados para contrarrestarlas eficazmente.<\/p>\n<h3>Litigios y Representaci\u00f3n Judicial<\/h3>\n<p>Si las negociaciones no producen un acuerdo justo, estamos listos para llevar su caso a los tribunales. Nuestros abogados son expertos en litigios y le representar\u00e1 durante el juicio. Vamos a presentar su caso con la m\u00e1xima profesionalidad y dedicaci\u00f3n, luchando por sus derechos en cada paso del camino.<\/p>\n<p>Navegar el proceso legal despu\u00e9s de un accidente de motocicleta no tiene que ser desalentador. Con Mogy Law TN a su lado, usted puede concentrarse en su recuperaci\u00f3n mientras nosotros manejamos las complejidades de su caso.<\/p>\n<p><img decoding=\"async\" class=\"alignnone size-full wp-image-2828\" src=\"https:\/\/mogylawtn.com\/wp-content\/uploads\/2025\/02\/motorcycle-accident-aftermath-2.webp\" alt=\"A motorcycle crashed out on the street.\" width=\"600\" height=\"400\" srcset=\"https:\/\/mogylawtn.com\/wp-content\/uploads\/2025\/02\/motorcycle-accident-aftermath-2.webp 600w, https:\/\/mogylawtn.com\/wp-content\/uploads\/2025\/02\/motorcycle-accident-aftermath-2-300x200.webp 300w\" sizes=\"(max-width: 600px) 100vw, 600px\" \/><\/p>\n<h2>Compensaci\u00f3n para las v\u00edctimas de accidentes de motocicleta Nashville<\/h2>\n<p>Cuando usted ha estado involucrado en un accidente de motocicleta, la comprensi\u00f3n de los tipos de compensaci\u00f3n disponibles es crucial. Las v\u00edctimas a menudo se enfrentan a una serie de gastos y p\u00e9rdidas que pueden acumularse r\u00e1pidamente. En Mogy Law TN, estamos dedicados a ayudarle a recuperar la compensaci\u00f3n que se merece.<\/p>\n<h3>Tipos de Compensaci\u00f3n Disponible<\/h3>\n<p>En Nashville, las v\u00edctimas de accidentes de motocicleta pueden ser elegibles para varios tipos de compensaci\u00f3n. Esto incluye:<\/p>\n<ul>\n<li><strong>Gastos M\u00e9dicos<\/strong>: Cobertura para todas las facturas m\u00e9dicas relacionadas con sus lesiones, incluyendo hospitalizaciones, cirug\u00edas, terapia f\u00edsica y equipo m\u00e9dico especializado.<\/li>\n<li><strong>Salarios perdidos<\/strong>: Indemnizaci\u00f3n por los ingresos perdidos debido a su incapacidad para trabajar durante la recuperaci\u00f3n. Puede incluir el lucro cesante pasado y futuro.<\/li>\n<li><strong>Dolor y sufrimiento<\/strong>: Recuperaci\u00f3n financiera por la angustia emocional y f\u00edsica causada por el accidente.<\/li>\n<li><strong>Da\u00f1os materiales<\/strong>: Reembolso de las reparaciones de su motocicleta o sustituci\u00f3n si fue total.<\/li>\n<li><strong>Da\u00f1os no econ\u00f3micos<\/strong>: Esto puede cubrir el trauma emocional y la p\u00e9rdida de disfrute de la vida resultante del accidente.<\/li>\n<\/ul>\n<h3>Factores que influyen en su indemnizaci\u00f3n<\/h3>\n<p>Varios factores pueden influir en la cuant\u00eda de la indemnizaci\u00f3n que puede recibir. Entre ellos se incluyen:<\/p>\n<ul>\n<li><strong>Gravedad de las lesiones<\/strong>: Las lesiones m\u00e1s graves suelen dar lugar a indemnizaciones m\u00e1s elevadas.<\/li>\n<li><strong>Tratamiento m\u00e9dico<\/strong>: El alcance y la duraci\u00f3n del tratamiento m\u00e9dico necesario pueden influir en su reclamaci\u00f3n.<\/li>\n<li><strong>Impacto en la vida diaria<\/strong>: Si sus lesiones afectan a su capacidad para realizar actividades cotidianas o aficiones, esto puede aumentar su indemnizaci\u00f3n.<\/li>\n<li><strong>L\u00edmites de la p\u00f3liza de seguros<\/strong>: Los l\u00edmites de la p\u00f3liza de seguro de la parte culpable pueden limitar la indemnizaci\u00f3n m\u00e1xima disponible.<\/li>\n<\/ul>\n<h3>Entendiendo la Negligencia Comparativa en Tennessee<\/h3>\n<p>Tennessee sigue una regla de negligencia comparativa modificada. Esto significa que si usted es encontrado parcialmente culpable del accidente, su compensaci\u00f3n puede ser reducida por su porcentaje de culpa. Por ejemplo, si se le considera responsable en un 20%, su indemnizaci\u00f3n se reducir\u00e1 en esa cantidad. Sin embargo, si tiene m\u00e1s del 50% de culpa, puede que no tenga derecho a ninguna indemnizaci\u00f3n.<\/p>\n<p>Entender estos aspectos es vital para navegar su caso de accidente de motocicleta en Nashville con eficacia. En Mogy Law TN, estamos aqu\u00ed para guiarlo a trav\u00e9s del proceso y abogar por sus derechos. Nuestro equipo experimentado trabajar\u00e1 incansablemente para asegurar la compensaci\u00f3n que usted merece por sus lesiones y p\u00e9rdidas.<\/p>\n<h2>C\u00f3mo tratar con las compa\u00f1\u00edas de seguros tras un accidente de moto<\/h2>\n<p>Despu\u00e9s de un accidente de moto, interactuar con las compa\u00f1\u00edas de seguros puede ser un reto. Aqu\u00ed hay algunos consejos pr\u00e1cticos para ayudarle a navegar este proceso con eficacia.<\/p>\n<h3>Consejos r\u00e1pidos para tratar con los peritos de seguros<\/h3>\n<ul>\n<li><strong>Mantenga la calma y recogido<\/strong>: Los ajustadores de seguros est\u00e1n entrenados para recopilar informaci\u00f3n. Mantenga la compostura durante las conversaciones. Evite compartir detalles innecesarios sobre el accidente o sus lesiones.<\/li>\n<li><strong>Limite sus declaraciones<\/strong>: S\u00f3lo proporcione detalles b\u00e1sicos sobre el accidente. Evite especular o admitir la culpa. Recuerde que todo lo que diga puede ser utilizado en su contra.<\/li>\n<li><strong>Docum\u00e9ntelo todo<\/strong>: Lleve un registro de todas las comunicaciones con la compa\u00f1\u00eda de seguros. Anote las fechas, horas y nombres de los representantes con los que hable.<\/li>\n<li><strong>Conozca sus derechos<\/strong>: Familiar\u00edcese con las leyes de Tennessee sobre accidentes de motocicleta. La comprensi\u00f3n de sus derechos puede darle poder durante las discusiones con los ajustadores de seguros.<\/li>\n<li><strong>No se apresure a llegar a un acuerdo<\/strong>: Las compa\u00f1\u00edas de seguros a menudo presionan por acuerdos r\u00e1pidos. T\u00f3mese su tiempo para evaluar el alcance total de sus lesiones y da\u00f1os antes de aceptar cualquier oferta.<\/li>\n<\/ul>\n<h3>El papel de su abogado en las negociaciones de seguros<\/h3>\n<p>Tener un abogado con experiencia en accidentes de motocicleta en Nashville de su lado puede hacer una diferencia significativa. Su abogado de accidentes de motocicleta en Nashville<\/p>\n<ul>\n<li><strong>Defender\u00e1 sus intereses<\/strong>: Su abogado se comunicar\u00e1 con la compa\u00f1\u00eda de seguros en su nombre, asegurando que sus derechos sean protegidos.<\/li>\n<li><strong>Evaluar el valor de su reclamo<\/strong>: Un abogado le ayudar\u00e1 a determinar el valor real de su reclamaci\u00f3n, teniendo en cuenta los gastos m\u00e9dicos, salarios perdidos y otros da\u00f1os.<\/li>\n<li><strong>Negociar una indemnizaci\u00f3n justa<\/strong>: Con su experiencia, su abogado negociar\u00e1 con los ajustadores de seguros para asegurar un acuerdo justo que refleje sus necesidades.<\/li>\n<li><strong>Preparar un litigio si es necesario<\/strong>: Si las negociaciones se estancan, su abogado estar\u00e1 listo para llevar su caso a los tribunales, asegur\u00e1ndose de que tiene la mejor oportunidad de recuperar la compensaci\u00f3n que se merece.<\/li>\n<\/ul>\n<p>Navegar por las secuelas de un accidente de motocicleta puede ser abrumador. Siguiendo estos consejos y con la ayuda de un abogado experto, usted puede manejar mejor las interacciones con las compa\u00f1\u00edas de seguros y centrarse en su recuperaci\u00f3n.<\/p>\n<h2>Qu\u00e9 hacer despu\u00e9s de un accidente de motocicleta en Nashville<\/h2>\n<p>Experimentar un accidente de motocicleta puede ser abrumador. Conocer los pasos correctos a seguir inmediatamente despu\u00e9s del incidente puede tener un impacto significativo en su recuperaci\u00f3n y compensaci\u00f3n potencial. Esto es lo que debe hacer:<\/p>\n<h3>Pasos inmediatos a tomar en la escena del accidente<\/h3>\n<p>En primer lugar, garantice su seguridad y la de los dem\u00e1s implicados. Si es posible, traslade su motocicleta y a usted mismo a un lugar seguro alejado del tr\u00e1fico. Comprueba si has sufrido lesiones y llama al 911 si alguien requiere asistencia m\u00e9dica. Es crucial mantener la calma y la compostura, ya que esto te ayudar\u00e1 a recopilar informaci\u00f3n importante.<\/p>\n<p>A continuaci\u00f3n, intercambia datos de contacto y del seguro con los otros conductores implicados. Recopila nombres, n\u00fameros de tel\u00e9fono y datos del seguro. Adem\u00e1s, recabe informaci\u00f3n de contacto de los testigos presentes en el lugar del accidente. Esta informaci\u00f3n puede ser vital para su posterior reclamaci\u00f3n por accidente de moto.<\/p>\n<h3>Documentaci\u00f3n de lesiones y da\u00f1os<\/h3>\n<p>Tome fotograf\u00edas del lugar del accidente, incluidos los veh\u00edculos implicados, el estado de la carretera y las lesiones visibles. Documentarlo todo puede ser una prueba esencial para su caso. Escriba su relato de c\u00f3mo ocurri\u00f3 el accidente mientras los detalles est\u00e1n frescos en su mente. Esto le ayudar\u00e1 a recordar hechos importantes que pueden ser relevantes m\u00e1s adelante.<\/p>\n<p>Si ha sufrido lesiones, lleve un registro de todos los tratamientos y gastos m\u00e9dicos. Esto incluye visitas al hospital, recetas y cualquier equipo m\u00e9dico especializado que pueda necesitar. Una documentaci\u00f3n precisa respaldar\u00e1 su reclamaci\u00f3n y demostrar\u00e1 el alcance de sus lesiones.<\/p>\n<h3>Buscar atenci\u00f3n m\u00e9dica y asesoramiento jur\u00eddico<\/h3>\n<p>Independientemente de c\u00f3mo se sienta, busque atenci\u00f3n m\u00e9dica lo antes posible. Algunas lesiones sufridas en un accidente de moto pueden no ser inmediatamente aparentes, como las lesiones cerebrales traum\u00e1ticas o las lesiones internas. Un profesional m\u00e9dico puede evaluar su estado y proporcionarle el tratamiento necesario.<\/p>\n<p>Despu\u00e9s de ocuparse de su salud, considere la posibilidad de consultar con un abogado de accidentes de motocicleta en Nashville. Un abogado con experiencia puede guiarle a trav\u00e9s del proceso legal y ayudarle a entender sus derechos. Ellos trabajar\u00e1n para proteger sus intereses y asegurarse de que recibe una compensaci\u00f3n justa por sus lesiones y da\u00f1os.<\/p>\n<p>Tomar estas medidas despu\u00e9s de un accidente de motocicleta puede sentar las bases para una demanda exitosa. Recuerde, actuar con prontitud y reunir pruebas es crucial para su caso de lesiones personales.<\/p>\n<h2>Preguntas frecuentes sobre reclamaciones por accidentes de moto<\/h2>\n<h3>\u00bfPuedo reclamar una indemnizaci\u00f3n si no llevaba casco?<\/h3>\n<p>S\u00ed, usted todav\u00eda puede buscar la compensaci\u00f3n incluso si usted no llevaba un casco durante el accidente de motocicleta. En Tennessee, la ley permite la recuperaci\u00f3n de los da\u00f1os, independientemente del uso del casco. Sin embargo, no usar un casco puede afectar la cantidad de compensaci\u00f3n que usted recibe. Los ajustadores de seguros podr\u00edan argumentar que sus lesiones se vieron agravadas por su elecci\u00f3n de conducir sin casco. Es crucial consultar con un abogado de accidentes de motocicleta Nashville que puede ayudar a navegar por estas complejidades y abogar por sus derechos.<\/p>\n<h3>\u00bfTengo que ir a la corte para mi reclamo?<\/h3>\n<p>No necesariamente. Muchas reclamaciones de accidentes de motocicleta se resuelven fuera de los tribunales a trav\u00e9s de negociaciones con las compa\u00f1\u00edas de seguros. Sin embargo, si no se puede llegar a un acuerdo justo, su caso puede proceder a un litigio. Tener un abogado con experiencia en accidentes de motocicleta de su lado es esencial. Ellos preparar\u00e1n su caso a fondo y lo representar\u00e1n en la corte si es necesario, asegurando que sus intereses est\u00e9n protegidos durante todo el proceso legal.<\/p>\n<h3>\u00bfQu\u00e9 pasa si comparto la culpa en el accidente?<\/h3>\n<p>Tennessee sigue una regla de negligencia comparativa. Esto significa que si usted comparte alguna responsabilidad por el accidente de motocicleta, su compensaci\u00f3n puede ser reducida en base a su porcentaje de culpa. Por ejemplo, si usted es encontrado para ser 20% culpable, su compensacion seria reducida por esa cantidad. Es importante trabajar con un abogado experto en accidentes de motocicleta que pueda ayudar a establecer la responsabilidad y luchar por la m\u00e1xima indemnizaci\u00f3n posible, incluso si usted comparte parte de culpa en el incidente.<\/p>\n<p><img loading=\"lazy\" decoding=\"async\" class=\"alignnone size-full wp-image-2829\" src=\"https:\/\/mogylawtn.com\/wp-content\/uploads\/2025\/02\/motorcycle-accident-mirror.webp\" alt=\"A mirror from a crashed motorcycle lies in the middle of the street.\" width=\"600\" height=\"400\" srcset=\"https:\/\/mogylawtn.com\/wp-content\/uploads\/2025\/02\/motorcycle-accident-mirror.webp 600w, https:\/\/mogylawtn.com\/wp-content\/uploads\/2025\/02\/motorcycle-accident-mirror-300x200.webp 300w\" sizes=\"(max-width: 600px) 100vw, 600px\" \/><\/p>\n<h2>P\u00f3ngase en contacto con Mogy Law TN para una consulta gratuita<\/h2>\n<p>Si usted ha estado involucrado en un accidente de motocicleta en Nashville, llegar a Mogy Law TN es un paso crucial. Nuestro equipo est\u00e1 listo para ayudarle. Entendemos los desaf\u00edos que enfrentan las v\u00edctimas de lesiones de motocicleta, desde lesiones f\u00edsicas hasta angustia emocional. Una consulta gratuita le permite discutir su situaci\u00f3n sin ninguna obligaci\u00f3n financiera.<\/p>\n<p>Durante esta reuni\u00f3n inicial, escucharemos su relato del accidente y evaluaremos los detalles espec\u00edficos de su caso. Usted puede hacer preguntas y expresar cualquier preocupaci\u00f3n que pueda tener. Nuestro objetivo es proporcionar claridad y direcci\u00f3n a medida que navegan este momento dif\u00edcil.<\/p>\n<p>Despu\u00e9s de la consulta, si usted decide trabajar con nosotros, vamos a empezar a construir su caso inmediatamente. Estamos orgullosos de nuestro enfoque personalizado, asegurando que usted reciba la atenci\u00f3n que se merece. Estamos comprometidos a luchar por sus derechos y la b\u00fasqueda de una compensaci\u00f3n justa en su nombre.<\/p>\n<p>No dude en dar este importante paso hacia la recuperaci\u00f3n. P\u00f3ngase en contacto con Mogy Law TN hoy para programar su consulta gratuita. Perm\u00edtanos ayudarle a entender sus opciones legales y el camino a seguir.<\/p>\n<h2>Acerca de Mogy Law TN<\/h2>\n<p>Los abogados de nuestro bufete de abogados se enorgullecen de su compromiso inquebrantable con los clientes. Fundada por el abogado Eric Mogy, nuestra firma ha construido una s\u00f3lida reputaci\u00f3n en Nashville y Memphis para proporcionar representaci\u00f3n legal dedicada. Desde 2011, Eric se ha centrado en la ley de lesiones personales, asegur\u00e1ndose de que cada cliente reciba la atenci\u00f3n que se merece. Sus elogios, incluyendo el reconocimiento como Rising Star por Super Lawyers, reflejan su dedicaci\u00f3n y experiencia en el campo.<\/p>\n<p>Nuestro enfoque es sencillo. Damos prioridad a las necesidades de nuestros clientes, la prestaci\u00f3n de servicios jur\u00eddicos personalizados que atienden a las circunstancias individuales. Entendemos el costo emocional y financiero que los accidentes de motocicleta puede imponer. Por lo tanto, nos esforzamos por aliviar la carga guiando a los clientes a trav\u00e9s de cada paso del proceso legal.<\/p>\n<p>Mogy Law TN opera bajo una filosof\u00eda de practicar la ley \u00abde la manera correcta\u00bb. Esto significa abogar ferozmente por nuestros clientes mientras mantenemos est\u00e1ndares \u00e9ticos. Creemos en la transparencia y la comunicaci\u00f3n abierta, asegurando que nuestros clientes est\u00e1n informados y facultados a lo largo de sus casos. Si usted est\u00e1 tratando con gastos m\u00e9dicos complejos o navegar por los desaf\u00edos de las reclamaciones de seguros, estamos aqu\u00ed para ayudarle a recuperar lo que se merece.<\/p>\n<p>Nuestra empresa no se trata s\u00f3lo de ganar casos; se trata de hacer una diferencia significativa en la vida de nuestros clientes. Entendemos que detr\u00e1s de cada caso hay una persona que enfrenta desaf\u00edos reales. En Mogy Law TN, estamos comprometidos a apoyarle durante este tiempo dif\u00edcil.<\/p>\n","protected":false},"excerpt":{"rendered":"<p>Entendiendo los Accidentes de Motocicleta en Nashville Los accidentes de motocicleta en Nashville pueden tener graves consecuencias. Estos incidentes a menudo conducen a lesiones devastadoras y traumas emocionales significativos para las v\u00edctimas y sus familias. Entender la din\u00e1mica de estos accidentes es crucial para cualquier persona involucrada, ya sea un motociclista u otro usuario de [&hellip;]<\/p>\n","protected":false},"author":22,"featured_media":0,"parent":3324,"menu_order":0,"comment_status":"closed","ping_status":"closed","template":"","meta":{"_acf_changed":false,"anchor_text":"","footnotes":""},"class_list":["post-3336","page","type-page","status-publish","hentry"],"acf":[],"_links":{"self":[{"href":"https:\/\/mogylawtn.com\/es\/wp-json\/wp\/v2\/pages\/3336","targetHints":{"allow":["GET"]}}],"collection":[{"href":"https:\/\/mogylawtn.com\/es\/wp-json\/wp\/v2\/pages"}],"about":[{"href":"https:\/\/mogylawtn.com\/es\/wp-json\/wp\/v2\/types\/page"}],"author":[{"embeddable":true,"href":"https:\/\/mogylawtn.com\/es\/wp-json\/wp\/v2\/users\/22"}],"replies":[{"embeddable":true,"href":"https:\/\/mogylawtn.com\/es\/wp-json\/wp\/v2\/comments?post=3336"}],"version-history":[{"count":2,"href":"https:\/\/mogylawtn.com\/es\/wp-json\/wp\/v2\/pages\/3336\/revisions"}],"predecessor-version":[{"id":3338,"href":"https:\/\/mogylawtn.com\/es\/wp-json\/wp\/v2\/pages\/3336\/revisions\/3338"}],"up":[{"embeddable":true,"href":"https:\/\/mogylawtn.com\/es\/wp-json\/wp\/v2\/pages\/3324"}],"wp:attachment":[{"href":"https:\/\/mogylawtn.com\/es\/wp-json\/wp\/v2\/media?parent=3336"}],"curies":[{"name":"wp","href":"https:\/\/api.w.org\/{rel}","templated":true}]}}