{"id":3339,"date":"2025-12-16T08:35:34","date_gmt":"2025-12-16T14:35:34","guid":{"rendered":"https:\/\/mogylawtn.com\/nashville\/nashville-abogado-de-accidente-peatonal\/"},"modified":"2025-03-18T05:16:34","modified_gmt":"2025-03-18T11:16:34","slug":"nashville-abogado-de-accidente-peatonal","status":"publish","type":"page","link":"https:\/\/mogylawtn.com\/es\/nashville\/nashville-abogado-de-accidente-peatonal\/","title":{"rendered":"Nashville Abogado de Accidente Peatonal"},"content":{"rendered":"<h2>La comprensi\u00f3n de los accidentes de peatones en Nashville, Tennessee<\/h2>\n<h3>\u00bfQu\u00e9 se considera un accidente de peatones?<\/h3>\n<p>Los accidentes de peatones son incidentes graves que ocurren cuando una persona a pie es golpeada por un veh\u00edculo. En Nashville, TN, estos accidentes pueden tener consecuencias devastadoras, que conducen a lesiones graves o incluso mortales. La comprensi\u00f3n de la naturaleza de los accidentes de peatones es crucial para las v\u00edctimas y sus familias, ya que navegar por las secuelas de este tipo de incidentes. La b\u00fasqueda de orientaci\u00f3n legal de un abogado con experiencia en accidentes de peatones Nashville puede ayudar a los peatones lesionados asegurar la compensaci\u00f3n que merecen.<\/p>\n<p>Los accidentes de peatones en Nashville pueden ocurrir en varios lugares, incluyendo las intersecciones ocupadas, pasos de peatones y zonas residenciales. La interacci\u00f3n entre los peatones y los veh\u00edculos a menudo resulta en resultados tr\u00e1gicos, especialmente cuando los conductores est\u00e1n distra\u00eddos, exceso de velocidad, o no ceder el derecho de paso. Es esencial que los peatones sean conscientes de lo que les rodea y que los conductores se mantengan alerta mientras comparten la carretera. Si usted o un ser querido ha sido herido en un accidente de peatones, consultar a un abogado de accidentes de peatones Nashville puede ser un paso cr\u00edtico en la protecci\u00f3n de sus derechos y la b\u00fasqueda de la justicia.<\/p>\n<h3>Causas comunes de accidentes de peatones en Nashville<\/h3>\n<p>Las causas comunes de accidentes de peatones en Nashville incluyen:<\/p>\n<ul>\n<li>Conducci\u00f3n distra\u00edda, como enviar mensajes de texto o usar un tel\u00e9fono inteligente<\/li>\n<li>Conducir bajo la influencia de drogas o alcohol<\/li>\n<li>Ignorar las se\u00f1ales y se\u00f1ales de tr\u00e1fico<\/li>\n<li>Malas condiciones de visibilidad, incluyendo el mal tiempo o la conducci\u00f3n nocturna<\/li>\n<li>No respetar los pasos de peatones se\u00f1alizados<\/li>\n<li>Conductores negligentes que no respetan las normas de tr\u00e1fico y conducen de forma temeraria<\/li>\n<\/ul>\n<h3>Lesiones comunes en accidentes de peatones<\/h3>\n<p>Las lesiones sufridas en accidentes de peatones pueden alterar la vida. Las lesiones en la cabeza son particularmente comunes y pueden tener consecuencias a largo plazo para las v\u00edctimas. Las v\u00edctimas pueden sufrir lesiones cerebrales traum\u00e1ticas, lesiones de la m\u00e9dula espinal, fracturas \u00f3seas y otras lesiones graves que requieren un tratamiento m\u00e9dico exhaustivo. Comprender estos riesgos puede ayudar a los peatones a tomar precauciones y abogar por su seguridad.<\/p>\n<p>Como peat\u00f3n en Nashville, conocer sus derechos es vital. Si usted o un ser querido ha estado involucrado en un accidente peatonal, es importante buscar orientaci\u00f3n legal. Un abogado con experiencia en accidentes de peatones en Nashville puede ayudarle a entender las protecciones legales disponibles para usted y ayudarle en la b\u00fasqueda de la compensaci\u00f3n que se merece.<\/p>\n<p><img fetchpriority=\"high\" decoding=\"async\" class=\"alignnone wp-image-2653 size-full\" src=\"https:\/\/mogylawtn.com\/wp-content\/uploads\/2025\/02\/Nashville-personal-injury-law-firm-pedestrian-cases.jpg\" alt=\"Visual of a scene where distracted drivers and drunk drivers pose a risk to pedestrians, emphasizing the need for experienced Nashville pedestrian accident lawyers.\" width=\"500\" height=\"375\" srcset=\"https:\/\/mogylawtn.com\/wp-content\/uploads\/2025\/02\/Nashville-personal-injury-law-firm-pedestrian-cases.jpg 500w, https:\/\/mogylawtn.com\/wp-content\/uploads\/2025\/02\/Nashville-personal-injury-law-firm-pedestrian-cases-300x225.jpg 300w\" sizes=\"(max-width: 500px) 100vw, 500px\" \/><\/p>\n<h2>Sus derechos como peat\u00f3n en Nashville<\/h2>\n<p>Como peat\u00f3n en Nashville, usted tiene derechos espec\u00edficos dise\u00f1ados para protegerle en caso de accidente. La comprensi\u00f3n de estos derechos es crucial para navegar por las secuelas de un accidente de peatones.<\/p>\n<h3>Protecciones Legales para Victimas de Accidentes Peatonales<\/h3>\n<p>La ley de Tennessee proporciona protecciones robustas para peatones. Si usted es atropellado por un veh\u00edculo, tiene derecho a solicitar una indemnizaci\u00f3n por sus lesiones. Esto incluye gastos m\u00e9dicos, salarios perdidos y dolor y sufrimiento. La ley reconoce que los peatones son usuarios vulnerables de la v\u00eda p\u00fablica y hace hincapi\u00e9 en la responsabilidad de los conductores de cederles el paso, especialmente en los pasos de peatones se\u00f1alizados. Comprender los matices de los casos de accidentes de peatones es crucial para garantizar que las v\u00edctimas reciban la indemnizaci\u00f3n que merecen.<\/p>\n<h3>C\u00f3mo afecta la ley de Tennessee a su reclamaci\u00f3n por accidente de peat\u00f3n<\/h3>\n<p>Tennessee sigue una regla de negligencia comparativa modificada. Esto significa que si usted es encontrado parcialmente culpable del accidente, su compensaci\u00f3n puede ser reducida por su porcentaje de culpa. Sin embargo, si su culpa excede el 50%, es posible que se le proh\u00edba recuperar cualquier indemnizaci\u00f3n por da\u00f1os y perjuicios. Este marco jur\u00eddico subraya la importancia de reunir pruebas que respalden su reclamaci\u00f3n, incluidas las declaraciones de testigos y los informes policiales.<\/p>\n<p>Conocer sus derechos como peat\u00f3n puede ayudarle a tomar las medidas necesarias tras un accidente. Si usted ha sido lesionado, consultar con un abogado con experiencia en accidentes de peatones Nashville puede ayudarle a navegar por las complejidades de su caso y abogar por sus derechos de manera efectiva.<\/p>\n<h2>El proceso legal de las reclamaciones por accidentes de peatones<\/h2>\n<p>Navegar por el proceso legal tras un accidente de peat\u00f3n puede resultar abrumador. Sin embargo, comprender los pasos a seguir puede ayudarle a presentar su reclamaci\u00f3n de forma eficaz y a obtener la indemnizaci\u00f3n que se merece.<\/p>\n<h3>Presentar una reclamaci\u00f3n y obtener una indemnizaci\u00f3n justa<\/h3>\n<p>Al presentar una demanda por lesiones personales, es esencial reunir toda la documentaci\u00f3n pertinente. Esto incluye los registros m\u00e9dicos, informes policiales, y cualquier evidencia de la escena del accidente. Su abogado de accidentes de peatones Nashville le ayudar\u00e1 en la recopilaci\u00f3n de esta informaci\u00f3n para establecer los detalles de su caso. Una vez presentada su reclamaci\u00f3n, la compa\u00f1\u00eda de seguros la revisar\u00e1. Ellos pueden solicitar informaci\u00f3n adicional, por lo que tener un abogado con experiencia a su lado es crucial.<\/p>\n<h3>Llegar a un acuerdo o demandar: Tomar la decisi\u00f3n correcta<\/h3>\n<p>Despu\u00e9s de presentar su reclamaci\u00f3n, es posible que reciba una oferta de acuerdo de la compa\u00f1\u00eda de seguros. La presentaci\u00f3n de una demanda por lesiones personales puede ser necesaria si la oferta de liquidaci\u00f3n es insuficiente. Es importante evaluar esta oferta cuidadosamente. Muchas ofertas iniciales son inferiores a lo que usted puede tener derecho. Su abogado le ayudar\u00e1 a evaluar si el acuerdo es justo o si es necesario emprender m\u00e1s acciones legales. Si las negociaciones con la compa\u00f1\u00eda de seguros no dan resultados satisfactorios, presentar una demanda puede ser el siguiente paso.<\/p>\n<h3>Comprensi\u00f3n de los da\u00f1os econ\u00f3micos y no econ\u00f3micos<\/h3>\n<p>En las demandas por accidentes de peatones, usted puede reclamar tanto da\u00f1os econ\u00f3micos como no econ\u00f3micos. Los da\u00f1os econ\u00f3micos cubren p\u00e9rdidas tangibles, como facturas m\u00e9dicas, salarios perdidos y da\u00f1os materiales. Los da\u00f1os no econ\u00f3micos se refieren al impacto emocional y psicol\u00f3gico del accidente, incluyendo dolor y sufrimiento, angustia emocional y p\u00e9rdida del disfrute de la vida. Su equipo legal trabajar\u00e1 diligentemente para calcular estos da\u00f1os con precisi\u00f3n, asegur\u00e1ndose de que usted reciba una compensaci\u00f3n justa por todas sus p\u00e9rdidas.<\/p>\n<p>Mediante la comprensi\u00f3n de estos elementos clave del proceso legal, usted puede navegar mejor su demanda por accidente peatonal. Con el apoyo adecuado, usted puede centrarse en su recuperaci\u00f3n, mientras que la b\u00fasqueda de la compensaci\u00f3n que necesita para seguir adelante.<\/p>\n<p><img decoding=\"async\" class=\"alignnone wp-image-2654 size-full\" src=\"https:\/\/mogylawtn.com\/wp-content\/uploads\/2025\/02\/pedestrian-injuries-legal-help-nashville-attorneys.jpg\" alt=\"Nashville pedestrian accident lawyer, mom and child at crosswalk in danger of becoming victims of reckless drivers.\" width=\"500\" height=\"334\" srcset=\"https:\/\/mogylawtn.com\/wp-content\/uploads\/2025\/02\/pedestrian-injuries-legal-help-nashville-attorneys.jpg 500w, https:\/\/mogylawtn.com\/wp-content\/uploads\/2025\/02\/pedestrian-injuries-legal-help-nashville-attorneys-300x200.jpg 300w\" sizes=\"(max-width: 500px) 100vw, 500px\" \/><\/p>\n<h2>\u00bfPor qu\u00e9 elegir Mogy Law Firm como su abogado de accidentes de peatones en Nashville?<\/h2>\n<p>Cuando usted ha estado involucrado en un accidente de peat\u00f3n, la elecci\u00f3n de la representaci\u00f3n legal adecuada puede afectar significativamente el resultado de su caso. En Mogy Law Firm, entendemos los desaf\u00edos \u00fanicos que enfrentan las v\u00edctimas de accidentes de peatones. Nuestro equipo experimentado esta dedicado a abogar por sus derechos y asegurar que usted reciba la compensaci\u00f3n que se merece.<\/p>\n<h3>Nuestro enfoque centrado en el cliente<\/h3>\n<p>En Mogy Law Firm, nuestros clientes son lo primero. Damos prioridad a sus necesidades y preocupaciones durante todo el proceso legal. Desde su consulta inicial hasta la resoluci\u00f3n de su caso, estamos comprometidos a proporcionar una atenci\u00f3n personalizada. Nuestro equipo escucha atentamente su historia y desarrolla una estrategia adaptada a su situaci\u00f3n espec\u00edfica. Creemos en la construcci\u00f3n de relaciones s\u00f3lidas con nuestros clientes, asegurando que se sienta apoyado en cada paso del camino.<\/p>\n<h3>Tarifas competitivas y pr\u00e1cticas \u00e9ticas<\/h3>\n<p>Reconocemos que las preocupaciones financieras pueden ser una carga significativa despu\u00e9s de un accidente. Es por eso que ofrecemos tarifas competitivas, cobrando un honorario de abogado m\u00e1s bajo que muchas otras empresas. Nuestro compromiso con las pr\u00e1cticas \u00e9ticas significa que usted nunca pagar\u00e1 m\u00e1s de lo necesario. Trabajamos sobre una base de honorarios de contingencia, lo que significa que s\u00f3lo paga si recuperamos con \u00e9xito la compensaci\u00f3n para usted. Este enfoque le permite centrarse en su recuperaci\u00f3n sin el estr\u00e9s a\u00f1adido de los honorarios legales por adelantado.<\/p>\n<h4>Historial Probado en Casos de Lesiones Personales<\/h4>\n<p>Nuestra firma tiene un historial probado de \u00e9xito en casos de lesiones personales, incluyendo accidentes de peatones, gracias a nuestros abogados experimentados en lesiones personales. Hemos ayudado a numerosos clientes a obtener una compensaci\u00f3n justa por sus lesiones, facturas m\u00e9dicas, salarios perdidos y dolor y sufrimiento. Nuestro amplio conocimiento de la ley de Tennessee y la experiencia en la negociaci\u00f3n con las compa\u00f1\u00edas de seguros nos dan una ventaja en la lucha por sus derechos. Somos implacables en nuestra b\u00fasqueda de justicia para nuestros clientes, y nuestros resultados hablan por s\u00ed mismos.<\/p>\n<p>La elecci\u00f3n de Mogy Law Firm significa asociarse con un equipo dedicado que se apasiona por ayudar a las v\u00edctimas de accidentes de peatones. Perm\u00edtanos luchar por sus derechos y ayudarle a navegar las complejidades de su caso.<\/p>\n<h2>Como Mogy Law Firm Puede Ayudarle a Navegar su Reclamo de Accidente de Peat\u00f3n<\/h2>\n<p>En Mogy Law Firm, entendemos los desaf\u00edos que enfrentan las v\u00edctimas de accidentes de peatones. Nuestro equipo experimentado est\u00e1 dedicado a guiarle a trav\u00e9s de cada paso del proceso legal. He aqu\u00ed c\u00f3mo podemos ayudarle:<\/p>\n<h3>Orientaci\u00f3n Legal Personalizada<\/h3>\n<p>Reconocemos que cada caso de accidente peatonal es distinto. Nuestros abogados de accidentes de peatones en Nashville se toman el tiempo para entender sus circunstancias individuales. Proporcionamos asesoramiento personalizado, asegurando que usted conozca sus derechos y opciones.<\/p>\n<h3>Investigaci\u00f3n minuciosa<\/h3>\n<p>Nuestro equipo legal lleva a cabo una investigaci\u00f3n exhaustiva de su accidente. Reunimos pruebas cruciales, como informes policiales, declaraciones de testigos e historiales m\u00e9dicos. Este enfoque exhaustivo ayuda a establecer los hechos que rodean su caso y apoya su reclamo.<\/p>\n<h3>Comunicaci\u00f3n efectiva con las compa\u00f1\u00edas de seguros<\/h3>\n<p>Tratar con las compa\u00f1\u00edas de seguros puede ser abrumador, especialmente cuando se est\u00e1 recuperando de las lesiones. Nos encargamos de todas las comunicaciones con los ajustadores de seguros en su nombre. Nuestro objetivo es negociar un acuerdo justo que cubra sus facturas m\u00e9dicas, salarios perdidos y otros da\u00f1os.<\/p>\n<h3>Construyendo un Caso Fuerte<\/h3>\n<p>Los abogados de accidentes de peatones de Nashville se centran en demostrar la negligencia en su caso de accidente de peatones. Esto implica demostrar que el conductor involucrado no cumpli\u00f3 con su deber de cuidado. Ya se trate de la conducci\u00f3n distra\u00edda, pasando las luces rojas, o haciendo caso omiso de los pasos de peatones marcados, trabajamos con diligencia para establecer la responsabilidad.<\/p>\n<h3>Maximizar su compensaci\u00f3n<\/h3>\n<p>Nuestro equipo est\u00e1 comprometido a recuperar la compensaci\u00f3n que usted merece. Lesiones de peatones pueden ser graves, y es crucial para asegurar que todos los gastos m\u00e9dicos est\u00e1n cubiertos. Perseguimos da\u00f1os econ\u00f3micos tales como gastos m\u00e9dicos y salarios perdidos, as\u00ed como da\u00f1os no econ\u00f3micos por dolor y sufrimiento. Nuestra experiencia asegura que exploramos todas las v\u00edas para la recuperaci\u00f3n financiera.<\/p>\n<p>Al elegir Mogy Law Firm, usted gana un socio dedicado en su b\u00fasqueda de la justicia. Estamos aqu\u00ed para aliviar su carga y luchar por la compensaci\u00f3n que necesita para seguir adelante.<\/p>\n<h2>P\u00f3ngase en contacto con Mogy Law Firm para una consulta gratuita<\/h2>\n<p>Si usted o un ser querido ha estado involucrado en un accidente peatonal en Nashville, tomar el siguiente paso es crucial. En Mogy Law Firm, entendemos el costo emocional y financiero que estos incidentes pueden tener en las v\u00edctimas y sus familias. Es por eso que ofrecemos una consulta inicial gratuita para discutir su caso y explorar sus opciones legales.<\/p>\n<h3>Programe su consulta inicial gratuita<\/h3>\n<p>Durante su consulta, nuestro experimentado equipo escuchar\u00e1 su historia, evaluar\u00e1 los detalles de su situaci\u00f3n y le proporcionar\u00e1 la orientaci\u00f3n que necesita. Consultar a un abogado de lesiones personales le ayudar\u00e1 a entender sus derechos y el potencial para recuperar la compensaci\u00f3n por sus lesiones.<\/p>\n<p>Nuestros abogados de accidentes de peatones en Nashville se dedican a luchar por los derechos de las v\u00edctimas de accidentes. Damos prioridad a sus necesidades y trabajamos incansablemente para asegurar que usted reciba una compensaci\u00f3n justa por las facturas m\u00e9dicas, salarios perdidos, y la angustia emocional.<\/p>\n<p>No espere, p\u00f3ngase en contacto con nosotros hoy para obtener el apoyo que se merece <a href=\"tel:+14143345472\"><i class=\"fa fa-phone-alt\"><\/i>(414) 334-5472<\/a>.<\/p>\n","protected":false},"excerpt":{"rendered":"<p>La comprensi\u00f3n de los accidentes de peatones en Nashville, Tennessee \u00bfQu\u00e9 se considera un accidente de peatones? Los accidentes de peatones son incidentes graves que ocurren cuando una persona a pie es golpeada por un veh\u00edculo. En Nashville, TN, estos accidentes pueden tener consecuencias devastadoras, que conducen a lesiones graves o incluso mortales. La comprensi\u00f3n [&hellip;]<\/p>\n","protected":false},"author":22,"featured_media":3135,"parent":3324,"menu_order":0,"comment_status":"closed","ping_status":"closed","template":"","meta":{"_acf_changed":false,"anchor_text":"","footnotes":""},"class_list":["post-3339","page","type-page","status-publish","has-post-thumbnail","hentry"],"acf":[],"_links":{"self":[{"href":"https:\/\/mogylawtn.com\/es\/wp-json\/wp\/v2\/pages\/3339","targetHints":{"allow":["GET"]}}],"collection":[{"href":"https:\/\/mogylawtn.com\/es\/wp-json\/wp\/v2\/pages"}],"about":[{"href":"https:\/\/mogylawtn.com\/es\/wp-json\/wp\/v2\/types\/page"}],"author":[{"embeddable":true,"href":"https:\/\/mogylawtn.com\/es\/wp-json\/wp\/v2\/users\/22"}],"replies":[{"embeddable":true,"href":"https:\/\/mogylawtn.com\/es\/wp-json\/wp\/v2\/comments?post=3339"}],"version-history":[{"count":2,"href":"https:\/\/mogylawtn.com\/es\/wp-json\/wp\/v2\/pages\/3339\/revisions"}],"predecessor-version":[{"id":3341,"href":"https:\/\/mogylawtn.com\/es\/wp-json\/wp\/v2\/pages\/3339\/revisions\/3341"}],"up":[{"embeddable":true,"href":"https:\/\/mogylawtn.com\/es\/wp-json\/wp\/v2\/pages\/3324"}],"wp:featuredmedia":[{"embeddable":true,"href":"https:\/\/mogylawtn.com\/es\/wp-json\/wp\/v2\/media\/3135"}],"wp:attachment":[{"href":"https:\/\/mogylawtn.com\/es\/wp-json\/wp\/v2\/media?parent=3339"}],"curies":[{"name":"wp","href":"https:\/\/api.w.org\/{rel}","templated":true}]}}