{"id":3344,"date":"2026-01-12T08:17:59","date_gmt":"2026-01-12T14:17:59","guid":{"rendered":"https:\/\/mogylawtn.com\/nashville\/nashville-abogado-de-lesiones-personales\/"},"modified":"2025-03-19T01:39:25","modified_gmt":"2025-03-19T07:39:25","slug":"nashville-abogado-de-lesiones-personales","status":"publish","type":"page","link":"https:\/\/mogylawtn.com\/es\/nashville\/nashville-abogado-de-lesiones-personales\/","title":{"rendered":"Nashville Abogado de Lesiones Personales"},"content":{"rendered":"<h2>Abogados con Experiencia en Lesiones Personales en Nashville<\/h2>\n<p>En Mogy Law Firm, nos enorgullecemos de ser un equipo de abogados con experiencia en lesiones personales dedicados a servir a la Nashville, TN, y sus alrededores. Nuestra misi\u00f3n es proporcionar una representaci\u00f3n excepcional y ayudar a nuestros clientes a recibir los resultados que se merecen. Con a\u00f1os de experiencia combinada, nuestro equipo legal tiene un profundo conocimiento de las complejidades de los casos de lesiones personales y se ha comprometido a luchar por los derechos de las v\u00edctimas de lesiones.<\/p>\n<p>Nuestro equipo de abogados expertos en lesiones personales tiene un historial probado de entrega de resultados para nuestros clientes. Tenemos experiencia en el manejo de una amplia gama de casos de lesiones personales, incluyendo accidentes automovil\u00edsticos, negligencia m\u00e9dica y homicidio culposo. Nuestros abogados son miembros de la Asociaci\u00f3n de Abogados Litigantes de Tennessee y est\u00e1n comprometidos a mantenerse al d\u00eda sobre los \u00faltimos avances en la ley de lesiones personales.<\/p>\n<h2>\u00bfPor qu\u00e9 elegir un abogado de lesiones personales de Nashville?<\/h2>\n<p>La elecci\u00f3n de abogados de lesiones personales Nashville es una decisi\u00f3n cr\u00edtica que puede afectar significativamente el resultado de su caso. Estos expertos manejan una amplia gama de casos de lesiones personales, aportando conocimientos especializados y experiencia para asegurar que los clientes reciban una indemnizaci\u00f3n completa por las lesiones causadas por negligencia. El abogado adecuado no s\u00f3lo entender\u00e1 la ley, sino que tambi\u00e9n sabr\u00e1 c\u00f3mo navegar por las complejidades de las demandas por lesiones personales en Tennessee. He aqu\u00ed por qu\u00e9 tener un abogado experto en lesiones personales a su lado es esencial.<\/p>\n<h3>Comprender la importancia de la representaci\u00f3n legal<\/h3>\n<p>En primer lugar, un abogado de lesiones personales proporciona representaci\u00f3n legal vital. Esto significa que defienden sus derechos e intereses como v\u00edctima de lesiones que busca una indemnizaci\u00f3n por da\u00f1os y perjuicios despu\u00e9s de un accidente. Con su experiencia, pueden guiarle a trav\u00e9s del proceso, a menudo abrumador, de presentar una reclamaci\u00f3n. Se aseguran de que comprenda sus opciones y los posibles resultados de su caso.<\/p>\n<h3>Proteger sus derechos tras un accidente<\/h3>\n<p>Los abogados especializados en lesiones personales son expertos en negociar con las compa\u00f1\u00edas de seguros. Estas compa\u00f1\u00edas a menudo tratan de minimizar los pagos. Un abogado bien informado luchar\u00e1 contra estas t\u00e1cticas, trabajando diligentemente para asegurar la compensaci\u00f3n que usted merece. Ellos entienden los matices de las p\u00f3lizas de seguros y pueden aprovechar su experiencia para su ventaja.<\/p>\n<h3>Navegando por las complejidades de la ley de lesiones personales<\/h3>\n<p>La ley de lesiones personales puede ser compleja. Un abogado con experiencia puede ayudarle a navegar por estas complejidades, asegur\u00e1ndose de que no se pasa por alto ning\u00fan detalle. Reunir\u00e1n pruebas, entrevistar\u00e1n a testigos y evaluar\u00e1n los da\u00f1os para construir un caso s\u00f3lido en su nombre. Esta preparaci\u00f3n minuciosa es crucial para lograr un acuerdo favorable o veredicto.<\/p>\n<p>Nashville abogados de lesiones personales tienen un profundo conocimiento del impacto de la negligencia en la vida de las v\u00edctimas, que es esencial para manejar con eficacia diversos tipos de casos de lesiones personales.<\/p>\n<p>La elecci\u00f3n de un abogado de lesiones personales Nashville significa tener a alguien que est\u00e1 comprometido con su bienestar. Ellos dan prioridad a sus necesidades y trabajan incansablemente para asegurar que usted reciba una compensaci\u00f3n justa por las facturas m\u00e9dicas, salarios perdidos, y el dolor y el sufrimiento. Su dedicaci\u00f3n puede marcar la diferencia en su viaje de recuperaci\u00f3n.<\/p>\n<p>En resumen, la selecci\u00f3n de un abogado de lesiones personales Nashville le proporciona la experiencia, la defensa, y el apoyo necesario para navegar por las secuelas de un accidente. Con un profesional legal de su lado, usted puede centrarse en la curaci\u00f3n, mientras que manejar las complejidades de su caso.<\/p>\n<p><img fetchpriority=\"high\" decoding=\"async\" class=\"alignnone wp-image-2803 size-full\" src=\"https:\/\/mogylawtn.com\/wp-content\/uploads\/2025\/02\/Nashville-personal-injury-lawyer-auto-accidents.jpg\" alt=\"Nashville personal injury lawyer, Nashville car accident lawyer.\" width=\"500\" height=\"299\" srcset=\"https:\/\/mogylawtn.com\/wp-content\/uploads\/2025\/02\/Nashville-personal-injury-lawyer-auto-accidents.jpg 500w, https:\/\/mogylawtn.com\/wp-content\/uploads\/2025\/02\/Nashville-personal-injury-lawyer-auto-accidents-300x179.jpg 300w\" sizes=\"(max-width: 500px) 100vw, 500px\" \/><\/p>\n<h2>Tipos de casos de lesiones personales que manejamos<\/h2>\n<p>En Mogy Law Firm, estamos comprometidos a ayudar a las v\u00edctimas de diversos incidentes de lesiones personales. Entender los diferentes tipos de casos que manejamos puede ayudarle a determinar si somos la opci\u00f3n correcta para sus necesidades legales.<\/p>\n<h3>Accidentes de Autob\u00fas<\/h3>\n<p>Los accidentes de autob\u00fas pueden causar lesiones graves debido al tama\u00f1o y peso de estos veh\u00edculos. Nuestro equipo legal tiene experiencia en navegar las complejidades de estos casos, asegurando que las v\u00edctimas lesionadas reciban la compensaci\u00f3n que merecen.<\/p>\n<h3>Accidentes de coche<\/h3>\n<p>Los accidentes de coche se encuentran entre los casos m\u00e1s comunes de lesiones personales. Los abogados de accidentes de coche juegan un papel crucial en la prestaci\u00f3n de servicios jur\u00eddicos integrales para las v\u00edctimas de lesiones personales y sus familias. Tanto si se trata de un accidente leve como de una colisi\u00f3n grave, estamos aqu\u00ed para guiarle a trav\u00e9s del proceso legal y ayudarle a recuperar la compensaci\u00f3n econ\u00f3mica por sus gastos m\u00e9dicos y salarios perdidos.<\/p>\n<h3>Accidentes de moto<\/h3>\n<p>Los accidentes de motocicleta a menudo resultan en lesiones graves debido a la falta de protecci\u00f3n de los conductores. Entendemos los desaf\u00edos \u00fanicos que enfrentan las v\u00edctimas de accidentes de motocicleta y trabajamos diligentemente para abogar por sus derechos.<\/p>\n<h3>Accidentes de Camiones<\/h3>\n<p>Los accidentes de camiones pueden ser particularmente complejos debido a la participaci\u00f3n de m\u00faltiples partes, incluidas las empresas de transporte por carretera y los proveedores de seguros. Nuestros abogados expertos est\u00e1n preparados para asumir estos casos complicados, asegurando que usted reciba una compensaci\u00f3n justa.<\/p>\n<h3>Accidentes de peatones<\/h3>\n<p>Los peatones son vulnerables en las carreteras, y los accidentes de peatones pueden causar lesiones graves, costosos gastos m\u00e9dicos y largos tiempos de recuperaci\u00f3n. Nos dedicamos a luchar por los peatones lesionados, responsabilizando a los conductores negligentes y asegurando la compensaci\u00f3n que merecen.<\/p>\n<h3>Accidentes con veh\u00edculos compartidos<\/h3>\n<p>Con el aumento de los servicios de transporte compartido, los accidentes relacionados con Uber y Lyft se han vuelto m\u00e1s comunes. Nuestro equipo est\u00e1 bien versado en las leyes espec\u00edficas que rodean los accidentes de transporte compartido y puede ayudarle a navegar su demanda por lesiones personales.<\/p>\n<p>No importa el tipo de caso de lesiones personales, Mogy Law Firm se dedica a proporcionar representaci\u00f3n legal excepcional. Si usted o un ser querido ha sido lesionado, p\u00f3ngase en contacto con nosotros para una consulta gratuita. Estamos aqu\u00ed para ayudarle a entender sus opciones y buscar la compensaci\u00f3n que se merece.<\/p>\n<h2>Como Mogy Law Firm le puede ayudar<\/h2>\n<p>En Mogy Law Firm, entendemos que lidiar con las consecuencias de un accidente puede ser abrumador. Nuestro equipo est\u00e1 aqu\u00ed para proporcionarle el apoyo y la orientaci\u00f3n que necesita durante este tiempo dif\u00edcil. Nos centramos en la prestaci\u00f3n de servicios jur\u00eddicos personalizados adaptados a su situaci\u00f3n espec\u00edfica.<\/p>\n<h3>Nuestro enfoque centrado en el cliente para casos de lesiones personales<\/h3>\n<p>Damos prioridad a nuestros clientes por encima de todo. Desde el momento en que se ponga en contacto con nosotros, experimentar\u00e1 nuestro compromiso con su caso. Nuestro equipo legal escucha sus preocupaciones, responde a sus preguntas y le mantiene informado durante todo el proceso. Creemos que una fuerte comunicaci\u00f3n es la clave para una exitosa relaci\u00f3n abogado-cliente.<\/p>\n<h3>Evaluaci\u00f3n exhaustiva del caso<\/h3>\n<p>Nuestro proceso comienza con una evaluaci\u00f3n exhaustiva de su caso. Evaluamos los detalles que rodean su accidente, incluyendo registros m\u00e9dicos, informes policiales y declaraciones de testigos. Este enfoque integral nos permite construir una base s\u00f3lida para su demanda por lesiones personales.<\/p>\n<h3>Construcci\u00f3n de una s\u00f3lida demanda por lesiones personales<\/h3>\n<p>Con la informaci\u00f3n recopilada, trabajamos diligentemente para construir un caso convincente. Nuestros abogados expertos en lesiones personales re\u00fanen pruebas, identifican a las partes responsables y documentan sus da\u00f1os. Esta preparaci\u00f3n meticulosa es crucial para presentar un argumento fuerte a las compa\u00f1\u00edas de seguros o en la corte.<\/p>\n<h3>Negociaci\u00f3n con las compa\u00f1\u00edas de seguros<\/h3>\n<p>Las compa\u00f1\u00edas de seguros a menudo tratan de minimizar los pagos. Nuestros abogados experimentados est\u00e1n bien versados en t\u00e1cticas de negociaci\u00f3n. Defendemos ferozmente en su nombre, asegurando que usted reciba una compensaci\u00f3n justa por sus lesiones y p\u00e9rdidas. Entendemos las t\u00e1cticas utilizadas por los ajustadores de seguros y sabemos c\u00f3mo contrarrestarlas eficazmente.<\/p>\n<h3>En busca de la m\u00e1xima indemnizaci\u00f3n por sus lesiones<\/h3>\n<p>Nuestro objetivo final es ayudarle a recuperar la m\u00e1xima indemnizaci\u00f3n posible. Consideramos todos los aspectos de su situaci\u00f3n, incluyendo los gastos m\u00e9dicos, salarios perdidos, y el dolor y el sufrimiento. Luchamos incansablemente para asegurar el apoyo financiero que necesita para seguir adelante despu\u00e9s de su accidente.<\/p>\n<p>En resumen, Mogy Law Firm se dedica a proporcionar representaci\u00f3n legal excepcional para las v\u00edctimas de lesiones personales en Nashville. Nuestro experimentado equipo est\u00e1 listo para asumir las complejidades de su caso, lo que le permite centrarse en la curaci\u00f3n y la recuperaci\u00f3n. P\u00f3ngase en contacto con nosotros hoy para una consulta gratuita y perm\u00edtanos ayudarle a navegar este momento dif\u00edcil.<\/p>\n<h2>Conoce a Eric Mogy: Su dedicado Nashville Lesiones Personales Abogado<\/h2>\n<p>Cuando se trata de la ley de lesiones personales, tener un abogado experto puede hacer toda la diferencia. Eric Mogy, fundador de Mogy Law Firm, encarna un compromiso con la justicia y la atenci\u00f3n al cliente. Con a\u00f1os de experiencia, entiende las complejidades de los casos de lesiones personales y los desaf\u00edos que enfrentan las v\u00edctimas despu\u00e9s de un accidente.<\/p>\n<h3>El compromiso de Eric Mogy con la justicia y la atenci\u00f3n al cliente<\/h3>\n<p>Eric Mogy no es s\u00f3lo un abogado; es un apasionado defensor de las v\u00edctimas de lesiones personales. Su enfoque se basa en la empat\u00eda y un profundo conocimiento del panorama jur\u00eddico. Reconoce que cada caso es \u00fanico y requiere una estrategia a medida para lograr el mejor resultado. Eric se toma el tiempo para escuchar a sus clientes, asegur\u00e1ndose de que sus preocupaciones y necesidades son prioritarias durante todo el proceso legal.<\/p>\n<h3>Reconocimientos y premios: Un historial probado<\/h3>\n<p>Su dedicaci\u00f3n a la atenci\u00f3n al cliente no ha pasado desapercibida. Eric ha ganado numerosos reconocimientos y premios, lo que refleja su probada trayectoria en el campo. Ser seleccionado como Rising Star por Super Lawyers y m\u00e1s tarde ser nombrado a Super Lawyers es un testimonio de su arduo trabajo y experiencia. Estos elogios destacan su capacidad para navegar por cuestiones jur\u00eddicas complejas y asegurar resultados favorables para sus clientes.<\/p>\n<p>Los abogados de lesiones personales de Nashville son conocidos por su experiencia en el manejo de una amplia gama de casos de lesiones personales, incluyendo negligencia m\u00e9dica, y la colaboraci\u00f3n con expertos para asegurar que los clientes reciban una compensaci\u00f3n completa por las lesiones causadas por negligencia.<\/p>\n<p>La elecci\u00f3n de Eric Mogy como su abogado de lesiones personales de Nashville significa que usted se est\u00e1 asociando con un profesional legal que se compromete a luchar por sus derechos. Si usted est\u00e1 tratando con un accidente de coche, un accidente de cami\u00f3n, o cualquier otro caso de lesiones personales, Eric est\u00e1 preparado para estar a su lado y abogar por la compensaci\u00f3n que se merece. Con Mogy Law Firm, usted tiene un aliado dedicado en su esquina, listo para buscar la justicia en su nombre.<\/p>\n<h2>Casos de lesiones personales en Tennessee y Kentucky<\/h2>\n<p>Si usted ha sido lesionado en un accidente en Tennessee o Kentucky, es esencial entender las leyes y reglamentos espec\u00edficos del estado que se aplican a su caso. Nuestro equipo de abogados con experiencia en lesiones personales tiene un profundo conocimiento de las leyes, tanto en Tennessee y Kentucky y se compromete a ayudarle a navegar por las complejidades de la ley de lesiones personales.<\/p>\n<h3>Navegando Leyes y Regulaciones Espec\u00edficas del Estado<\/h3>\n<p>En Tennessee, las v\u00edctimas de lesiones personales tienen un a\u00f1o desde la fecha del accidente para presentar una reclamaci\u00f3n. En Kentucky, el plazo de prescripci\u00f3n tambi\u00e9n es de un a\u00f1o. Nuestro equipo legal est\u00e1 comprometido a ayudarle a entender las leyes y reglamentos que se aplican a su caso y asegurar que usted reciba una compensaci\u00f3n justa por sus lesiones. Tenemos experiencia en el manejo de casos de lesiones personales que involucran a compa\u00f1\u00edas de seguros y estamos comprometidos a luchar por los derechos de las v\u00edctimas de lesiones.<\/p>\n<h2>C\u00e1lculo de la indemnizaci\u00f3n por lesiones personales<\/h2>\n<p>Entender la compensaci\u00f3n potencial para su caso de lesiones personales es crucial. Despu\u00e9s de un accidente, las v\u00edctimas lesionadas a menudo se enfrentan a numerosos desaf\u00edos, incluyendo gastos m\u00e9dicos, salarios perdidos y angustia emocional. Saber c\u00f3mo se calcula la compensaci\u00f3n puede ayudarle a navegar por las secuelas de su lesi\u00f3n.<\/p>\n<p>Tener un experimentado Nashville, TN abogado de lesiones personales puede mejorar significativamente sus posibilidades de obtener la m\u00e1xima indemnizaci\u00f3n de las compa\u00f1\u00edas de seguros y las partes responsables.<\/p>\n<h3>Comprensi\u00f3n de los da\u00f1os econ\u00f3micos y no econ\u00f3micos<\/h3>\n<p>La compensaci\u00f3n se divide en dos categor\u00edas principales: da\u00f1os econ\u00f3micos y no econ\u00f3micos. Los da\u00f1os econ\u00f3micos cubren p\u00e9rdidas tangibles. Incluyen las facturas m\u00e9dicas, los costes de rehabilitaci\u00f3n y los salarios perdidos. Proporcionan una imagen clara del impacto financiero de su lesi\u00f3n.<\/p>\n<p>Por otro lado, los da\u00f1os no econ\u00f3micos se refieren a p\u00e9rdidas intangibles. Pueden incluir dolor y sufrimiento, angustia emocional y p\u00e9rdida del disfrute de la vida. Aunque estos da\u00f1os son m\u00e1s dif\u00edciles de cuantificar, son igualmente importantes para lograr una indemnizaci\u00f3n justa.<\/p>\n<h3>El papel de los peritos para reforzar su demanda<\/h3>\n<p>Los peritos pueden desempe\u00f1ar un papel vital en su caso. Aportan un testimonio cre\u00edble que puede corroborar sus alegaciones. Por ejemplo, los peritos m\u00e9dicos pueden detallar el alcance de sus lesiones y el tiempo previsto de recuperaci\u00f3n. Los peritos econ\u00f3micos pueden ayudar a calcular los futuros salarios perdidos y los gastos m\u00e9dicos. Sus puntos de vista pueden mejorar significativamente su caso, asegur\u00e1ndole la m\u00e1xima indemnizaci\u00f3n posible.<\/p>\n<p>En resumen, entender c\u00f3mo se calcula la indemnizaci\u00f3n y el papel de los peritos es esencial para las v\u00edctimas de lesiones personales. Le permite tomar decisiones con conocimiento de causa y refuerza su pretensi\u00f3n de recuperaci\u00f3n econ\u00f3mica.<\/p>\n<p><img decoding=\"async\" class=\"alignnone wp-image-2804 size-full\" src=\"https:\/\/mogylawtn.com\/wp-content\/uploads\/2025\/02\/recover-maximum-compensation-injury-victims-nashville.jpg\" alt=\"Nashville personal injury lawyer, personal injury lawyer in Nashville, personal injury claims and case evaluation Mogy Law Firm.\" width=\"500\" height=\"333\" srcset=\"https:\/\/mogylawtn.com\/wp-content\/uploads\/2025\/02\/recover-maximum-compensation-injury-victims-nashville.jpg 500w, https:\/\/mogylawtn.com\/wp-content\/uploads\/2025\/02\/recover-maximum-compensation-injury-victims-nashville-300x200.jpg 300w\" sizes=\"(max-width: 500px) 100vw, 500px\" \/><\/p>\n<h2>Qu\u00e9 esperar de su caso de lesiones personales<\/h2>\n<p>Cuando usted se compromete con Mogy Law Firm para su demanda por lesiones personales, usted puede anticipar un proceso estructurado y de apoyo. Desde el momento en que se ponga en contacto, nuestro equipo legal dedicado le guiar\u00e1 a trav\u00e9s de cada paso, asegur\u00e1ndose de que est\u00e9 informado y capacitado.<\/p>\n<h3>Consulta inicial y revisi\u00f3n gratuita del caso<\/h3>\n<p>Su viaje comienza con una consulta gratuita. Durante esta reuni\u00f3n, discutiremos los detalles de su accidente y lesiones. Esta es su oportunidad para compartir su historia, y vamos a escuchar con atenci\u00f3n. Nuestros abogados de lesiones personales evaluar\u00e1n los m\u00e9ritos de su caso, que le proporciona informaci\u00f3n sobre los posibles resultados y los pr\u00f3ximos pasos. Usted saldr\u00e1 de esta consulta con una comprensi\u00f3n m\u00e1s clara de sus opciones legales.<\/p>\n<h3>Navegando el Proceso Legal con Mogy Law Firm<\/h3>\n<p>Una vez que decida seguir adelante, vamos a empezar a construir su caso. Nuestro equipo reunir\u00e1 toda la documentaci\u00f3n necesaria, incluyendo registros m\u00e9dicos, informes policiales y declaraciones de testigos. Llevaremos a cabo una investigaci\u00f3n exhaustiva para establecer la responsabilidad y asegurar que usted tiene una demanda s\u00f3lida. A lo largo de este proceso, le mantendremos informado y responderemos a cualquier pregunta que pueda tener.<\/p>\n<p>A medida que su caso progresa, nuestros abogados expertos en lesiones personales negociar\u00e1n con las compa\u00f1\u00edas de seguros en su nombre. Entendemos las t\u00e1cticas que estas compa\u00f1\u00edas suelen utilizar para minimizar los pagos. Nuestro objetivo es asegurar la m\u00e1xima indemnizaci\u00f3n por sus lesiones, cubriendo los gastos m\u00e9dicos, salarios perdidos, y el dolor y el sufrimiento.<\/p>\n<p>En el caso de que no se pueda llegar a un acuerdo justo, estamos preparados para llevar su caso a los tribunales. Usted puede confiar en que nuestro experimentado equipo legal representar\u00e1 sus intereses vigorosamente, luchando por la compensaci\u00f3n que usted merece.<\/p>\n<p>Con Mogy Law Firm a su lado, usted puede concentrarse en su recuperaci\u00f3n mientras nosotros manejamos las complejidades de su caso de lesiones personales. Estamos comprometidos a proporcionarle el apoyo y la representaci\u00f3n que necesita durante este tiempo dif\u00edcil.<\/p>\n<h2>Preguntas frecuentes sobre casos de lesiones personales<\/h2>\n<h3>\u00bfCu\u00e1nto vale mi caso de lesiones personales?<\/h3>\n<p>Determinar el valor de su caso de lesiones personales puede ser complejo. Varios factores entran en juego, incluyendo los gastos m\u00e9dicos, salarios perdidos, y la gravedad de sus lesiones. Cada caso es \u00fanico, y la cantidad de compensaci\u00f3n que puede recibir puede variar significativamente. Nuestros abogados expertos en lesiones personales llevar\u00e1n a cabo una evaluaci\u00f3n exhaustiva de sus circunstancias para proporcionar una imagen m\u00e1s clara de lo que puede esperar.<\/p>\n<h3>\u00bfTendr\u00e9 que ir a juicio por mi demanda por lesiones en Nashville?<\/h3>\n<p>No todos los casos de lesiones personales terminan en los tribunales. Muchas reclamaciones se resuelven a trav\u00e9s de negociaciones con las compa\u00f1\u00edas de seguros. Sin embargo, si no se puede llegar a un acuerdo justo, nuestro experimentado equipo legal est\u00e1 preparado para llevar su caso a juicio. Le guiaremos a trav\u00e9s del proceso y le mantendremos informado en cada paso del camino.<\/p>\n<h3>\u00bfCu\u00e1nto tardar\u00e1 en resolverse mi caso de lesiones personales?<\/h3>\n<p>El plazo para resolver un caso de lesiones personales var\u00eda en funci\u00f3n de varios factores, incluyendo la complejidad de su caso y la voluntad de la compa\u00f1\u00eda de seguros para negociar. Algunos casos pueden resolverse en unos pocos meses, mientras que otros pueden tomar m\u00e1s tiempo. Nuestros abogados trabajar\u00e1n diligentemente para acelerar el proceso, mientras se asegura de que usted reciba la compensaci\u00f3n que se merece.<\/p>\n<h2>P\u00f3ngase en contacto con Mogy Law Firm hoy<\/h2>\n<p>Si usted ha sido lesionado en un accidente, no dude en ponerse en contacto. En Mogy Law Firm, entendemos los desaf\u00edos que enfrenta y estamos aqu\u00ed para proporcionarle el apoyo legal que necesita. Nuestro equipo experimentado est\u00e1 listo para ayudarle a navegar las complejidades de su demanda por lesiones personales.<\/p>\n<h3>Programe su consulta gratuita<\/h3>\n<p>Dar el primer paso es f\u00e1cil. P\u00f3ngase en contacto con nosotros para programar su consulta gratuita. Durante esta reuni\u00f3n, discutiremos los detalles de su caso y evaluaremos su situaci\u00f3n. Usted recibir\u00e1 informaci\u00f3n honesta y una comprensi\u00f3n clara de sus opciones para seguir adelante.<\/p>\n<h3>Comun\u00edquese con nuestro equipo legal para obtener apoyo<\/h3>\n<p>Nuestro equipo legal se dedica a proporcionar un servicio r\u00e1pido y sensible. Responderemos a sus preguntas y le guiaremos a trav\u00e9s del proceso. Recuerde, usted no tiene que enfrentar esto solo.<\/p>\n<p>Perm\u00edtanos ayudarle a recuperar la compensaci\u00f3n que merece <a href=\"tel:+14143345472\"><i class=\"fa fa-phone-alt\"><\/i>(414) 334-5472<\/a>.<\/p>\n","protected":false},"excerpt":{"rendered":"<p>Abogados con Experiencia en Lesiones Personales en Nashville En Mogy Law Firm, nos enorgullecemos de ser un equipo de abogados con experiencia en lesiones personales dedicados a servir a la Nashville, TN, y sus alrededores. Nuestra misi\u00f3n es proporcionar una representaci\u00f3n excepcional y ayudar a nuestros clientes a recibir los resultados que se merecen. Con [&hellip;]<\/p>\n","protected":false},"author":22,"featured_media":3196,"parent":3324,"menu_order":0,"comment_status":"closed","ping_status":"closed","template":"","meta":{"_acf_changed":false,"anchor_text":"","footnotes":""},"class_list":["post-3344","page","type-page","status-publish","has-post-thumbnail","hentry"],"acf":[],"_links":{"self":[{"href":"https:\/\/mogylawtn.com\/es\/wp-json\/wp\/v2\/pages\/3344","targetHints":{"allow":["GET"]}}],"collection":[{"href":"https:\/\/mogylawtn.com\/es\/wp-json\/wp\/v2\/pages"}],"about":[{"href":"https:\/\/mogylawtn.com\/es\/wp-json\/wp\/v2\/types\/page"}],"author":[{"embeddable":true,"href":"https:\/\/mogylawtn.com\/es\/wp-json\/wp\/v2\/users\/22"}],"replies":[{"embeddable":true,"href":"https:\/\/mogylawtn.com\/es\/wp-json\/wp\/v2\/comments?post=3344"}],"version-history":[{"count":2,"href":"https:\/\/mogylawtn.com\/es\/wp-json\/wp\/v2\/pages\/3344\/revisions"}],"predecessor-version":[{"id":3346,"href":"https:\/\/mogylawtn.com\/es\/wp-json\/wp\/v2\/pages\/3344\/revisions\/3346"}],"up":[{"embeddable":true,"href":"https:\/\/mogylawtn.com\/es\/wp-json\/wp\/v2\/pages\/3324"}],"wp:featuredmedia":[{"embeddable":true,"href":"https:\/\/mogylawtn.com\/es\/wp-json\/wp\/v2\/media\/3196"}],"wp:attachment":[{"href":"https:\/\/mogylawtn.com\/es\/wp-json\/wp\/v2\/media?parent=3344"}],"curies":[{"name":"wp","href":"https:\/\/api.w.org\/{rel}","templated":true}]}}