{"id":3347,"date":"2025-02-06T15:06:50","date_gmt":"2025-02-06T21:06:50","guid":{"rendered":"https:\/\/mogylawtn.com\/nashville\/nashville-rideshare-accidente-abogado\/"},"modified":"2025-03-19T01:49:02","modified_gmt":"2025-03-19T07:49:02","slug":"nashville-rideshare-accidente-abogado","status":"publish","type":"page","link":"https:\/\/mogylawtn.com\/es\/nashville\/nashville-rideshare-accidente-abogado\/","title":{"rendered":"Nashville Rideshare Accidente Abogado"},"content":{"rendered":"<h2>Entendiendo los Accidentes de Transporte Compartido en Nashville<\/h2>\n<p>Los accidentes de transporte compartido (tambi\u00e9n conocidos como accidentes de Uber y Lyft) se han vuelto cada vez m\u00e1s frecuentes en Nashville a medida que servicios como Uber y Lyft ganan popularidad. Con la comodidad de llamar a un viaje a trav\u00e9s de una aplicaci\u00f3n, muchos residentes y visitantes optan por estos servicios.<\/p>\n<p>Sin embargo, este aumento en los viajes compartidos tambi\u00e9n ha dado lugar a un mayor n\u00famero de accidentes de tr\u00e1fico con conductores de Uber y Lyft. La comprensi\u00f3n de la naturaleza de estos incidentes es crucial para cualquier persona involucrada y pone de relieve la necesidad de contar con abogados expertos en accidentes de transporte compartido en Nashville.<\/p>\n<p>T\u00edpicamente, los accidentes de viajes compartidos ocurren cuando un conductor est\u00e1 distra\u00eddo, exceso de velocidad, o conducir bajo la influencia. Los conductores de veh\u00edculos compartidos, como cualquier otro automovilista, pueden mostrar un comportamiento imprudente. Sin embargo, el aspecto \u00fanico de estos accidentes es la participaci\u00f3n de las empresas de transporte compartido, lo que complica la responsabilidad y las reclamaciones de seguros.<\/p>\n<p>En Nashville, el panorama jur\u00eddico que rodea a los accidentes de transporte compartido puede ser intrincado. Las v\u00edctimas de accidentes de transporte compartido a menudo se enfrentan a desaf\u00edos cuando buscan compensaci\u00f3n debido a las m\u00faltiples partes involucradas. Los conductores de veh\u00edculos Uber o Lyft no siempre pueden estar cubiertos por sus p\u00f3lizas de seguro de auto personales, lo que lleva a disputas sobre la responsabilidad. Esta complejidad puede hacer que sea dif\u00edcil para las v\u00edctimas navegar por sus derechos y buscar una compensaci\u00f3n justa.<\/p>\n<p>Cuando usted o un ser querido est\u00e1 involucrado en un accidente de viaje compartido, la comprensi\u00f3n de esta din\u00e1mica es esencial. Ayuda a conocer sus derechos y las posibles v\u00edas de compensaci\u00f3n. La contrataci\u00f3n de un abogado experto en lesiones personales puede proporcionar claridad y orientaci\u00f3n a trav\u00e9s del proceso legal.<\/p>\n<p><img fetchpriority=\"high\" decoding=\"async\" class=\"alignnone size-full wp-image-2832\" src=\"https:\/\/mogylawtn.com\/wp-content\/uploads\/2025\/02\/car-accident-aftermath-1.webp\" alt=\"A car accident that could be cleared up by a Nashville rideshare accident lawyer. \" width=\"600\" height=\"373\" srcset=\"https:\/\/mogylawtn.com\/wp-content\/uploads\/2025\/02\/car-accident-aftermath-1.webp 600w, https:\/\/mogylawtn.com\/wp-content\/uploads\/2025\/02\/car-accident-aftermath-1-300x187.webp 300w\" sizes=\"(max-width: 600px) 100vw, 600px\" \/><\/p>\n<h2>Responsabilidad en Nashville Rideshare Accidentes<\/h2>\n<h3>\u00bfQui\u00e9n es responsable en un accidente de Uber o Lyft?<\/h3>\n<p>Determinar la responsabilidad en un accidente de Uber o Lyft puede ser un reto. Varias partes pueden compartir la responsabilidad por el accidente de coche. Por lo general, el conductor de transporte compartido, la empresa de transporte compartido, o incluso otros conductores involucrados pueden ser culpables.<\/p>\n<p>Si el conductor de Uber o Lyft fue negligente, puede ser considerado responsable de los da\u00f1os. Esto incluye casos de conducci\u00f3n distra\u00edda, comportamiento imprudente, o conducir bajo la influencia. Sin embargo, las empresas de viajes compartidos como Uber y Lyft tambi\u00e9n tienen un seguro de responsabilidad civil que cubre a sus conductores mientras est\u00e1n de servicio. Esto puede complicar las cosas, especialmente cuando m\u00faltiples p\u00f3lizas de seguros est\u00e1n involucrados.<\/p>\n<p>En algunos casos, la empresa de transporte compartido puede ser responsable si el conductor estaba trabajando en el \u00e1mbito de su empleo cuando se produjo el accidente. Esto significa que si el conductor estaba transportando activamente a un pasajero o en ruta para recoger a alguien, la empresa podr\u00eda compartir la responsabilidad. Comprender estos matices es fundamental para obtener una indemnizaci\u00f3n justa.<\/p>\n<p><a href=\"https:\/\/mogylawtn.com\/wp-content\/uploads\/2025\/02\/rideshare-accident-lawyer-2.webp\"><img decoding=\"async\" class=\"alignnone size-full wp-image-2814\" src=\"https:\/\/mogylawtn.com\/wp-content\/uploads\/2025\/02\/rideshare-accident-lawyer-2.webp\" alt=\"The myths and facts of rideshare accidents in Nashville, TN\" width=\"600\" height=\"1000\" srcset=\"https:\/\/mogylawtn.com\/wp-content\/uploads\/2025\/02\/rideshare-accident-lawyer-2.webp 600w, https:\/\/mogylawtn.com\/wp-content\/uploads\/2025\/02\/rideshare-accident-lawyer-2-180x300.webp 180w\" sizes=\"(max-width: 600px) 100vw, 600px\" \/><\/a><\/p>\n<h3>Navegar por complejas p\u00f3lizas de seguros<\/h3>\n<p>Las p\u00f3lizas de seguros relacionadas con accidentes de transporte compartido pueden ser complejas. Tanto el seguro de autom\u00f3vil personal y la cobertura de seguro de viaje compartido entran en juego. Los conductores pueden pensar que su seguro personal les cubrir\u00e1 durante un viaje compartido, pero a menudo no es el caso. Las compa\u00f1\u00edas de viajes compartidos proporcionan cobertura de responsabilidad espec\u00edfica, pero var\u00eda en funci\u00f3n de si el conductor est\u00e1 transportando activamente a un pasajero o en espera de una solicitud de viaje.<\/p>\n<p>En Tennessee, se aplica la regla de negligencia comparativa modificada. Esto significa que si usted es encontrado parcialmente culpable del accidente, su compensaci\u00f3n puede ser reducida en funci\u00f3n de su porcentaje de culpa. Esto a\u00f1ade otra capa de complejidad a la hora de determinar la responsabilidad y la b\u00fasqueda de una reclamaci\u00f3n.<\/p>\n<p>Es esencial trabajar con un abogado de accidentes de Uber o Lyft que entienda estas pol\u00edticas. Ellos pueden ayudarle a navegar por las diversas coberturas de seguros e identificar todas las partes potencialmente responsables. Esta experiencia es crucial para maximizar sus posibilidades de obtener una compensaci\u00f3n justa por sus lesiones y da\u00f1os.<\/p>\n<h3>Lesiones y da\u00f1os en accidentes de transporte compartido<\/h3>\n<p>Los accidentes de transporte compartido pueden provocar una serie de lesiones graves. Las v\u00edctimas a menudo se enfrentan a dolor f\u00edsico y angustia emocional. Lesiones comunes incluyen:<\/p>\n<ul>\n<li><strong>Latigazo cervical<\/strong>: Esta lesi\u00f3n corporal se produce debido a los movimientos bruscos durante una colisi\u00f3n. Puede provocar molestias a largo plazo.<\/li>\n<li><strong>Conmociones cerebrales<\/strong>: Los traumatismos craneoencef\u00e1licos provocados por impactos pueden dar lugar a conmociones cerebrales. Los s\u00edntomas pueden incluir dolores de cabeza, mareos y dificultades cognitivas.<\/li>\n<li><strong>Huesos rotos<\/strong>: Las fracturas son frecuentes en los accidentes de coche compartido, afectan a la movilidad y requieren un tratamiento m\u00e9dico extenso.<\/li>\n<li><strong>Lesiones de tejidos blandos<\/strong>: Los esguinces y las distensiones en m\u00fasculos y ligamentos pueden causar un dolor importante y dificultar las actividades diarias.<\/li>\n<li><strong>Lesiones de espalda<\/strong>: Los da\u00f1os en la columna vertebral o en los nervios pueden provocar dolor cr\u00f3nico y una posible discapacidad a largo plazo.<\/li>\n<\/ul>\n<p>Las v\u00edctimas de accidentes en veh\u00edculos compartidos tambi\u00e9n pueden sufrir traumas emocionales. La ansiedad, la depresi\u00f3n y el trastorno de estr\u00e9s postraum\u00e1tico (TEPT) pueden surgir tras este tipo de incidentes.<\/p>\n<h3>Tipos de indemnizaci\u00f3n disponibles para las v\u00edctimas<\/h3>\n<p>Si ha sufrido lesiones en un accidente de veh\u00edculo compartido, puede tener derecho a varios tipos de indemnizaci\u00f3n. Estos pueden incluir:<\/p>\n<ul>\n<li><strong>Gastos m\u00e9dicos<\/strong>: Esto cubre los gastos de hospitalizaci\u00f3n, cirug\u00edas, rehabilitaci\u00f3n y tratamiento continuo de sus lesiones.<\/li>\n<li><strong>P\u00e9rdida de salario<\/strong>: Si tus lesiones te impiden trabajar, puedes solicitar una indemnizaci\u00f3n por los ingresos perdidos durante el periodo de recuperaci\u00f3n.<\/li>\n<li><strong>Dolor y sufrimiento<\/strong>: Indemnizaci\u00f3n por el dolor f\u00edsico y la angustia emocional causados por el accidente.<\/li>\n<li><strong>Da\u00f1os materiales<\/strong>: Si sus pertenencias personales resultaron da\u00f1adas en el accidente, es posible que pueda recuperar los costes de reparaci\u00f3n o sustituci\u00f3n.<\/li>\n<li><strong>Gastos m\u00e9dicos futuros<\/strong>: Si sus lesiones requieren cuidados a largo plazo, puede reclamar una indemnizaci\u00f3n por las necesidades m\u00e9dicas futuras previstas.<\/li>\n<\/ul>\n<p>Comprender los tipos de lesiones y da\u00f1os asociados a los accidentes de coche compartido es crucial. Ayuda a las v\u00edctimas a buscar la compensaci\u00f3n que merecen y apoya su camino hacia la recuperaci\u00f3n.<\/p>\n<h2>El proceso legal para las reclamaciones de accidentes de Rideshare<\/h2>\n<h3>Presentar una demanda por accidente de transporte compartido en Nashville<\/h3>\n<p>Cuando usted est\u00e1 involucrado en un accidente de transporte compartido, el proceso legal puede parecer abrumador. Sin embargo, la comprensi\u00f3n de los pasos a seguir puede hacer que sea m\u00e1s manejable. En primer lugar, reunir toda la informaci\u00f3n necesaria sobre el accidente, incluidos los detalles del conductor rideshare, declaraciones de testigos, y los informes policiales. Esta informaci\u00f3n es vital para construir su caso.<\/p>\n<p>A continuaci\u00f3n, deber\u00e1 notificar el incidente a la empresa de transporte compartido, como Uber o Lyft. A menudo tienen procedimientos espec\u00edficos para informar de accidentes. Documente todo lo relacionado con su accidente, incluidos los historiales m\u00e9dicos, los recibos de gastos y los registros de salarios perdidos. Esta documentaci\u00f3n respaldar\u00e1 tu solicitud de indemnizaci\u00f3n.<\/p>\n<p>Una vez reunidas las pruebas, puedes presentar una reclamaci\u00f3n por da\u00f1os personales. Esto suele hacerse a trav\u00e9s de la p\u00f3liza de seguros de la empresa de transporte compartido. Tenga en cuenta que los accidentes de transporte compartido a menudo implican m\u00faltiples p\u00f3lizas de seguros, lo que puede complicar el proceso. Es importante entender c\u00f3mo estas pol\u00edticas interact\u00faan y qu\u00e9 cobertura se aplica a su situaci\u00f3n.<\/p>\n<p>Una vez que su reclamo por accidente de Uber o Lyft se presenta, la compa\u00f1\u00eda de seguros revisar\u00e1 los detalles. Pueden llevar a cabo su propia investigaci\u00f3n, que podr\u00eda incluir hablar con testigos o examinar la escena del accidente. Est\u00e9 preparado para posibles negociaciones, ya que las compa\u00f1\u00edas de seguros pueden ofrecer inicialmente un acuerdo m\u00e1s bajo de lo que se merece.<\/p>\n<p>Si el proceso de negociaci\u00f3n no conduce a una soluci\u00f3n satisfactoria, es posible que tenga que considerar la presentaci\u00f3n de una demanda. Este paso requiere una cuidadosa consideraci\u00f3n, ya que el litigio puede ser largo y complejo. Contar con un abogado con experiencia en accidentes de transporte compartido en Nashville puede ser muy valioso durante esta fase, ya que puede guiarle a trav\u00e9s de las complejidades legales y defender sus derechos.<\/p>\n<p>La comprensi\u00f3n del proceso legal es crucial para asegurar una compensaci\u00f3n justa despu\u00e9s de un accidente de transporte compartido. Con el apoyo adecuado, puede navegar este viaje con confianza.<\/p>\n<p><img decoding=\"async\" class=\"alignnone size-full wp-image-2833\" src=\"https:\/\/mogylawtn.com\/wp-content\/uploads\/2025\/02\/car-accident-damage.webp\" alt=\"A car that has been in a head-on accident.\" width=\"600\" height=\"400\" srcset=\"https:\/\/mogylawtn.com\/wp-content\/uploads\/2025\/02\/car-accident-damage.webp 600w, https:\/\/mogylawtn.com\/wp-content\/uploads\/2025\/02\/car-accident-damage-300x200.webp 300w\" sizes=\"(max-width: 600px) 100vw, 600px\" \/><\/p>\n<h2>\u00bfPor qu\u00e9 elegir Mogy Law TN para su caso de accidente de transporte compartido?<\/h2>\n<p>Cuando usted ha estado involucrado en un accidente de transporte compartido en Nashville, la elecci\u00f3n de la representaci\u00f3n legal adecuada es crucial. Mogy Law TN se destaca por varias razones.<\/p>\n<h3>Nuestro enfoque centrado en el cliente y atenci\u00f3n personalizada<\/h3>\n<p>En Mogy Law TN, damos prioridad a las necesidades de nuestros clientes. Entendemos que cada caso es diferente y requiere un enfoque personalizado. Desde su primera consulta, nos tomamos el tiempo para escuchar su historia y entender sus circunstancias \u00fanicas. Nuestro equipo se dedica a guiarle a trav\u00e9s del proceso legal con claridad y compasi\u00f3n. Usted no es s\u00f3lo un n\u00famero de caso; usted es un cliente valioso. Nos esforzamos por mantenerlo informado en cada paso, asegurando que se sienta apoyado y facultado para tomar decisiones sobre su caso.<\/p>\n<h3>Base de honorarios contingentes<\/h3>\n<p>Creemos que la representaci\u00f3n legal de calidad debe ser accesible. Nuestra firma s\u00f3lo le cobra honorarios si su caso tiene \u00e9xito, un sistema llamado una base de honorarios de contingencia. Esto significa que usted puede centrarse en su recuperaci\u00f3n sin la carga a\u00f1adida de fuertes honorarios legales. Nuestro compromiso con precios justos refleja nuestra dedicaci\u00f3n a nuestros clientes y su bienestar financiero.<\/p>\n<p>Elegir Mogy Law TN significa elegir un bufete de abogados de lesiones personales que pone sus necesidades en primer lugar. Estamos listos para luchar por sus derechos y asegurar la compensaci\u00f3n que se merece despu\u00e9s de un accidente de viaje compartido.<\/p>\n<h2>Conoce a Eric Mogy: Su Dedicado Nashville Rideshare Accidente Abogado<\/h2>\n<p>Eric Mogy es un experimentado abogado de accidentes de transporte compartido de Nashville con un enfoque en la ley de lesiones personales. Desde el lanzamiento de Mogy Law TN, ha construido una reputaci\u00f3n de proporcionar representaci\u00f3n legal excepcional a los clientes involucrados en accidentes de Uber y Lyft. La amplia experiencia de Eric en la navegaci\u00f3n de las complejidades de las reclamaciones de accidentes de transporte compartido lo distingue en el campo.<\/p>\n<p>Su reconocimiento como Rising Star por Super Lawyers de 2015 a 2023 habla de su compromiso y eficacia en la defensa de las v\u00edctimas. Los clientes conf\u00edan en Eric porque prioriza sus necesidades y lucha incansablemente por una compensaci\u00f3n justa. \u00c9l entiende los desaf\u00edos que enfrentan las v\u00edctimas de accidentes de Uber o Lyft, desde gastos m\u00e9dicos hasta salarios perdidos.<\/p>\n<p>El enfoque de Eric implica una preparaci\u00f3n minuciosa para cada caso. \u00c9l cree que estar bien preparado es crucial para lograr los mejores resultados para sus clientes. Su defensa agresiva asegura que las compa\u00f1\u00edas de seguros tomen en serio las reclamaciones, presionando por la compensaci\u00f3n que los clientes merecen.<\/p>\n<p>La elecci\u00f3n de Eric Mogy significa tener un aliado dedicado en su esquina. \u00c9l aprovecha sus conocimientos y experiencia para navegar por las complejidades de la ley de lesiones personales. Con Eric, los clientes pueden sentirse seguros de que tienen un socio comprometido trabajando diligentemente en su nombre.<\/p>\n<h2>Preguntas frecuentes sobre accidentes de transporte compartido<\/h2>\n<h3>\u00bfQu\u00e9 hacer inmediatamente despu\u00e9s de un accidente de Uber o Lyft?<\/h3>\n<p>Si usted se encuentra en un accidente de Uber o Lyft, sus acciones inmediatas son cruciales. En primer lugar, dar prioridad a su seguridad y la seguridad de los dem\u00e1s. Mu\u00e9vase a un lugar seguro si es posible y llame al 911 para reportar el accidente. Busque atenci\u00f3n m\u00e9dica para cualquier lesi\u00f3n, incluso si parecen menores al principio. Documenta el lugar del accidente haciendo fotos de los veh\u00edculos, el entorno y las lesiones visibles. Recopila informaci\u00f3n de contacto de todas las partes implicadas, incluidos conductores, pasajeros y testigos. Por \u00faltimo, notifique a su compa\u00f1\u00eda de seguros sobre el incidente y considere ponerse en contacto con un abogado de accidentes de viaje compartido en Nashville para discutir sus opciones legales.<\/p>\n<h3>\u00bfCu\u00e1nto tiempo tengo para presentar una reclamaci\u00f3n en Tennessee?<\/h3>\n<p>En Tennessee, el estatuto de limitaciones para presentar una demanda por lesiones personales, incluyendo accidentes de viajes compartidos, es t\u00edpicamente un a\u00f1o a partir de la fecha del accidente. Esto significa que usted tiene un tiempo limitado para solicitar una indemnizaci\u00f3n por sus lesiones y da\u00f1os.<\/p>\n<p>Sin embargo, es aconsejable actuar cuanto antes. La recopilaci\u00f3n de pruebas y la construcci\u00f3n de un caso fuerte lleva tiempo. Consultar con un abogado de accidentes de Lyft o Uber de Nashville puede ayudarle a entender sus derechos y asegurarse de que cumple con todos los plazos necesarios para su reclamaci\u00f3n.<\/p>\n<h2>P\u00f3ngase en contacto con Mogy Law TN para una consulta gratuita<\/h2>\n<p>Si usted ha estado involucrado en un accidente de viaje compartido en Nashville, llegar a Mogy Law TN es un paso crucial. Nuestro equipo dedicado est\u00e1 listo para ayudarle a entender sus opciones legales. Ofrecemos una consulta sin compromiso, lo que le permite discutir su caso de accidente de Uber o Lyft sin ning\u00fan tipo de presi\u00f3n. Durante esta reuni\u00f3n, vamos a revisar los detalles de su situaci\u00f3n, responder a sus preguntas, y esbozar los pr\u00f3ximos pasos.<\/p>\n<p>Nuestro compromiso es proporcionar atenci\u00f3n personalizada y apoyo durante todo el proceso. Creemos que cada cliente merece un enfoque adaptado a sus circunstancias \u00fanicas. Si usted est\u00e1 tratando con lesiones, reclamaciones de seguros, o preguntas acerca de la indemnizaci\u00f3n, estamos aqu\u00ed para ayudar.<\/p>\n<p>P\u00f3ngase en contacto con nosotros hoy para programar su consulta gratuita. Nuestra oficina de Nashville est\u00e1 convenientemente situado, y estamos dispuestos a reunirse con usted en su primera conveniencia. No dude en dar el primer paso hacia la obtenci\u00f3n de la compensaci\u00f3n que se merece.<\/p>\n","protected":false},"excerpt":{"rendered":"<p>Entendiendo los Accidentes de Transporte Compartido en Nashville Los accidentes de transporte compartido (tambi\u00e9n conocidos como accidentes de Uber y Lyft) se han vuelto cada vez m\u00e1s frecuentes en Nashville a medida que servicios como Uber y Lyft ganan popularidad. Con la comodidad de llamar a un viaje a trav\u00e9s de una aplicaci\u00f3n, muchos residentes [&hellip;]<\/p>\n","protected":false},"author":22,"featured_media":0,"parent":3324,"menu_order":0,"comment_status":"closed","ping_status":"closed","template":"","meta":{"_acf_changed":false,"anchor_text":"","footnotes":""},"class_list":["post-3347","page","type-page","status-publish","hentry"],"acf":[],"_links":{"self":[{"href":"https:\/\/mogylawtn.com\/es\/wp-json\/wp\/v2\/pages\/3347","targetHints":{"allow":["GET"]}}],"collection":[{"href":"https:\/\/mogylawtn.com\/es\/wp-json\/wp\/v2\/pages"}],"about":[{"href":"https:\/\/mogylawtn.com\/es\/wp-json\/wp\/v2\/types\/page"}],"author":[{"embeddable":true,"href":"https:\/\/mogylawtn.com\/es\/wp-json\/wp\/v2\/users\/22"}],"replies":[{"embeddable":true,"href":"https:\/\/mogylawtn.com\/es\/wp-json\/wp\/v2\/comments?post=3347"}],"version-history":[{"count":2,"href":"https:\/\/mogylawtn.com\/es\/wp-json\/wp\/v2\/pages\/3347\/revisions"}],"predecessor-version":[{"id":3349,"href":"https:\/\/mogylawtn.com\/es\/wp-json\/wp\/v2\/pages\/3347\/revisions\/3349"}],"up":[{"embeddable":true,"href":"https:\/\/mogylawtn.com\/es\/wp-json\/wp\/v2\/pages\/3324"}],"wp:attachment":[{"href":"https:\/\/mogylawtn.com\/es\/wp-json\/wp\/v2\/media?parent=3347"}],"curies":[{"name":"wp","href":"https:\/\/api.w.org\/{rel}","templated":true}]}}